{"id":1050,"date":"2022-04-03T20:39:35","date_gmt":"2022-04-03T17:39:35","guid":{"rendered":"https:\/\/herbetwa-com-842510.hostingersite.com\/product\/thyme\/"},"modified":"2022-05-17T17:31:45","modified_gmt":"2022-05-17T14:31:45","slug":"kekik","status":"publish","type":"product","link":"https:\/\/www.herbetwa.net\/tr\/product\/kekik\/","title":{"rendered":"Kekik"},"content":{"rendered":"\n<p>Kekik binlerce y\u0131ld\u0131r kullan\u0131lan bir bitkidir. \u0130lk olarak M\u0131s\u0131r&#8217;da yeti\u015ftirilmi\u015f ve daha sonra Akdeniz b\u00f6lgesine yay\u0131lm\u0131\u015ft\u0131r. Bug\u00fcn kekik, Avrupa, Asya, Afrika, Kuzey Amerika, G\u00fcney Amerika ve Avustralya dahil olmak \u00fczere d\u00fcnyan\u0131n bir\u00e7ok farkl\u0131 yerinde bulunabilir.<\/p>\n\n\n\n<p>Bu \u00fcr\u00fcn genellikle yemek pi\u015firmede ve f\u0131r\u0131nlamada kullan\u0131l\u0131r. Genellikle \u00e7orbalara, yahnilere, soslara, et yemeklerine, bal\u0131k yemeklerine, sebzelere, salatalara, ekmeklere ve tatl\u0131lara eklenir.B\u00fct\u00fcn \u0131zgara etlerde (bonfile, biftek vs.) de\u011fi\u015fik hamur yemekleri \u00f6zellikle pizzalarda kullan\u0131l\u0131r. Spagetti soslar\u0131nda, mantar yemeklerinde, domates salatalar\u0131nda ve de domates, biber, kabak, patl\u0131can dolmalar\u0131n\u0131n i\u00e7ine bir miktar konulabilir. Sebze \u00e7orbalar\u0131na, etlere, av eti, bal\u0131k, baz\u0131 dolmal\u0131k har\u00e7lara, domatesli soslara, her t\u00fcr sebzeye, yumurtal\u0131 yemeklere kat\u0131l\u0131r.<\/p>\n\n\n\n<p>Ayr\u0131ca \u00e7aylarda, parf\u00fcmlerde, gargaralarda, di\u015f macunlar\u0131nda ve \u015fampuanlarda aroma verici olarak kullan\u0131l\u0131r.\u00c7ay gibi demlendirilip y\u00fcz\u00fcn alt k\u0131s\u0131mlar\u0131na kompres olarak uygulan\u0131r. Bu\u011fu banyosu yap\u0131l\u0131rsa g\u00f6zenekleri a\u00e7ar, ya\u011f bezlerinin faaliyetini dengeler.<\/p>\n\n\n\n<p>Kekik, timol, karvakrol, linalool ve geraniol gibi bir\u00e7ok faydal\u0131 bile\u015fik i\u00e7erir. Bu bile\u015fiklerin antibakteriyel, antifungal, antioksidan, anti-inflamatuar ve antiviral \u00f6zelliklere sahip oldu\u011fu bilinmektedir.<\/p>\n\n\n\n<p><strong>Ad\u0131: <\/strong>Kekik, Bah\u00e7e keki\u011fi, adi kekik<\/p>\n\n\n\n<p><strong>Botanik<\/strong> <strong>Ad\u0131: <\/strong>Thymus vulgaris L. Ailesi: Lamiaceae (Nane)<\/p>\n\n\n\n<p><strong>Form: <\/strong>Yapraklar\u0131 Kurutulmu\u015f, 33,5 mm Ovulmu\u015f ve Temizlenmi\u015f, \u00d6\u011f\u00fct\u00fclm\u00fc\u015f, \u0130nce Kesilmi\u015f<\/p>\n\n\n\n<p><strong>Kalite: <\/strong>1. S\u0131n\u0131f<\/p>\n\n\n\n<p><strong>Paket: <\/strong>25 kg PP veya Ka\u011f\u0131t Torbalar<\/p>\n\n\n\n<p><strong>Bulunabilirlik: <\/strong>Mahsul Nisan ay\u0131nda ba\u015flar ve t\u00fcm y\u0131l stokta mevcuttur.<\/p>\n\n\n\n<p><strong>Bu \u00fcr\u00fcn farkl\u0131 bi\u00e7imlerde de mevcuttur:<\/strong><\/p>\n\n\n\n<p>\u00b7 33,5 mm ovalanm\u0131\u015f ve temizlenmi\u015f<\/p>\n\n\n\n<p>\u00b7 Toz<\/p>\n\n\n\n<p>\u00b7 \u0130nce kesilmi\u015f<\/p>\n\n\n\n<p><strong>Men\u015fei:&nbsp;<\/strong>M\u0131s\u0131r<\/p>\n\n\n\n<figure class=\"wp-block-gallery has-nested-images columns-default is-cropped wp-block-gallery-1 is-layout-flex wp-block-gallery-is-layout-flex\">\n<figure class=\"wp-block-image size-large\"><img loading=\"lazy\" decoding=\"async\" width=\"1024\" height=\"1024\" data-id=\"826\" src=\"https:\/\/herbetwa-com-842510.hostingersite.com\/wp-content\/uploads\/2022\/04\/24-ince-dogranmis-kekik-misir-herb-etwa-1024x1024.jpg\" alt=\"\u0130thal Ince kekik Toptan Sat\u0131\u015f yap\u0131l\u0131r.\" class=\"wp-image-826\" srcset=\"https:\/\/www.herbetwa.net\/wp-content\/uploads\/2022\/04\/24-ince-dogranmis-kekik-misir-herb-etwa.jpg 1024w, https:\/\/www.herbetwa.net\/wp-content\/uploads\/2022\/04\/24-ince-dogranmis-kekik-misir-herb-etwa-300x300.jpg 300w, https:\/\/www.herbetwa.net\/wp-content\/uploads\/2022\/04\/24-ince-dogranmis-kekik-misir-herb-etwa-150x150.jpg 150w, https:\/\/www.herbetwa.net\/wp-content\/uploads\/2022\/04\/24-ince-dogranmis-kekik-misir-herb-etwa-768x768.jpg 768w\" sizes=\"auto, (max-width: 1024px) 100vw, 1024px\" \/><\/figure>\n\n\n\n<figure class=\"wp-block-image size-large\"><img loading=\"lazy\" decoding=\"async\" width=\"1024\" height=\"1024\" data-id=\"829\" src=\"https:\/\/herbetwa-com-842510.hostingersite.com\/wp-content\/uploads\/2022\/04\/24-toz-kekik-misir-herb-etwa-1024x1024.jpg\" alt=\"\u0130thal toz kekik Toptan Sat\u0131\u015f yap\u0131l\u0131r.\" class=\"wp-image-829\" srcset=\"https:\/\/www.herbetwa.net\/wp-content\/uploads\/2022\/04\/24-toz-kekik-misir-herb-etwa.jpg 1024w, https:\/\/www.herbetwa.net\/wp-content\/uploads\/2022\/04\/24-toz-kekik-misir-herb-etwa-300x300.jpg 300w, https:\/\/www.herbetwa.net\/wp-content\/uploads\/2022\/04\/24-toz-kekik-misir-herb-etwa-150x150.jpg 150w, https:\/\/www.herbetwa.net\/wp-content\/uploads\/2022\/04\/24-toz-kekik-misir-herb-etwa-768x768.jpg 768w\" sizes=\"auto, (max-width: 1024px) 100vw, 1024px\" \/><\/figure>\n<\/figure>\n","protected":false},"featured_media":826,"template":"","product-category":[25],"class_list":["post-1050","product","type-product","status-publish","has-post-thumbnail","hentry","product-category-baharatlar"],"yoast_head":"<!-- This site is optimized with the Yoast SEO Premium plugin v16.6 (Yoast SEO v27.4) - https:\/\/yoast.com\/product\/yoast-seo-premium-wordpress\/ -->\n<title>Toptan Kekik tedarik\u00e7isi | Herb Etwa | Hemen fiyat teklifi<\/title>\n<meta name=\"description\" content=\"G\u00fcvenilir Kekik tedarik\u00e7isi. Bitkisel \u00fcr\u00fcn toptanc\u0131lar\u0131 ve distrib\u00fct\u00f6rleri i\u00e7in toplu sat\u0131\u015flar yap\u0131l\u0131r. \u00dcCRETS\u0130Z NUMUNE TALEB\u0130\" \/>\n<meta name=\"robots\" content=\"index, follow, max-snippet:-1, max-image-preview:large, max-video-preview:-1\" \/>\n<link rel=\"canonical\" href=\"https:\/\/www.herbetwa.net\/tr\/product\/kekik\/\" \/>\n<meta property=\"og:locale\" content=\"tr_TR\" \/>\n<meta property=\"og:type\" content=\"article\" \/>\n<meta property=\"og:title\" content=\"Kekik\" \/>\n<meta property=\"og:description\" content=\"G\u00fcvenilir Kekik tedarik\u00e7isi. Bitkisel \u00fcr\u00fcn toptanc\u0131lar\u0131 ve distrib\u00fct\u00f6rleri i\u00e7in toplu sat\u0131\u015flar yap\u0131l\u0131r. \u00dcCRETS\u0130Z NUMUNE TALEB\u0130\" \/>\n<meta property=\"og:url\" content=\"https:\/\/www.herbetwa.net\/tr\/product\/kekik\/\" \/>\n<meta property=\"og:site_name\" content=\"Herb Etwa\" \/>\n<meta property=\"article:modified_time\" content=\"2022-05-17T14:31:45+00:00\" \/>\n<meta property=\"og:image\" content=\"https:\/\/www.herbetwa.net\/wp-content\/uploads\/2022\/04\/24-ince-dogranmis-kekik-misir-herb-etwa.jpg\" \/>\n\t<meta property=\"og:image:width\" content=\"1024\" \/>\n\t<meta property=\"og:image:height\" content=\"1024\" \/>\n\t<meta property=\"og:image:type\" content=\"image\/jpeg\" \/>\n<meta name=\"twitter:card\" content=\"summary_large_image\" \/>\n<meta name=\"twitter:label1\" content=\"Tahmini okuma s\u00fcresi\" \/>\n\t<meta name=\"twitter:data1\" content=\"2 dakika\" \/>\n<script type=\"application\/ld+json\" class=\"yoast-schema-graph\">{\"@context\":\"https:\\\/\\\/schema.org\",\"@graph\":[{\"@type\":\"WebPage\",\"@id\":\"https:\\\/\\\/www.herbetwa.net\\\/tr\\\/product\\\/kekik\\\/\",\"url\":\"https:\\\/\\\/www.herbetwa.net\\\/tr\\\/product\\\/kekik\\\/\",\"name\":\"Toptan Kekik tedarik\u00e7isi | Herb Etwa | Hemen fiyat teklifi\",\"isPartOf\":{\"@id\":\"https:\\\/\\\/herbetwa.net\\\/en\\\/#website\"},\"primaryImageOfPage\":{\"@id\":\"https:\\\/\\\/www.herbetwa.net\\\/tr\\\/product\\\/kekik\\\/#primaryimage\"},\"image\":{\"@id\":\"https:\\\/\\\/www.herbetwa.net\\\/tr\\\/product\\\/kekik\\\/#primaryimage\"},\"thumbnailUrl\":\"https:\\\/\\\/www.herbetwa.net\\\/wp-content\\\/uploads\\\/2022\\\/04\\\/24-ince-dogranmis-kekik-misir-herb-etwa.jpg\",\"datePublished\":\"2022-04-03T17:39:35+00:00\",\"dateModified\":\"2022-05-17T14:31:45+00:00\",\"description\":\"G\u00fcvenilir Kekik tedarik\u00e7isi. Bitkisel \u00fcr\u00fcn toptanc\u0131lar\u0131 ve distrib\u00fct\u00f6rleri i\u00e7in toplu sat\u0131\u015flar yap\u0131l\u0131r. \u00dcCRETS\u0130Z NUMUNE TALEB\u0130\",\"breadcrumb\":{\"@id\":\"https:\\\/\\\/www.herbetwa.net\\\/tr\\\/product\\\/kekik\\\/#breadcrumb\"},\"inLanguage\":\"tr\",\"potentialAction\":[{\"@type\":\"ReadAction\",\"target\":[\"https:\\\/\\\/www.herbetwa.net\\\/tr\\\/product\\\/kekik\\\/\"]}]},{\"@type\":\"ImageObject\",\"inLanguage\":\"tr\",\"@id\":\"https:\\\/\\\/www.herbetwa.net\\\/tr\\\/product\\\/kekik\\\/#primaryimage\",\"url\":\"https:\\\/\\\/www.herbetwa.net\\\/wp-content\\\/uploads\\\/2022\\\/04\\\/24-ince-dogranmis-kekik-misir-herb-etwa.jpg\",\"contentUrl\":\"https:\\\/\\\/www.herbetwa.net\\\/wp-content\\\/uploads\\\/2022\\\/04\\\/24-ince-dogranmis-kekik-misir-herb-etwa.jpg\",\"width\":1024,\"height\":1024,\"caption\":\"\u0130thal Ince kekik Toptan Sat\u0131\u015f yap\u0131l\u0131r.\"},{\"@type\":\"BreadcrumbList\",\"@id\":\"https:\\\/\\\/www.herbetwa.net\\\/tr\\\/product\\\/kekik\\\/#breadcrumb\",\"itemListElement\":[{\"@type\":\"ListItem\",\"position\":1,\"name\":\"Home\",\"item\":\"https:\\\/\\\/www.herbetwa.net\\\/tr\\\/\"},{\"@type\":\"ListItem\",\"position\":2,\"name\":\"Kekik\"}]},{\"@type\":\"WebSite\",\"@id\":\"https:\\\/\\\/herbetwa.net\\\/en\\\/#website\",\"url\":\"https:\\\/\\\/herbetwa.net\\\/en\\\/\",\"name\":\"Herb Etwa\",\"description\":\"Herbs and Spices From Middle East\",\"potentialAction\":[{\"@type\":\"SearchAction\",\"target\":{\"@type\":\"EntryPoint\",\"urlTemplate\":\"https:\\\/\\\/herbetwa.net\\\/en\\\/?s={search_term_string}\"},\"query-input\":{\"@type\":\"PropertyValueSpecification\",\"valueRequired\":true,\"valueName\":\"search_term_string\"}}],\"inLanguage\":\"tr\"}]}<\/script>\n<!-- \/ Yoast SEO Premium plugin. -->","yoast_head_json":{"title":"Toptan Kekik tedarik\u00e7isi | Herb Etwa | Hemen fiyat teklifi","description":"G\u00fcvenilir Kekik tedarik\u00e7isi. Bitkisel \u00fcr\u00fcn toptanc\u0131lar\u0131 ve distrib\u00fct\u00f6rleri i\u00e7in toplu sat\u0131\u015flar yap\u0131l\u0131r. \u00dcCRETS\u0130Z NUMUNE TALEB\u0130","robots":{"index":"index","follow":"follow","max-snippet":"max-snippet:-1","max-image-preview":"max-image-preview:large","max-video-preview":"max-video-preview:-1"},"canonical":"https:\/\/www.herbetwa.net\/tr\/product\/kekik\/","og_locale":"tr_TR","og_type":"article","og_title":"Kekik","og_description":"G\u00fcvenilir Kekik tedarik\u00e7isi. Bitkisel \u00fcr\u00fcn toptanc\u0131lar\u0131 ve distrib\u00fct\u00f6rleri i\u00e7in toplu sat\u0131\u015flar yap\u0131l\u0131r. \u00dcCRETS\u0130Z NUMUNE TALEB\u0130","og_url":"https:\/\/www.herbetwa.net\/tr\/product\/kekik\/","og_site_name":"Herb Etwa","article_modified_time":"2022-05-17T14:31:45+00:00","og_image":[{"width":1024,"height":1024,"url":"https:\/\/www.herbetwa.net\/wp-content\/uploads\/2022\/04\/24-ince-dogranmis-kekik-misir-herb-etwa.jpg","type":"image\/jpeg"}],"twitter_card":"summary_large_image","twitter_misc":{"Tahmini okuma s\u00fcresi":"2 dakika"},"schema":{"@context":"https:\/\/schema.org","@graph":[{"@type":"WebPage","@id":"https:\/\/www.herbetwa.net\/tr\/product\/kekik\/","url":"https:\/\/www.herbetwa.net\/tr\/product\/kekik\/","name":"Toptan Kekik tedarik\u00e7isi | Herb Etwa | Hemen fiyat teklifi","isPartOf":{"@id":"https:\/\/herbetwa.net\/en\/#website"},"primaryImageOfPage":{"@id":"https:\/\/www.herbetwa.net\/tr\/product\/kekik\/#primaryimage"},"image":{"@id":"https:\/\/www.herbetwa.net\/tr\/product\/kekik\/#primaryimage"},"thumbnailUrl":"https:\/\/www.herbetwa.net\/wp-content\/uploads\/2022\/04\/24-ince-dogranmis-kekik-misir-herb-etwa.jpg","datePublished":"2022-04-03T17:39:35+00:00","dateModified":"2022-05-17T14:31:45+00:00","description":"G\u00fcvenilir Kekik tedarik\u00e7isi. Bitkisel \u00fcr\u00fcn toptanc\u0131lar\u0131 ve distrib\u00fct\u00f6rleri i\u00e7in toplu sat\u0131\u015flar yap\u0131l\u0131r. \u00dcCRETS\u0130Z NUMUNE TALEB\u0130","breadcrumb":{"@id":"https:\/\/www.herbetwa.net\/tr\/product\/kekik\/#breadcrumb"},"inLanguage":"tr","potentialAction":[{"@type":"ReadAction","target":["https:\/\/www.herbetwa.net\/tr\/product\/kekik\/"]}]},{"@type":"ImageObject","inLanguage":"tr","@id":"https:\/\/www.herbetwa.net\/tr\/product\/kekik\/#primaryimage","url":"https:\/\/www.herbetwa.net\/wp-content\/uploads\/2022\/04\/24-ince-dogranmis-kekik-misir-herb-etwa.jpg","contentUrl":"https:\/\/www.herbetwa.net\/wp-content\/uploads\/2022\/04\/24-ince-dogranmis-kekik-misir-herb-etwa.jpg","width":1024,"height":1024,"caption":"\u0130thal Ince kekik Toptan Sat\u0131\u015f yap\u0131l\u0131r."},{"@type":"BreadcrumbList","@id":"https:\/\/www.herbetwa.net\/tr\/product\/kekik\/#breadcrumb","itemListElement":[{"@type":"ListItem","position":1,"name":"Home","item":"https:\/\/www.herbetwa.net\/tr\/"},{"@type":"ListItem","position":2,"name":"Kekik"}]},{"@type":"WebSite","@id":"https:\/\/herbetwa.net\/en\/#website","url":"https:\/\/herbetwa.net\/en\/","name":"Herb Etwa","description":"Herbs and Spices From Middle East","potentialAction":[{"@type":"SearchAction","target":{"@type":"EntryPoint","urlTemplate":"https:\/\/herbetwa.net\/en\/?s={search_term_string}"},"query-input":{"@type":"PropertyValueSpecification","valueRequired":true,"valueName":"search_term_string"}}],"inLanguage":"tr"}]}},"_links":{"self":[{"href":"https:\/\/www.herbetwa.net\/tr\/wp-json\/wp\/v2\/product\/1050","targetHints":{"allow":["GET"]}}],"collection":[{"href":"https:\/\/www.herbetwa.net\/tr\/wp-json\/wp\/v2\/product"}],"about":[{"href":"https:\/\/www.herbetwa.net\/tr\/wp-json\/wp\/v2\/types\/product"}],"wp:featuredmedia":[{"embeddable":true,"href":"https:\/\/www.herbetwa.net\/tr\/wp-json\/wp\/v2\/media\/826"}],"wp:attachment":[{"href":"https:\/\/www.herbetwa.net\/tr\/wp-json\/wp\/v2\/media?parent=1050"}],"wp:term":[{"taxonomy":"product-category","embeddable":true,"href":"https:\/\/www.herbetwa.net\/tr\/wp-json\/wp\/v2\/product-category?post=1050"}],"curies":[{"name":"wp","href":"https:\/\/api.w.org\/{rel}","templated":true}]}}