{"id":1040,"date":"2022-04-03T20:37:10","date_gmt":"2022-04-03T17:37:10","guid":{"rendered":"https:\/\/herbetwa-com-842510.hostingersite.com\/product\/oregano-leaves\/"},"modified":"2022-05-20T16:00:10","modified_gmt":"2022-05-20T13:00:10","slug":"kekikotu-yapragi","status":"publish","type":"product","link":"https:\/\/www.herbetwa.net\/tr\/product\/kekikotu-yapragi\/","title":{"rendered":"Kekikotu Yapra\u011f\u0131"},"content":{"rendered":"\n<p>Kekik  bitkisi y\u00fczy\u0131llard\u0131r solunum rahats\u0131zl\u0131klar\u0131n\u0131, enfeksiyonlar\u0131 ve sindirim problemlerini tedavi etmek i\u00e7in kullan\u0131lm\u0131\u015ft\u0131r. Karvakrol, timol ve gama-terpinen gibi bir\u00e7ok faydal\u0131 bile\u015fik i\u00e7erir. Bu bile\u015fikler, zararl\u0131 bakterilerin yay\u0131lmas\u0131n\u0131 \u00f6nlemeye yard\u0131mc\u0131 olan g\u00fc\u00e7l\u00fc anti-bakteriyel \u00f6zelliklere sahiptir.<\/p>\n\n\n\n<p>Akci\u011fer, bron\u015f, mide ve ba\u011f\u0131rsaklar keki\u011fin ba\u015fl\u0131ca kullan\u0131m alanlar\u0131d\u0131r. Alerjik ka\u015f\u0131nt\u0131larda, genel v\u00fccut a\u011fr\u0131lar\u0131nda, cilt sa\u011fl\u0131\u011f\u0131 ve bak\u0131m\u0131nda, nezle ve so\u011fuk alg\u0131nl\u0131\u011f\u0131nda, tansiyon ve kan \u015fekeri problemlerinde de kullan\u0131l\u0131r.<\/p>\n\n\n\n<p>Sebze \u00e7orbalar\u0131nda, et yemeklerinde, bal\u0131k etinde, dolma har\u00e7lar\u0131nda, domatesli soslarda, her t\u00fcrl\u00fc sebzede, yumurtal\u0131 yemeklerde, tur\u015fu, peynir ve mantar yemeklerinde kullan\u0131l\u0131r.<\/p>\n\n\n\n<p><strong>Ad\u0131: <\/strong>Kekik Yapraklar\u0131<\/p>\n\n\n\n<p><strong>Botanik<\/strong> <strong>Ad\u0131: <\/strong>Origanum vulgare<\/p>\n\n\n\n<p><strong>Form: <\/strong>Ezilmi\u015f yapraklar<\/p>\n\n\n\n<p><strong>Kalite: <\/strong>1. s\u0131n\u0131f&nbsp;&nbsp;<\/p>\n\n\n\n<p><strong>Paket: <\/strong>10 Kg ve 20 KG Ka\u011f\u0131t ve PP torbalar&nbsp;<\/p>\n\n\n\n<p><strong>Bulunabilirlik: <\/strong>Mahsul t\u00fcm y\u0131l boyunca mevcuttur.<\/p>\n\n\n\n<p><strong>Bu \u00fcr\u00fcn farkl\u0131 bi\u00e7imlerde de mevcuttur:<\/strong><\/p>\n\n\n\n<p>\u00b7 Toz<\/p>\n\n\n\n<p><strong>Men\u015fei:&nbsp;<\/strong>M\u0131s\u0131r<\/p>\n\n\n\n<figure class=\"wp-block-image size-large\"><img loading=\"lazy\" decoding=\"async\" width=\"1024\" height=\"1024\" src=\"https:\/\/herbetwa-com-842510.hostingersite.com\/wp-content\/uploads\/2022\/04\/22-kekik-otu-yapragi-misir-herb-etwa-1024x1024.jpg\" alt=\"\u0130thal kekik yapra\u011f\u0131 Toptan Sat\u0131\u015f yap\u0131l\u0131r\" class=\"wp-image-820\" srcset=\"https:\/\/www.herbetwa.net\/wp-content\/uploads\/2022\/04\/22-kekik-otu-yapragi-misir-herb-etwa.jpg 1024w, https:\/\/www.herbetwa.net\/wp-content\/uploads\/2022\/04\/22-kekik-otu-yapragi-misir-herb-etwa-300x300.jpg 300w, https:\/\/www.herbetwa.net\/wp-content\/uploads\/2022\/04\/22-kekik-otu-yapragi-misir-herb-etwa-150x150.jpg 150w, https:\/\/www.herbetwa.net\/wp-content\/uploads\/2022\/04\/22-kekik-otu-yapragi-misir-herb-etwa-768x768.jpg 768w\" sizes=\"auto, (max-width: 1024px) 100vw, 1024px\" \/><\/figure>\n","protected":false},"featured_media":820,"template":"","product-category":[25],"class_list":["post-1040","product","type-product","status-publish","has-post-thumbnail","hentry","product-category-baharatlar"],"yoast_head":"<!-- This site is optimized with the Yoast SEO Premium plugin v16.6 (Yoast SEO v27.4) - https:\/\/yoast.com\/product\/yoast-seo-premium-wordpress\/ -->\n<title>Toptan kekikotu yapra\u011f\u0131 tedarik\u00e7isi |Herb Etwa| Hemen fiyat teklifi<\/title>\n<meta name=\"description\" content=\"Kekik otu yapra\u011f\u0131n\u0131n g\u00fcvenilir tedarik\u00e7isi. Bitkisel \u00fcr\u00fcn toptanc\u0131lar\u0131 ve distrib\u00fct\u00f6rleri i\u00e7in toplu sat\u0131\u015flar yap\u0131l\u0131r. \u00dcCRETS\u0130Z NUMUNE TALEB\u0130\" \/>\n<meta name=\"robots\" content=\"index, follow, max-snippet:-1, max-image-preview:large, max-video-preview:-1\" \/>\n<link rel=\"canonical\" href=\"https:\/\/www.herbetwa.net\/tr\/product\/kekikotu-yapragi\/\" \/>\n<meta property=\"og:locale\" content=\"tr_TR\" \/>\n<meta property=\"og:type\" content=\"article\" \/>\n<meta property=\"og:title\" content=\"Kekikotu Yapra\u011f\u0131\" \/>\n<meta property=\"og:description\" content=\"Kekik otu yapra\u011f\u0131n\u0131n g\u00fcvenilir tedarik\u00e7isi. Bitkisel \u00fcr\u00fcn toptanc\u0131lar\u0131 ve distrib\u00fct\u00f6rleri i\u00e7in toplu sat\u0131\u015flar yap\u0131l\u0131r. \u00dcCRETS\u0130Z NUMUNE TALEB\u0130\" \/>\n<meta property=\"og:url\" content=\"https:\/\/www.herbetwa.net\/tr\/product\/kekikotu-yapragi\/\" \/>\n<meta property=\"og:site_name\" content=\"Herb Etwa\" \/>\n<meta property=\"article:modified_time\" content=\"2022-05-20T13:00:10+00:00\" \/>\n<meta property=\"og:image\" content=\"https:\/\/www.herbetwa.net\/wp-content\/uploads\/2022\/04\/22-kekik-otu-yapragi-misir-herb-etwa.jpg\" \/>\n\t<meta property=\"og:image:width\" content=\"1024\" \/>\n\t<meta property=\"og:image:height\" content=\"1024\" \/>\n\t<meta property=\"og:image:type\" content=\"image\/jpeg\" \/>\n<meta name=\"twitter:card\" content=\"summary_large_image\" \/>\n<meta name=\"twitter:label1\" content=\"Tahmini okuma s\u00fcresi\" \/>\n\t<meta name=\"twitter:data1\" content=\"1 dakika\" \/>\n<script type=\"application\/ld+json\" class=\"yoast-schema-graph\">{\"@context\":\"https:\\\/\\\/schema.org\",\"@graph\":[{\"@type\":\"WebPage\",\"@id\":\"https:\\\/\\\/www.herbetwa.net\\\/tr\\\/product\\\/kekikotu-yapragi\\\/\",\"url\":\"https:\\\/\\\/www.herbetwa.net\\\/tr\\\/product\\\/kekikotu-yapragi\\\/\",\"name\":\"Toptan kekikotu yapra\u011f\u0131 tedarik\u00e7isi |Herb Etwa| Hemen fiyat teklifi\",\"isPartOf\":{\"@id\":\"https:\\\/\\\/herbetwa.net\\\/en\\\/#website\"},\"primaryImageOfPage\":{\"@id\":\"https:\\\/\\\/www.herbetwa.net\\\/tr\\\/product\\\/kekikotu-yapragi\\\/#primaryimage\"},\"image\":{\"@id\":\"https:\\\/\\\/www.herbetwa.net\\\/tr\\\/product\\\/kekikotu-yapragi\\\/#primaryimage\"},\"thumbnailUrl\":\"https:\\\/\\\/www.herbetwa.net\\\/wp-content\\\/uploads\\\/2022\\\/04\\\/22-kekik-otu-yapragi-misir-herb-etwa.jpg\",\"datePublished\":\"2022-04-03T17:37:10+00:00\",\"dateModified\":\"2022-05-20T13:00:10+00:00\",\"description\":\"Kekik otu yapra\u011f\u0131n\u0131n g\u00fcvenilir tedarik\u00e7isi. Bitkisel \u00fcr\u00fcn toptanc\u0131lar\u0131 ve distrib\u00fct\u00f6rleri i\u00e7in toplu sat\u0131\u015flar yap\u0131l\u0131r. \u00dcCRETS\u0130Z NUMUNE TALEB\u0130\",\"breadcrumb\":{\"@id\":\"https:\\\/\\\/www.herbetwa.net\\\/tr\\\/product\\\/kekikotu-yapragi\\\/#breadcrumb\"},\"inLanguage\":\"tr\",\"potentialAction\":[{\"@type\":\"ReadAction\",\"target\":[\"https:\\\/\\\/www.herbetwa.net\\\/tr\\\/product\\\/kekikotu-yapragi\\\/\"]}]},{\"@type\":\"ImageObject\",\"inLanguage\":\"tr\",\"@id\":\"https:\\\/\\\/www.herbetwa.net\\\/tr\\\/product\\\/kekikotu-yapragi\\\/#primaryimage\",\"url\":\"https:\\\/\\\/www.herbetwa.net\\\/wp-content\\\/uploads\\\/2022\\\/04\\\/22-kekik-otu-yapragi-misir-herb-etwa.jpg\",\"contentUrl\":\"https:\\\/\\\/www.herbetwa.net\\\/wp-content\\\/uploads\\\/2022\\\/04\\\/22-kekik-otu-yapragi-misir-herb-etwa.jpg\",\"width\":1024,\"height\":1024,\"caption\":\"\u0130thal kekik yapra\u011f\u0131 Toptan Sat\u0131\u015f yap\u0131l\u0131r\"},{\"@type\":\"BreadcrumbList\",\"@id\":\"https:\\\/\\\/www.herbetwa.net\\\/tr\\\/product\\\/kekikotu-yapragi\\\/#breadcrumb\",\"itemListElement\":[{\"@type\":\"ListItem\",\"position\":1,\"name\":\"Home\",\"item\":\"https:\\\/\\\/www.herbetwa.net\\\/tr\\\/\"},{\"@type\":\"ListItem\",\"position\":2,\"name\":\"Kekikotu Yapra\u011f\u0131\"}]},{\"@type\":\"WebSite\",\"@id\":\"https:\\\/\\\/herbetwa.net\\\/en\\\/#website\",\"url\":\"https:\\\/\\\/herbetwa.net\\\/en\\\/\",\"name\":\"Herb Etwa\",\"description\":\"Herbs and Spices From Middle East\",\"potentialAction\":[{\"@type\":\"SearchAction\",\"target\":{\"@type\":\"EntryPoint\",\"urlTemplate\":\"https:\\\/\\\/herbetwa.net\\\/en\\\/?s={search_term_string}\"},\"query-input\":{\"@type\":\"PropertyValueSpecification\",\"valueRequired\":true,\"valueName\":\"search_term_string\"}}],\"inLanguage\":\"tr\"}]}<\/script>\n<!-- \/ Yoast SEO Premium plugin. -->","yoast_head_json":{"title":"Toptan kekikotu yapra\u011f\u0131 tedarik\u00e7isi |Herb Etwa| Hemen fiyat teklifi","description":"Kekik otu yapra\u011f\u0131n\u0131n g\u00fcvenilir tedarik\u00e7isi. Bitkisel \u00fcr\u00fcn toptanc\u0131lar\u0131 ve distrib\u00fct\u00f6rleri i\u00e7in toplu sat\u0131\u015flar yap\u0131l\u0131r. \u00dcCRETS\u0130Z NUMUNE TALEB\u0130","robots":{"index":"index","follow":"follow","max-snippet":"max-snippet:-1","max-image-preview":"max-image-preview:large","max-video-preview":"max-video-preview:-1"},"canonical":"https:\/\/www.herbetwa.net\/tr\/product\/kekikotu-yapragi\/","og_locale":"tr_TR","og_type":"article","og_title":"Kekikotu Yapra\u011f\u0131","og_description":"Kekik otu yapra\u011f\u0131n\u0131n g\u00fcvenilir tedarik\u00e7isi. Bitkisel \u00fcr\u00fcn toptanc\u0131lar\u0131 ve distrib\u00fct\u00f6rleri i\u00e7in toplu sat\u0131\u015flar yap\u0131l\u0131r. \u00dcCRETS\u0130Z NUMUNE TALEB\u0130","og_url":"https:\/\/www.herbetwa.net\/tr\/product\/kekikotu-yapragi\/","og_site_name":"Herb Etwa","article_modified_time":"2022-05-20T13:00:10+00:00","og_image":[{"width":1024,"height":1024,"url":"https:\/\/www.herbetwa.net\/wp-content\/uploads\/2022\/04\/22-kekik-otu-yapragi-misir-herb-etwa.jpg","type":"image\/jpeg"}],"twitter_card":"summary_large_image","twitter_misc":{"Tahmini okuma s\u00fcresi":"1 dakika"},"schema":{"@context":"https:\/\/schema.org","@graph":[{"@type":"WebPage","@id":"https:\/\/www.herbetwa.net\/tr\/product\/kekikotu-yapragi\/","url":"https:\/\/www.herbetwa.net\/tr\/product\/kekikotu-yapragi\/","name":"Toptan kekikotu yapra\u011f\u0131 tedarik\u00e7isi |Herb Etwa| Hemen fiyat teklifi","isPartOf":{"@id":"https:\/\/herbetwa.net\/en\/#website"},"primaryImageOfPage":{"@id":"https:\/\/www.herbetwa.net\/tr\/product\/kekikotu-yapragi\/#primaryimage"},"image":{"@id":"https:\/\/www.herbetwa.net\/tr\/product\/kekikotu-yapragi\/#primaryimage"},"thumbnailUrl":"https:\/\/www.herbetwa.net\/wp-content\/uploads\/2022\/04\/22-kekik-otu-yapragi-misir-herb-etwa.jpg","datePublished":"2022-04-03T17:37:10+00:00","dateModified":"2022-05-20T13:00:10+00:00","description":"Kekik otu yapra\u011f\u0131n\u0131n g\u00fcvenilir tedarik\u00e7isi. Bitkisel \u00fcr\u00fcn toptanc\u0131lar\u0131 ve distrib\u00fct\u00f6rleri i\u00e7in toplu sat\u0131\u015flar yap\u0131l\u0131r. \u00dcCRETS\u0130Z NUMUNE TALEB\u0130","breadcrumb":{"@id":"https:\/\/www.herbetwa.net\/tr\/product\/kekikotu-yapragi\/#breadcrumb"},"inLanguage":"tr","potentialAction":[{"@type":"ReadAction","target":["https:\/\/www.herbetwa.net\/tr\/product\/kekikotu-yapragi\/"]}]},{"@type":"ImageObject","inLanguage":"tr","@id":"https:\/\/www.herbetwa.net\/tr\/product\/kekikotu-yapragi\/#primaryimage","url":"https:\/\/www.herbetwa.net\/wp-content\/uploads\/2022\/04\/22-kekik-otu-yapragi-misir-herb-etwa.jpg","contentUrl":"https:\/\/www.herbetwa.net\/wp-content\/uploads\/2022\/04\/22-kekik-otu-yapragi-misir-herb-etwa.jpg","width":1024,"height":1024,"caption":"\u0130thal kekik yapra\u011f\u0131 Toptan Sat\u0131\u015f yap\u0131l\u0131r"},{"@type":"BreadcrumbList","@id":"https:\/\/www.herbetwa.net\/tr\/product\/kekikotu-yapragi\/#breadcrumb","itemListElement":[{"@type":"ListItem","position":1,"name":"Home","item":"https:\/\/www.herbetwa.net\/tr\/"},{"@type":"ListItem","position":2,"name":"Kekikotu Yapra\u011f\u0131"}]},{"@type":"WebSite","@id":"https:\/\/herbetwa.net\/en\/#website","url":"https:\/\/herbetwa.net\/en\/","name":"Herb Etwa","description":"Herbs and Spices From Middle East","potentialAction":[{"@type":"SearchAction","target":{"@type":"EntryPoint","urlTemplate":"https:\/\/herbetwa.net\/en\/?s={search_term_string}"},"query-input":{"@type":"PropertyValueSpecification","valueRequired":true,"valueName":"search_term_string"}}],"inLanguage":"tr"}]}},"_links":{"self":[{"href":"https:\/\/www.herbetwa.net\/tr\/wp-json\/wp\/v2\/product\/1040","targetHints":{"allow":["GET"]}}],"collection":[{"href":"https:\/\/www.herbetwa.net\/tr\/wp-json\/wp\/v2\/product"}],"about":[{"href":"https:\/\/www.herbetwa.net\/tr\/wp-json\/wp\/v2\/types\/product"}],"wp:featuredmedia":[{"embeddable":true,"href":"https:\/\/www.herbetwa.net\/tr\/wp-json\/wp\/v2\/media\/820"}],"wp:attachment":[{"href":"https:\/\/www.herbetwa.net\/tr\/wp-json\/wp\/v2\/media?parent=1040"}],"wp:term":[{"taxonomy":"product-category","embeddable":true,"href":"https:\/\/www.herbetwa.net\/tr\/wp-json\/wp\/v2\/product-category?post=1040"}],"curies":[{"name":"wp","href":"https:\/\/api.w.org\/{rel}","templated":true}]}}