{"id":1036,"date":"2022-04-03T20:36:38","date_gmt":"2022-04-03T17:36:38","guid":{"rendered":"https:\/\/herbetwa-com-842510.hostingersite.com\/product\/onion-powder\/"},"modified":"2022-05-20T15:59:36","modified_gmt":"2022-05-20T12:59:36","slug":"sogan-tozu","status":"publish","type":"product","link":"https:\/\/www.herbetwa.net\/tr\/product\/sogan-tozu\/","title":{"rendered":"So\u011fan Tozu"},"content":{"rendered":"\n<p>So\u011fan tozu baharat, aroma maddesi ve \u00e7e\u015fni olarak kullan\u0131l\u0131r. M\u0131s\u0131r&#8217;da ve Afrika&#8217;n\u0131n di\u011fer b\u00f6lgelerinde eski zamanlardan beri kullan\u0131lmaktad\u0131r. So\u011fanlar A, B6, C, E, K vitaminleri, kalsiyum, demir, magnezyum, fosfor, protein, riboflavin, tiamin, \u00e7inko ve K vitamini bak\u0131m\u0131ndan zengindir.<\/p>\n\n\n\n<p>So\u011fan y\u00fczy\u0131llard\u0131r ila\u00e7 olarak kullan\u0131lm\u0131\u015ft\u0131r. Bir zamanlar ba\u015f a\u011fr\u0131s\u0131ndan kansere kadar her \u015feyi iyile\u015ftirdi\u011fine inan\u0131l\u0131yordu. So\u011fan kanseri \u00f6nlemeye yard\u0131mc\u0131 olabilir. Kansere neden olan maddelerin v\u00fccudumuzda olu\u015fmas\u0131n\u0131 durdurmaya yard\u0131mc\u0131 olan g\u00fc\u00e7l\u00fc bir antioksidan olan kersetin i\u00e7erirler. Quercetin ayr\u0131ca ba\u011f\u0131\u015f\u0131kl\u0131k sistemimizi g\u00fc\u00e7lendirir ve iltihab\u0131 azalt\u0131r.<\/p>\n\n\n\n<p>Bug\u00fcn so\u011fan hala so\u011fuk alg\u0131nl\u0131\u011f\u0131, \u00f6ks\u00fcr\u00fck, y\u00fcksek tansiyon, diyabet, kalp hastal\u0131\u011f\u0131, artrit ve hatta ak\u015famdan kalma gibi bir\u00e7ok rahats\u0131zl\u0131\u011f\u0131 tedavi etmek i\u00e7in kullan\u0131lmaktad\u0131r.<\/p>\n\n\n\n<p>So\u011fan enfeksiyonlarla sava\u015fmaya yard\u0131mc\u0131 olabilir. Bakterileri ve vir\u00fcsleri \u00f6ld\u00fcren k\u00fck\u00fcrt bile\u015fikleri i\u00e7erirler. Bu onlar\u0131 so\u011fuk alg\u0131nl\u0131\u011f\u0131, grip ve mide \u00fclserlerine kar\u015f\u0131 etkili k\u0131lar.<\/p>\n\n\n\n<p>So\u011fan g\u00f6zleriniz i\u00e7in iyidir. V\u00fccudunuzun h\u00fccrelerini serbest radikallerin neden oldu\u011fu hasarlardan koruyan antioksidanlarla doludurlar. Serbest radikaller katarakt, glokom ve makula dejenerasyonu gibi g\u00f6z sorunlar\u0131na neden olur.<\/p>\n\n\n\n<p>So\u011fan cildiniz i\u00e7in harikad\u0131r. Cildinizi yumu\u015fak ve p\u00fcr\u00fczs\u00fcz tutan s\u00fclf\u00fcr ad\u0131 verilen k\u00fck\u00fcrt bile\u015fikleri i\u00e7erirler. K\u00fck\u00fcrt\u00fcn sivilceleri azaltt\u0131\u011f\u0131 da bilinmektedir.<\/p>\n\n\n\n<p><strong>Ad\u0131: <\/strong>So\u011fan Tozu<\/p>\n\n\n\n<p><strong>Botanik<\/strong> <strong>Ad\u0131: <\/strong>Allium cepa<\/p>\n\n\n\n<p><strong>Form: <\/strong>Toz, Kuru So\u011fan<\/p>\n\n\n\n<p><strong>Paket: <\/strong>25 KG PP torba<\/p>\n\n\n\n<p><strong>Bulunabilirlik: <\/strong>Mahsul t\u00fcm y\u0131l boyunca mevcuttur.<\/p>\n\n\n\n<p><strong>Bu \u00fcr\u00fcn farkl\u0131 bi\u00e7imlerde de mevcuttur:<\/strong><\/p>\n\n\n\n<p>\u00b7 Sar\u0131 gevrek so\u011fan<\/p>\n\n\n\n<p>\u00b7 Beyaz so\u011fan&nbsp;<\/p>\n\n\n\n<p>\u00b7 Pul k\u0131rm\u0131z\u0131 So\u011fan&nbsp;<\/p>\n\n\n\n<p>\u00b7 Toz<\/p>\n\n\n\n<p>\u00b7 Gran\u00fcl<\/p>\n\n\n\n<p>\u00b7 K\u0131y\u0131lm\u0131\u015f<\/p>\n\n\n\n<p>\u00b7 Kavrulmu\u015f<\/p>\n\n\n\n<p>\u00b7 Dilimlenmi\u015f<\/p>\n\n\n\n<p>\u00b7 Y\u00fcz\u00fck<\/p>\n\n\n\n<p>&nbsp;<strong>Men\u015fei:<\/strong> M\u0131s\u0131r<\/p>\n","protected":false},"featured_media":817,"template":"","product-category":[25],"class_list":["post-1036","product","type-product","status-publish","has-post-thumbnail","hentry","product-category-baharatlar"],"yoast_head":"<!-- This site is optimized with the Yoast SEO Premium plugin v16.6 (Yoast SEO v27.4) - https:\/\/yoast.com\/product\/yoast-seo-premium-wordpress\/ -->\n<title>Toptan So\u011fan Tozu Tedarik\u00e7isi |Herb Etwa| Hemen Fiyat Teklifi<\/title>\n<meta name=\"description\" content=\"So\u011fan tozunun g\u00fcvenilir tedarik\u00e7isi. Bitkisel \u00fcr\u00fcn toptanc\u0131lar\u0131 ve distrib\u00fct\u00f6rleri i\u00e7in toplu sat\u0131\u015flar yap\u0131l\u0131r. \u00dcCRETS\u0130Z NUMUNE TALEB\u0130\" \/>\n<meta name=\"robots\" content=\"index, follow, max-snippet:-1, max-image-preview:large, max-video-preview:-1\" \/>\n<link rel=\"canonical\" href=\"https:\/\/www.herbetwa.net\/tr\/product\/sogan-tozu\/\" \/>\n<meta property=\"og:locale\" content=\"tr_TR\" \/>\n<meta property=\"og:type\" content=\"article\" \/>\n<meta property=\"og:title\" content=\"So\u011fan Tozu\" \/>\n<meta property=\"og:description\" content=\"So\u011fan tozunun g\u00fcvenilir tedarik\u00e7isi. Bitkisel \u00fcr\u00fcn toptanc\u0131lar\u0131 ve distrib\u00fct\u00f6rleri i\u00e7in toplu sat\u0131\u015flar yap\u0131l\u0131r. \u00dcCRETS\u0130Z NUMUNE TALEB\u0130\" \/>\n<meta property=\"og:url\" content=\"https:\/\/www.herbetwa.net\/tr\/product\/sogan-tozu\/\" \/>\n<meta property=\"og:site_name\" content=\"Herb Etwa\" \/>\n<meta property=\"article:modified_time\" content=\"2022-05-20T12:59:36+00:00\" \/>\n<meta property=\"og:image\" content=\"https:\/\/www.herbetwa.net\/wp-content\/uploads\/2022\/04\/21-toz-sogan-misir-herb-etwa.jpg\" \/>\n\t<meta property=\"og:image:width\" content=\"750\" \/>\n\t<meta property=\"og:image:height\" content=\"750\" \/>\n\t<meta property=\"og:image:type\" content=\"image\/jpeg\" \/>\n<meta name=\"twitter:card\" content=\"summary_large_image\" \/>\n<meta name=\"twitter:label1\" content=\"Tahmini okuma s\u00fcresi\" \/>\n\t<meta name=\"twitter:data1\" content=\"1 dakika\" \/>\n<script type=\"application\/ld+json\" class=\"yoast-schema-graph\">{\"@context\":\"https:\\\/\\\/schema.org\",\"@graph\":[{\"@type\":\"WebPage\",\"@id\":\"https:\\\/\\\/www.herbetwa.net\\\/tr\\\/product\\\/sogan-tozu\\\/\",\"url\":\"https:\\\/\\\/www.herbetwa.net\\\/tr\\\/product\\\/sogan-tozu\\\/\",\"name\":\"Toptan So\u011fan Tozu Tedarik\u00e7isi |Herb Etwa| Hemen Fiyat Teklifi\",\"isPartOf\":{\"@id\":\"https:\\\/\\\/herbetwa.net\\\/en\\\/#website\"},\"primaryImageOfPage\":{\"@id\":\"https:\\\/\\\/www.herbetwa.net\\\/tr\\\/product\\\/sogan-tozu\\\/#primaryimage\"},\"image\":{\"@id\":\"https:\\\/\\\/www.herbetwa.net\\\/tr\\\/product\\\/sogan-tozu\\\/#primaryimage\"},\"thumbnailUrl\":\"https:\\\/\\\/www.herbetwa.net\\\/wp-content\\\/uploads\\\/2022\\\/04\\\/21-toz-sogan-misir-herb-etwa.jpg\",\"datePublished\":\"2022-04-03T17:36:38+00:00\",\"dateModified\":\"2022-05-20T12:59:36+00:00\",\"description\":\"So\u011fan tozunun g\u00fcvenilir tedarik\u00e7isi. Bitkisel \u00fcr\u00fcn toptanc\u0131lar\u0131 ve distrib\u00fct\u00f6rleri i\u00e7in toplu sat\u0131\u015flar yap\u0131l\u0131r. \u00dcCRETS\u0130Z NUMUNE TALEB\u0130\",\"breadcrumb\":{\"@id\":\"https:\\\/\\\/www.herbetwa.net\\\/tr\\\/product\\\/sogan-tozu\\\/#breadcrumb\"},\"inLanguage\":\"tr\",\"potentialAction\":[{\"@type\":\"ReadAction\",\"target\":[\"https:\\\/\\\/www.herbetwa.net\\\/tr\\\/product\\\/sogan-tozu\\\/\"]}]},{\"@type\":\"ImageObject\",\"inLanguage\":\"tr\",\"@id\":\"https:\\\/\\\/www.herbetwa.net\\\/tr\\\/product\\\/sogan-tozu\\\/#primaryimage\",\"url\":\"https:\\\/\\\/www.herbetwa.net\\\/wp-content\\\/uploads\\\/2022\\\/04\\\/21-toz-sogan-misir-herb-etwa.jpg\",\"contentUrl\":\"https:\\\/\\\/www.herbetwa.net\\\/wp-content\\\/uploads\\\/2022\\\/04\\\/21-toz-sogan-misir-herb-etwa.jpg\",\"width\":750,\"height\":750,\"caption\":\"\u0130thal so\u011fan tozu Toptan Sat\u0131\u015f yap\u0131l\u0131r\"},{\"@type\":\"BreadcrumbList\",\"@id\":\"https:\\\/\\\/www.herbetwa.net\\\/tr\\\/product\\\/sogan-tozu\\\/#breadcrumb\",\"itemListElement\":[{\"@type\":\"ListItem\",\"position\":1,\"name\":\"Home\",\"item\":\"https:\\\/\\\/www.herbetwa.net\\\/tr\\\/\"},{\"@type\":\"ListItem\",\"position\":2,\"name\":\"So\u011fan Tozu\"}]},{\"@type\":\"WebSite\",\"@id\":\"https:\\\/\\\/herbetwa.net\\\/en\\\/#website\",\"url\":\"https:\\\/\\\/herbetwa.net\\\/en\\\/\",\"name\":\"Herb Etwa\",\"description\":\"Herbs and Spices From Middle East\",\"potentialAction\":[{\"@type\":\"SearchAction\",\"target\":{\"@type\":\"EntryPoint\",\"urlTemplate\":\"https:\\\/\\\/herbetwa.net\\\/en\\\/?s={search_term_string}\"},\"query-input\":{\"@type\":\"PropertyValueSpecification\",\"valueRequired\":true,\"valueName\":\"search_term_string\"}}],\"inLanguage\":\"tr\"}]}<\/script>\n<!-- \/ Yoast SEO Premium plugin. -->","yoast_head_json":{"title":"Toptan So\u011fan Tozu Tedarik\u00e7isi |Herb Etwa| Hemen Fiyat Teklifi","description":"So\u011fan tozunun g\u00fcvenilir tedarik\u00e7isi. Bitkisel \u00fcr\u00fcn toptanc\u0131lar\u0131 ve distrib\u00fct\u00f6rleri i\u00e7in toplu sat\u0131\u015flar yap\u0131l\u0131r. \u00dcCRETS\u0130Z NUMUNE TALEB\u0130","robots":{"index":"index","follow":"follow","max-snippet":"max-snippet:-1","max-image-preview":"max-image-preview:large","max-video-preview":"max-video-preview:-1"},"canonical":"https:\/\/www.herbetwa.net\/tr\/product\/sogan-tozu\/","og_locale":"tr_TR","og_type":"article","og_title":"So\u011fan Tozu","og_description":"So\u011fan tozunun g\u00fcvenilir tedarik\u00e7isi. Bitkisel \u00fcr\u00fcn toptanc\u0131lar\u0131 ve distrib\u00fct\u00f6rleri i\u00e7in toplu sat\u0131\u015flar yap\u0131l\u0131r. \u00dcCRETS\u0130Z NUMUNE TALEB\u0130","og_url":"https:\/\/www.herbetwa.net\/tr\/product\/sogan-tozu\/","og_site_name":"Herb Etwa","article_modified_time":"2022-05-20T12:59:36+00:00","og_image":[{"width":750,"height":750,"url":"https:\/\/www.herbetwa.net\/wp-content\/uploads\/2022\/04\/21-toz-sogan-misir-herb-etwa.jpg","type":"image\/jpeg"}],"twitter_card":"summary_large_image","twitter_misc":{"Tahmini okuma s\u00fcresi":"1 dakika"},"schema":{"@context":"https:\/\/schema.org","@graph":[{"@type":"WebPage","@id":"https:\/\/www.herbetwa.net\/tr\/product\/sogan-tozu\/","url":"https:\/\/www.herbetwa.net\/tr\/product\/sogan-tozu\/","name":"Toptan So\u011fan Tozu Tedarik\u00e7isi |Herb Etwa| Hemen Fiyat Teklifi","isPartOf":{"@id":"https:\/\/herbetwa.net\/en\/#website"},"primaryImageOfPage":{"@id":"https:\/\/www.herbetwa.net\/tr\/product\/sogan-tozu\/#primaryimage"},"image":{"@id":"https:\/\/www.herbetwa.net\/tr\/product\/sogan-tozu\/#primaryimage"},"thumbnailUrl":"https:\/\/www.herbetwa.net\/wp-content\/uploads\/2022\/04\/21-toz-sogan-misir-herb-etwa.jpg","datePublished":"2022-04-03T17:36:38+00:00","dateModified":"2022-05-20T12:59:36+00:00","description":"So\u011fan tozunun g\u00fcvenilir tedarik\u00e7isi. Bitkisel \u00fcr\u00fcn toptanc\u0131lar\u0131 ve distrib\u00fct\u00f6rleri i\u00e7in toplu sat\u0131\u015flar yap\u0131l\u0131r. \u00dcCRETS\u0130Z NUMUNE TALEB\u0130","breadcrumb":{"@id":"https:\/\/www.herbetwa.net\/tr\/product\/sogan-tozu\/#breadcrumb"},"inLanguage":"tr","potentialAction":[{"@type":"ReadAction","target":["https:\/\/www.herbetwa.net\/tr\/product\/sogan-tozu\/"]}]},{"@type":"ImageObject","inLanguage":"tr","@id":"https:\/\/www.herbetwa.net\/tr\/product\/sogan-tozu\/#primaryimage","url":"https:\/\/www.herbetwa.net\/wp-content\/uploads\/2022\/04\/21-toz-sogan-misir-herb-etwa.jpg","contentUrl":"https:\/\/www.herbetwa.net\/wp-content\/uploads\/2022\/04\/21-toz-sogan-misir-herb-etwa.jpg","width":750,"height":750,"caption":"\u0130thal so\u011fan tozu Toptan Sat\u0131\u015f yap\u0131l\u0131r"},{"@type":"BreadcrumbList","@id":"https:\/\/www.herbetwa.net\/tr\/product\/sogan-tozu\/#breadcrumb","itemListElement":[{"@type":"ListItem","position":1,"name":"Home","item":"https:\/\/www.herbetwa.net\/tr\/"},{"@type":"ListItem","position":2,"name":"So\u011fan Tozu"}]},{"@type":"WebSite","@id":"https:\/\/herbetwa.net\/en\/#website","url":"https:\/\/herbetwa.net\/en\/","name":"Herb Etwa","description":"Herbs and Spices From Middle East","potentialAction":[{"@type":"SearchAction","target":{"@type":"EntryPoint","urlTemplate":"https:\/\/herbetwa.net\/en\/?s={search_term_string}"},"query-input":{"@type":"PropertyValueSpecification","valueRequired":true,"valueName":"search_term_string"}}],"inLanguage":"tr"}]}},"_links":{"self":[{"href":"https:\/\/www.herbetwa.net\/tr\/wp-json\/wp\/v2\/product\/1036","targetHints":{"allow":["GET"]}}],"collection":[{"href":"https:\/\/www.herbetwa.net\/tr\/wp-json\/wp\/v2\/product"}],"about":[{"href":"https:\/\/www.herbetwa.net\/tr\/wp-json\/wp\/v2\/types\/product"}],"wp:featuredmedia":[{"embeddable":true,"href":"https:\/\/www.herbetwa.net\/tr\/wp-json\/wp\/v2\/media\/817"}],"wp:attachment":[{"href":"https:\/\/www.herbetwa.net\/tr\/wp-json\/wp\/v2\/media?parent=1036"}],"wp:term":[{"taxonomy":"product-category","embeddable":true,"href":"https:\/\/www.herbetwa.net\/tr\/wp-json\/wp\/v2\/product-category?post=1036"}],"curies":[{"name":"wp","href":"https:\/\/api.w.org\/{rel}","templated":true}]}}