{"id":998,"date":"2022-04-03T20:25:46","date_gmt":"2022-04-03T17:25:46","guid":{"rendered":"https:\/\/herbetwa-com-842510.hostingersite.com\/product\/sage\/"},"modified":"2022-05-18T10:35:56","modified_gmt":"2022-05-18T07:35:56","slug":"salbei","status":"publish","type":"product","link":"https:\/\/www.herbetwa.net\/de\/product\/salbei\/","title":{"rendered":"Salbei"},"content":{"rendered":"\n<p>Salbei ist daf\u00fcr bekannt, viele medizinische Eigenschaften zu haben. Es wird seit Tausenden von Jahren zur Behandlung von Beschwerden eingesetzt, die von Atemproblemen bis hin zu Verdauungsproblemen reichen. Es ist auch daf\u00fcr bekannt, Stress, Angstzust\u00e4nde, Depressionen, Schlaflosigkeit, Kopfschmerzen, Migr\u00e4ne, Arthritis und sogar Krebs zu lindern!<\/p>\n\n\n\n<p>Das Salbeikraut stammt aus der Familie der Lippenbl\u00fctler (Lamiaceae) und enth\u00e4lt \u00e4therische \u00d6le, die f\u00fcr seinen Geruch verantwortlich sind. Zu diesen \u00d6len geh\u00f6ren Thujon, Pinen, Kampfer, Menthol, Myrcen, Cineol und Limonen. Thujon ist die prim\u00e4re Chemikalie, die f\u00fcr den charakteristischen Geruch des Krauts verantwortlich ist.<\/p>\n\n\n\n<p>Heutzutage werden zwei Arten von Salbei allgemein verkauft: Gemeiner Salbei (Salvia officinalis) und Griechischer Salbei (Salvia fruticosa). Beide Arten enthalten \u00e4hnliche Mengen an Thujon, aber griechischer Salbei enth\u00e4lt auch gro\u00dfe Mengen anderer Chemikalien wie Eugenol, Linalool und Methylchavicol.<\/p>\n\n\n\n<p>Gew\u00f6hnlicher Salbei stammt aus Europa und Asien, w\u00e4hrend griechischer Salbei aus Griechenland und der T\u00fcrkei stammt. Beide haben \u00e4hnliche Verwendungen und Wirkungen, obwohl sie je nach Herkunft leicht variieren k\u00f6nnen.<\/p>\n\n\n\n<p>Griechischer Salbei wird oft zur Herstellung von Tee, Tinkturen, Salben und Salben verwendet. Es wird auch zum W\u00fcrzen von Speisen und Getr\u00e4nken verwendet. Einige Leute verwenden es, um Seife zu machen. Dar\u00fcber hinaus wird es manchmal Badeprodukten und Kosmetika zugesetzt.<\/p>\n\n\n\n<p>Gew\u00f6hnlicher Salbei wird normalerweise getrocknet und vor der Verwendung zu einem Pulver gemahlen. Es wird normalerweise mit Honig oder Zucker gemischt, um Tees, Sirupe und Salben herzustellen. Es wird auch beim Kochen und Backen verwendet. Menschen, die Alkohol vermeiden m\u00f6chten, bevorzugen m\u00f6glicherweise stattdessen diese Art von Salbei.<\/p>\n\n\n\n<p><strong>Name:<\/strong>Salbei, K\u00fcchensalbei, Dalmatiner Salbei, Gartensalbei, K\u00fcchensalbei, Echter Salbei, Wiesensalbei<\/p>\n\n\n\n<p><strong>Botanischer Name:<\/strong>Salvia officinalis Familie: Lamiaceae (Minze)<\/p>\n\n\n\n<p><strong>Form:<\/strong> Trockene Bl\u00e4tter<\/p>\n\n\n\n<p><strong>Qualit\u00e4t: <\/strong>1. Klasse<\/p>\n\n\n\n<p><strong>Paket: <\/strong>20 kg PP-S\u00e4cke<\/p>\n\n\n\n<p><strong>Beh\u00e4lterkapazit\u00e4t:<\/strong><\/p>\n\n\n\n<p>20 FCL-Container 5 Tonnen<\/p>\n\n\n\n<p>40 FCL-Container 10 Tonnen<\/p>\n\n\n\n<p><strong>Verf\u00fcgbarkeit: <\/strong>Die Ernte beginnt im Juni und ist das ganze Jahr auf Lager.<\/p>\n\n\n\n<p><strong>Dieses Produkt ist auch in verschiedenen Formaten erh\u00e4ltlich:<\/strong><\/p>\n\n\n\n<p>\u00b7 Ganz gereinigt<\/p>\n\n\n\n<p>. Standard geschnittener Rosmarin<\/p>\n\n\n\n<p>\u00b7 Gro\u00df geschnittener Rosmarin<\/p>\n\n\n\n<p>\u00b7 Staub<\/p>\n\n\n\n<p>\u00b7 Fein gehackt<\/p>\n\n\n\n<p>&nbsp;Ursprung: \u00c4gypten<\/p>\n\n\n\n<figure class=\"wp-block-gallery has-nested-images columns-default is-cropped wp-block-gallery-1 is-layout-flex wp-block-gallery-is-layout-flex\">\n<figure class=\"wp-block-image size-large\"><img loading=\"lazy\" decoding=\"async\" width=\"1024\" height=\"1024\" data-id=\"132\" src=\"https:\/\/herbetwa-com-842510.hostingersite.com\/wp-content\/uploads\/2022\/04\/13-sage-ground-egypt-herb-etwa6.jpg\" alt=\"\" class=\"wp-image-132\" srcset=\"https:\/\/www.herbetwa.net\/wp-content\/uploads\/2022\/04\/13-sage-ground-egypt-herb-etwa6.jpg 1024w, https:\/\/www.herbetwa.net\/wp-content\/uploads\/2022\/04\/13-sage-ground-egypt-herb-etwa6-300x300.jpg 300w, https:\/\/www.herbetwa.net\/wp-content\/uploads\/2022\/04\/13-sage-ground-egypt-herb-etwa6-150x150.jpg 150w, https:\/\/www.herbetwa.net\/wp-content\/uploads\/2022\/04\/13-sage-ground-egypt-herb-etwa6-768x768.jpg 768w\" sizes=\"auto, (max-width: 1024px) 100vw, 1024px\" \/><\/figure>\n\n\n\n<figure class=\"wp-block-image size-large\"><img loading=\"lazy\" decoding=\"async\" width=\"1024\" height=\"1024\" data-id=\"131\" src=\"https:\/\/herbetwa-com-842510.hostingersite.com\/wp-content\/uploads\/2022\/04\/13-sage-ground-egypt-herb-etwa2.jpg\" alt=\"\" class=\"wp-image-131\" srcset=\"https:\/\/www.herbetwa.net\/wp-content\/uploads\/2022\/04\/13-sage-ground-egypt-herb-etwa2.jpg 1024w, https:\/\/www.herbetwa.net\/wp-content\/uploads\/2022\/04\/13-sage-ground-egypt-herb-etwa2-300x300.jpg 300w, https:\/\/www.herbetwa.net\/wp-content\/uploads\/2022\/04\/13-sage-ground-egypt-herb-etwa2-150x150.jpg 150w, https:\/\/www.herbetwa.net\/wp-content\/uploads\/2022\/04\/13-sage-ground-egypt-herb-etwa2-768x768.jpg 768w\" sizes=\"auto, (max-width: 1024px) 100vw, 1024px\" \/><\/figure>\n\n\n\n<figure class=\"wp-block-image size-large\"><img loading=\"lazy\" decoding=\"async\" width=\"1024\" height=\"1024\" data-id=\"130\" src=\"https:\/\/herbetwa-com-842510.hostingersite.com\/wp-content\/uploads\/2022\/04\/13-sage-fine-cut-egypt-herb-etwa.jpg\" alt=\"\" class=\"wp-image-130\" srcset=\"https:\/\/www.herbetwa.net\/wp-content\/uploads\/2022\/04\/13-sage-fine-cut-egypt-herb-etwa.jpg 1024w, https:\/\/www.herbetwa.net\/wp-content\/uploads\/2022\/04\/13-sage-fine-cut-egypt-herb-etwa-300x300.jpg 300w, https:\/\/www.herbetwa.net\/wp-content\/uploads\/2022\/04\/13-sage-fine-cut-egypt-herb-etwa-150x150.jpg 150w, https:\/\/www.herbetwa.net\/wp-content\/uploads\/2022\/04\/13-sage-fine-cut-egypt-herb-etwa-768x768.jpg 768w\" sizes=\"auto, (max-width: 1024px) 100vw, 1024px\" \/><\/figure>\n<\/figure>\n","protected":false},"featured_media":376,"template":"","product-category":[22],"class_list":["post-998","product","type-product","status-publish","has-post-thumbnail","hentry","product-category-kraut"],"yoast_head":"<!-- This site is optimized with the Yoast SEO Premium plugin v16.6 (Yoast SEO v27.4) - https:\/\/yoast.com\/product\/yoast-seo-premium-wordpress\/ -->\n<title>Salbei, mengen verkauft wird | Herb Etwa | JETZT zitieren<\/title>\n<meta name=\"description\" content=\"Vertrauensw\u00fcrdiger Kr\u00e4uterlieferant von Salbei. Verkauf in loser Sch\u00fcttung f\u00fcr Kr\u00e4utergro\u00dfh\u00e4ndler und -verteiler FORDERN SIE IHRE KOSTENLOSE PROBE AN\" \/>\n<meta name=\"robots\" content=\"index, follow, max-snippet:-1, max-image-preview:large, max-video-preview:-1\" \/>\n<link rel=\"canonical\" href=\"https:\/\/herbetwa.net\/de\/product\/salbei\/\" \/>\n<meta property=\"og:locale\" content=\"de_DE\" \/>\n<meta property=\"og:type\" content=\"article\" \/>\n<meta property=\"og:title\" content=\"Salbei\" \/>\n<meta property=\"og:description\" content=\"Vertrauensw\u00fcrdiger Kr\u00e4uterlieferant von Salbei. Verkauf in loser Sch\u00fcttung f\u00fcr Kr\u00e4utergro\u00dfh\u00e4ndler und -verteiler FORDERN SIE IHRE KOSTENLOSE PROBE AN\" \/>\n<meta property=\"og:url\" content=\"https:\/\/herbetwa.net\/de\/product\/salbei\/\" \/>\n<meta property=\"og:site_name\" content=\"Herb Etwa\" \/>\n<meta property=\"article:modified_time\" content=\"2022-05-18T07:35:56+00:00\" \/>\n<meta property=\"og:image\" content=\"https:\/\/herbetwa.net\/wp-content\/uploads\/2022\/04\/13-sage-fine-cut-egypt-herb-etwa.jpg\" \/>\n\t<meta property=\"og:image:width\" content=\"1024\" \/>\n\t<meta property=\"og:image:height\" content=\"1024\" \/>\n\t<meta property=\"og:image:type\" content=\"image\/jpeg\" \/>\n<meta name=\"twitter:card\" content=\"summary_large_image\" \/>\n<meta name=\"twitter:label1\" content=\"Gesch\u00e4tzte Lesezeit\" \/>\n\t<meta name=\"twitter:data1\" content=\"2\u00a0Minuten\" \/>\n<script type=\"application\/ld+json\" class=\"yoast-schema-graph\">{\"@context\":\"https:\\\/\\\/schema.org\",\"@graph\":[{\"@type\":\"WebPage\",\"@id\":\"https:\\\/\\\/herbetwa.net\\\/de\\\/product\\\/salbei\\\/\",\"url\":\"https:\\\/\\\/herbetwa.net\\\/de\\\/product\\\/salbei\\\/\",\"name\":\"Salbei, mengen verkauft wird | Herb Etwa | JETZT zitieren\",\"isPartOf\":{\"@id\":\"https:\\\/\\\/herbetwa.net\\\/en\\\/#website\"},\"primaryImageOfPage\":{\"@id\":\"https:\\\/\\\/herbetwa.net\\\/de\\\/product\\\/salbei\\\/#primaryimage\"},\"image\":{\"@id\":\"https:\\\/\\\/herbetwa.net\\\/de\\\/product\\\/salbei\\\/#primaryimage\"},\"thumbnailUrl\":\"https:\\\/\\\/www.herbetwa.net\\\/wp-content\\\/uploads\\\/2022\\\/04\\\/13-sage-fine-cut-egypt-herb-etwa.jpg\",\"datePublished\":\"2022-04-03T17:25:46+00:00\",\"dateModified\":\"2022-05-18T07:35:56+00:00\",\"description\":\"Vertrauensw\u00fcrdiger Kr\u00e4uterlieferant von Salbei. Verkauf in loser Sch\u00fcttung f\u00fcr Kr\u00e4utergro\u00dfh\u00e4ndler und -verteiler FORDERN SIE IHRE KOSTENLOSE PROBE AN\",\"breadcrumb\":{\"@id\":\"https:\\\/\\\/herbetwa.net\\\/de\\\/product\\\/salbei\\\/#breadcrumb\"},\"inLanguage\":\"de\",\"potentialAction\":[{\"@type\":\"ReadAction\",\"target\":[\"https:\\\/\\\/herbetwa.net\\\/de\\\/product\\\/salbei\\\/\"]}]},{\"@type\":\"ImageObject\",\"inLanguage\":\"de\",\"@id\":\"https:\\\/\\\/herbetwa.net\\\/de\\\/product\\\/salbei\\\/#primaryimage\",\"url\":\"https:\\\/\\\/www.herbetwa.net\\\/wp-content\\\/uploads\\\/2022\\\/04\\\/13-sage-fine-cut-egypt-herb-etwa.jpg\",\"contentUrl\":\"https:\\\/\\\/www.herbetwa.net\\\/wp-content\\\/uploads\\\/2022\\\/04\\\/13-sage-fine-cut-egypt-herb-etwa.jpg\",\"width\":1024,\"height\":1024,\"caption\":\"Sage of Egyptian origin Using as food ingredient\"},{\"@type\":\"BreadcrumbList\",\"@id\":\"https:\\\/\\\/herbetwa.net\\\/de\\\/product\\\/salbei\\\/#breadcrumb\",\"itemListElement\":[{\"@type\":\"ListItem\",\"position\":1,\"name\":\"Home\",\"item\":\"https:\\\/\\\/herbetwa.net\\\/de\\\/\"},{\"@type\":\"ListItem\",\"position\":2,\"name\":\"Salbei\"}]},{\"@type\":\"WebSite\",\"@id\":\"https:\\\/\\\/herbetwa.net\\\/en\\\/#website\",\"url\":\"https:\\\/\\\/herbetwa.net\\\/en\\\/\",\"name\":\"Herb Etwa\",\"description\":\"Herbs and Spices From Middle East\",\"potentialAction\":[{\"@type\":\"SearchAction\",\"target\":{\"@type\":\"EntryPoint\",\"urlTemplate\":\"https:\\\/\\\/herbetwa.net\\\/en\\\/?s={search_term_string}\"},\"query-input\":{\"@type\":\"PropertyValueSpecification\",\"valueRequired\":true,\"valueName\":\"search_term_string\"}}],\"inLanguage\":\"de\"}]}<\/script>\n<!-- \/ Yoast SEO Premium plugin. -->","yoast_head_json":{"title":"Salbei, mengen verkauft wird | Herb Etwa | JETZT zitieren","description":"Vertrauensw\u00fcrdiger Kr\u00e4uterlieferant von Salbei. Verkauf in loser Sch\u00fcttung f\u00fcr Kr\u00e4utergro\u00dfh\u00e4ndler und -verteiler FORDERN SIE IHRE KOSTENLOSE PROBE AN","robots":{"index":"index","follow":"follow","max-snippet":"max-snippet:-1","max-image-preview":"max-image-preview:large","max-video-preview":"max-video-preview:-1"},"canonical":"https:\/\/herbetwa.net\/de\/product\/salbei\/","og_locale":"de_DE","og_type":"article","og_title":"Salbei","og_description":"Vertrauensw\u00fcrdiger Kr\u00e4uterlieferant von Salbei. Verkauf in loser Sch\u00fcttung f\u00fcr Kr\u00e4utergro\u00dfh\u00e4ndler und -verteiler FORDERN SIE IHRE KOSTENLOSE PROBE AN","og_url":"https:\/\/herbetwa.net\/de\/product\/salbei\/","og_site_name":"Herb Etwa","article_modified_time":"2022-05-18T07:35:56+00:00","og_image":[{"width":1024,"height":1024,"url":"https:\/\/herbetwa.net\/wp-content\/uploads\/2022\/04\/13-sage-fine-cut-egypt-herb-etwa.jpg","type":"image\/jpeg"}],"twitter_card":"summary_large_image","twitter_misc":{"Gesch\u00e4tzte Lesezeit":"2\u00a0Minuten"},"schema":{"@context":"https:\/\/schema.org","@graph":[{"@type":"WebPage","@id":"https:\/\/herbetwa.net\/de\/product\/salbei\/","url":"https:\/\/herbetwa.net\/de\/product\/salbei\/","name":"Salbei, mengen verkauft wird | Herb Etwa | JETZT zitieren","isPartOf":{"@id":"https:\/\/herbetwa.net\/en\/#website"},"primaryImageOfPage":{"@id":"https:\/\/herbetwa.net\/de\/product\/salbei\/#primaryimage"},"image":{"@id":"https:\/\/herbetwa.net\/de\/product\/salbei\/#primaryimage"},"thumbnailUrl":"https:\/\/www.herbetwa.net\/wp-content\/uploads\/2022\/04\/13-sage-fine-cut-egypt-herb-etwa.jpg","datePublished":"2022-04-03T17:25:46+00:00","dateModified":"2022-05-18T07:35:56+00:00","description":"Vertrauensw\u00fcrdiger Kr\u00e4uterlieferant von Salbei. Verkauf in loser Sch\u00fcttung f\u00fcr Kr\u00e4utergro\u00dfh\u00e4ndler und -verteiler FORDERN SIE IHRE KOSTENLOSE PROBE AN","breadcrumb":{"@id":"https:\/\/herbetwa.net\/de\/product\/salbei\/#breadcrumb"},"inLanguage":"de","potentialAction":[{"@type":"ReadAction","target":["https:\/\/herbetwa.net\/de\/product\/salbei\/"]}]},{"@type":"ImageObject","inLanguage":"de","@id":"https:\/\/herbetwa.net\/de\/product\/salbei\/#primaryimage","url":"https:\/\/www.herbetwa.net\/wp-content\/uploads\/2022\/04\/13-sage-fine-cut-egypt-herb-etwa.jpg","contentUrl":"https:\/\/www.herbetwa.net\/wp-content\/uploads\/2022\/04\/13-sage-fine-cut-egypt-herb-etwa.jpg","width":1024,"height":1024,"caption":"Sage of Egyptian origin Using as food ingredient"},{"@type":"BreadcrumbList","@id":"https:\/\/herbetwa.net\/de\/product\/salbei\/#breadcrumb","itemListElement":[{"@type":"ListItem","position":1,"name":"Home","item":"https:\/\/herbetwa.net\/de\/"},{"@type":"ListItem","position":2,"name":"Salbei"}]},{"@type":"WebSite","@id":"https:\/\/herbetwa.net\/en\/#website","url":"https:\/\/herbetwa.net\/en\/","name":"Herb Etwa","description":"Herbs and Spices From Middle East","potentialAction":[{"@type":"SearchAction","target":{"@type":"EntryPoint","urlTemplate":"https:\/\/herbetwa.net\/en\/?s={search_term_string}"},"query-input":{"@type":"PropertyValueSpecification","valueRequired":true,"valueName":"search_term_string"}}],"inLanguage":"de"}]}},"_links":{"self":[{"href":"https:\/\/www.herbetwa.net\/de\/wp-json\/wp\/v2\/product\/998","targetHints":{"allow":["GET"]}}],"collection":[{"href":"https:\/\/www.herbetwa.net\/de\/wp-json\/wp\/v2\/product"}],"about":[{"href":"https:\/\/www.herbetwa.net\/de\/wp-json\/wp\/v2\/types\/product"}],"wp:featuredmedia":[{"embeddable":true,"href":"https:\/\/www.herbetwa.net\/de\/wp-json\/wp\/v2\/media\/376"}],"wp:attachment":[{"href":"https:\/\/www.herbetwa.net\/de\/wp-json\/wp\/v2\/media?parent=998"}],"wp:term":[{"taxonomy":"product-category","embeddable":true,"href":"https:\/\/www.herbetwa.net\/de\/wp-json\/wp\/v2\/product-category?post=998"}],"curies":[{"name":"wp","href":"https:\/\/api.w.org\/{rel}","templated":true}]}}