{"id":988,"date":"2022-04-03T20:23:00","date_gmt":"2022-04-03T17:23:00","guid":{"rendered":"https:\/\/herbetwa-com-842510.hostingersite.com\/product\/calendula-petals\/"},"modified":"2022-05-18T10:44:37","modified_gmt":"2022-05-18T07:44:37","slug":"ringelblume-blatt","status":"publish","type":"product","link":"https:\/\/www.herbetwa.net\/de\/product\/ringelblume-blatt\/","title":{"rendered":"Ringelblume Blatt"},"content":{"rendered":"\n<p>Hilft Wunden und Verbrennungen schneller zu heilen<\/p>\n\n\n\n<p>Verhindert Dermatitis<\/p>\n\n\n\n<p>Hilft bei der Heilung verschiedener Hauterkrankungen wie Akne, Ekzeme und Hautausschl\u00e4ge<\/p>\n\n\n\n<p><strong>Name:<\/strong>Ringelblumenblatt<\/p>\n\n\n\n<p><strong>Botanischer Name:<\/strong>Calendula Officinalis Alternative Namen Ringelblume<\/p>\n\n\n\n<p><strong>Form:<\/strong> Ringelblumenbl\u00e4tter<\/p>\n\n\n\n<p><strong>Qualit\u00e4t: <\/strong>1. Klasse<\/p>\n\n\n\n<p><strong>Verpackung: <\/strong>10 kg Kartons und PP-Beutel<\/p>\n\n\n\n<p><strong>Beh\u00e4lterkapazit\u00e4t:<\/strong><\/p>\n\n\n\n<p>20 FCL-Container 2,5 Tonnen<\/p>\n\n\n\n<p>40 FCL-Container 5 Tonnen<\/p>\n\n\n\n<p><strong>Verf\u00fcgbarkeit<\/strong>:<strong> <\/strong>Die Ernte beginnt im April und ist das ganze Jahr auf Lager.<\/p>\n\n\n\n<p><strong>Ursprung:<\/strong> \u00c4gypten<\/p>\n\n\n\n<figure class=\"wp-block-gallery has-nested-images columns-default is-cropped wp-block-gallery-1 is-layout-flex wp-block-gallery-is-layout-flex\">\n<figure class=\"wp-block-image size-large\"><img loading=\"lazy\" decoding=\"async\" width=\"1024\" height=\"1024\" data-id=\"122\" src=\"https:\/\/herbetwa-com-842510.hostingersite.com\/wp-content\/uploads\/2022\/04\/11-calendula-petals-egypt-herb-etwa1.jpg\" alt=\"Calendula Petals of Egyptian origin\" class=\"wp-image-122\" srcset=\"https:\/\/www.herbetwa.net\/wp-content\/uploads\/2022\/04\/11-calendula-petals-egypt-herb-etwa1.jpg 1024w, https:\/\/www.herbetwa.net\/wp-content\/uploads\/2022\/04\/11-calendula-petals-egypt-herb-etwa1-300x300.jpg 300w, https:\/\/www.herbetwa.net\/wp-content\/uploads\/2022\/04\/11-calendula-petals-egypt-herb-etwa1-150x150.jpg 150w, https:\/\/www.herbetwa.net\/wp-content\/uploads\/2022\/04\/11-calendula-petals-egypt-herb-etwa1-768x768.jpg 768w\" sizes=\"auto, (max-width: 1024px) 100vw, 1024px\" \/><\/figure>\n\n\n\n<figure class=\"wp-block-image size-large\"><img loading=\"lazy\" decoding=\"async\" width=\"1024\" height=\"1024\" data-id=\"123\" src=\"https:\/\/herbetwa-com-842510.hostingersite.com\/wp-content\/uploads\/2022\/04\/11-calendula-petals-egypt-herb-etwa2.jpg\" alt=\"Marigold Petals Selling In bulk\" class=\"wp-image-123\" srcset=\"https:\/\/www.herbetwa.net\/wp-content\/uploads\/2022\/04\/11-calendula-petals-egypt-herb-etwa2.jpg 1024w, https:\/\/www.herbetwa.net\/wp-content\/uploads\/2022\/04\/11-calendula-petals-egypt-herb-etwa2-300x300.jpg 300w, https:\/\/www.herbetwa.net\/wp-content\/uploads\/2022\/04\/11-calendula-petals-egypt-herb-etwa2-150x150.jpg 150w, https:\/\/www.herbetwa.net\/wp-content\/uploads\/2022\/04\/11-calendula-petals-egypt-herb-etwa2-768x768.jpg 768w\" sizes=\"auto, (max-width: 1024px) 100vw, 1024px\" \/><\/figure>\n\n\n\n<figure class=\"wp-block-image size-large\"><img loading=\"lazy\" decoding=\"async\" width=\"743\" height=\"514\" data-id=\"124\" src=\"https:\/\/herbetwa-com-842510.hostingersite.com\/wp-content\/uploads\/2022\/04\/11-calendula-petals-egypt-herb-etwa4.png\" alt=\"Calendula or Marigold Petals of Egyptian origin Using in making Creams For skin, Extract Oil Selling In bulk\" class=\"wp-image-124\" srcset=\"https:\/\/www.herbetwa.net\/wp-content\/uploads\/2022\/04\/11-calendula-petals-egypt-herb-etwa4.png 743w, https:\/\/www.herbetwa.net\/wp-content\/uploads\/2022\/04\/11-calendula-petals-egypt-herb-etwa4-300x208.png 300w\" sizes=\"auto, (max-width: 743px) 100vw, 743px\" \/><\/figure>\n<\/figure>\n","protected":false},"featured_media":366,"template":"","product-category":[22],"class_list":["post-988","product","type-product","status-publish","has-post-thumbnail","hentry","product-category-kraut"],"yoast_head":"<!-- This site is optimized with the Yoast SEO Premium plugin v16.6 (Yoast SEO v27.4) - https:\/\/yoast.com\/product\/yoast-seo-premium-wordpress\/ -->\n<title>Calendula-Bl\u00fctenbl\u00e4tter Sch\u00fcttung | Herb Etwa | JETZT zitieren<\/title>\n<meta name=\"description\" content=\"Vertrauensw\u00fcrdiger Kr\u00e4uterlieferant von Calendula-Bl\u00fctenbl\u00e4ttern.Verkauf Sch\u00fcttung f\u00fcr Kr\u00e4utergro\u00dfh\u00e4ndler und -verteiler FORDERN SIE IHRE KOSTENLOSE PROBE AN\" \/>\n<meta name=\"robots\" content=\"index, follow, max-snippet:-1, max-image-preview:large, max-video-preview:-1\" \/>\n<link rel=\"canonical\" href=\"https:\/\/herbetwa.net\/de\/product\/ringelblume-blatt\/\" \/>\n<meta property=\"og:locale\" content=\"de_DE\" \/>\n<meta property=\"og:type\" content=\"article\" \/>\n<meta property=\"og:title\" content=\"Ringelblume Blatt\" \/>\n<meta property=\"og:description\" content=\"Vertrauensw\u00fcrdiger Kr\u00e4uterlieferant von Calendula-Bl\u00fctenbl\u00e4ttern.Verkauf Sch\u00fcttung f\u00fcr Kr\u00e4utergro\u00dfh\u00e4ndler und -verteiler FORDERN SIE IHRE KOSTENLOSE PROBE AN\" \/>\n<meta property=\"og:url\" content=\"https:\/\/herbetwa.net\/de\/product\/ringelblume-blatt\/\" \/>\n<meta property=\"og:site_name\" content=\"Herb Etwa\" \/>\n<meta property=\"article:modified_time\" content=\"2022-05-18T07:44:37+00:00\" \/>\n<meta property=\"og:image\" content=\"https:\/\/herbetwa.net\/wp-content\/uploads\/2022\/04\/11-calendula-petals-egypt-herb-etwa2.jpg\" \/>\n\t<meta property=\"og:image:width\" content=\"1024\" \/>\n\t<meta property=\"og:image:height\" content=\"1024\" \/>\n\t<meta property=\"og:image:type\" content=\"image\/jpeg\" \/>\n<meta name=\"twitter:card\" content=\"summary_large_image\" \/>\n<meta name=\"twitter:label1\" content=\"Gesch\u00e4tzte Lesezeit\" \/>\n\t<meta name=\"twitter:data1\" content=\"1\u00a0Minute\" \/>\n<script type=\"application\/ld+json\" class=\"yoast-schema-graph\">{\"@context\":\"https:\\\/\\\/schema.org\",\"@graph\":[{\"@type\":\"WebPage\",\"@id\":\"https:\\\/\\\/herbetwa.net\\\/de\\\/product\\\/ringelblume-blatt\\\/\",\"url\":\"https:\\\/\\\/herbetwa.net\\\/de\\\/product\\\/ringelblume-blatt\\\/\",\"name\":\"Calendula-Bl\u00fctenbl\u00e4tter Sch\u00fcttung | Herb Etwa | JETZT zitieren\",\"isPartOf\":{\"@id\":\"https:\\\/\\\/herbetwa.net\\\/en\\\/#website\"},\"primaryImageOfPage\":{\"@id\":\"https:\\\/\\\/herbetwa.net\\\/de\\\/product\\\/ringelblume-blatt\\\/#primaryimage\"},\"image\":{\"@id\":\"https:\\\/\\\/herbetwa.net\\\/de\\\/product\\\/ringelblume-blatt\\\/#primaryimage\"},\"thumbnailUrl\":\"https:\\\/\\\/www.herbetwa.net\\\/wp-content\\\/uploads\\\/2022\\\/04\\\/11-calendula-petals-egypt-herb-etwa2.jpg\",\"datePublished\":\"2022-04-03T17:23:00+00:00\",\"dateModified\":\"2022-05-18T07:44:37+00:00\",\"description\":\"Vertrauensw\u00fcrdiger Kr\u00e4uterlieferant von Calendula-Bl\u00fctenbl\u00e4ttern.Verkauf Sch\u00fcttung f\u00fcr Kr\u00e4utergro\u00dfh\u00e4ndler und -verteiler FORDERN SIE IHRE KOSTENLOSE PROBE AN\",\"breadcrumb\":{\"@id\":\"https:\\\/\\\/herbetwa.net\\\/de\\\/product\\\/ringelblume-blatt\\\/#breadcrumb\"},\"inLanguage\":\"de\",\"potentialAction\":[{\"@type\":\"ReadAction\",\"target\":[\"https:\\\/\\\/herbetwa.net\\\/de\\\/product\\\/ringelblume-blatt\\\/\"]}]},{\"@type\":\"ImageObject\",\"inLanguage\":\"de\",\"@id\":\"https:\\\/\\\/herbetwa.net\\\/de\\\/product\\\/ringelblume-blatt\\\/#primaryimage\",\"url\":\"https:\\\/\\\/www.herbetwa.net\\\/wp-content\\\/uploads\\\/2022\\\/04\\\/11-calendula-petals-egypt-herb-etwa2.jpg\",\"contentUrl\":\"https:\\\/\\\/www.herbetwa.net\\\/wp-content\\\/uploads\\\/2022\\\/04\\\/11-calendula-petals-egypt-herb-etwa2.jpg\",\"width\":1024,\"height\":1024,\"caption\":\"Marigold Petals Selling In bulk\"},{\"@type\":\"BreadcrumbList\",\"@id\":\"https:\\\/\\\/herbetwa.net\\\/de\\\/product\\\/ringelblume-blatt\\\/#breadcrumb\",\"itemListElement\":[{\"@type\":\"ListItem\",\"position\":1,\"name\":\"Home\",\"item\":\"https:\\\/\\\/herbetwa.net\\\/de\\\/\"},{\"@type\":\"ListItem\",\"position\":2,\"name\":\"Ringelblume Blatt\"}]},{\"@type\":\"WebSite\",\"@id\":\"https:\\\/\\\/herbetwa.net\\\/en\\\/#website\",\"url\":\"https:\\\/\\\/herbetwa.net\\\/en\\\/\",\"name\":\"Herb Etwa\",\"description\":\"Herbs and Spices From Middle East\",\"potentialAction\":[{\"@type\":\"SearchAction\",\"target\":{\"@type\":\"EntryPoint\",\"urlTemplate\":\"https:\\\/\\\/herbetwa.net\\\/en\\\/?s={search_term_string}\"},\"query-input\":{\"@type\":\"PropertyValueSpecification\",\"valueRequired\":true,\"valueName\":\"search_term_string\"}}],\"inLanguage\":\"de\"}]}<\/script>\n<!-- \/ Yoast SEO Premium plugin. -->","yoast_head_json":{"title":"Calendula-Bl\u00fctenbl\u00e4tter Sch\u00fcttung | Herb Etwa | JETZT zitieren","description":"Vertrauensw\u00fcrdiger Kr\u00e4uterlieferant von Calendula-Bl\u00fctenbl\u00e4ttern.Verkauf Sch\u00fcttung f\u00fcr Kr\u00e4utergro\u00dfh\u00e4ndler und -verteiler FORDERN SIE IHRE KOSTENLOSE PROBE AN","robots":{"index":"index","follow":"follow","max-snippet":"max-snippet:-1","max-image-preview":"max-image-preview:large","max-video-preview":"max-video-preview:-1"},"canonical":"https:\/\/herbetwa.net\/de\/product\/ringelblume-blatt\/","og_locale":"de_DE","og_type":"article","og_title":"Ringelblume Blatt","og_description":"Vertrauensw\u00fcrdiger Kr\u00e4uterlieferant von Calendula-Bl\u00fctenbl\u00e4ttern.Verkauf Sch\u00fcttung f\u00fcr Kr\u00e4utergro\u00dfh\u00e4ndler und -verteiler FORDERN SIE IHRE KOSTENLOSE PROBE AN","og_url":"https:\/\/herbetwa.net\/de\/product\/ringelblume-blatt\/","og_site_name":"Herb Etwa","article_modified_time":"2022-05-18T07:44:37+00:00","og_image":[{"width":1024,"height":1024,"url":"https:\/\/herbetwa.net\/wp-content\/uploads\/2022\/04\/11-calendula-petals-egypt-herb-etwa2.jpg","type":"image\/jpeg"}],"twitter_card":"summary_large_image","twitter_misc":{"Gesch\u00e4tzte Lesezeit":"1\u00a0Minute"},"schema":{"@context":"https:\/\/schema.org","@graph":[{"@type":"WebPage","@id":"https:\/\/herbetwa.net\/de\/product\/ringelblume-blatt\/","url":"https:\/\/herbetwa.net\/de\/product\/ringelblume-blatt\/","name":"Calendula-Bl\u00fctenbl\u00e4tter Sch\u00fcttung | Herb Etwa | JETZT zitieren","isPartOf":{"@id":"https:\/\/herbetwa.net\/en\/#website"},"primaryImageOfPage":{"@id":"https:\/\/herbetwa.net\/de\/product\/ringelblume-blatt\/#primaryimage"},"image":{"@id":"https:\/\/herbetwa.net\/de\/product\/ringelblume-blatt\/#primaryimage"},"thumbnailUrl":"https:\/\/www.herbetwa.net\/wp-content\/uploads\/2022\/04\/11-calendula-petals-egypt-herb-etwa2.jpg","datePublished":"2022-04-03T17:23:00+00:00","dateModified":"2022-05-18T07:44:37+00:00","description":"Vertrauensw\u00fcrdiger Kr\u00e4uterlieferant von Calendula-Bl\u00fctenbl\u00e4ttern.Verkauf Sch\u00fcttung f\u00fcr Kr\u00e4utergro\u00dfh\u00e4ndler und -verteiler FORDERN SIE IHRE KOSTENLOSE PROBE AN","breadcrumb":{"@id":"https:\/\/herbetwa.net\/de\/product\/ringelblume-blatt\/#breadcrumb"},"inLanguage":"de","potentialAction":[{"@type":"ReadAction","target":["https:\/\/herbetwa.net\/de\/product\/ringelblume-blatt\/"]}]},{"@type":"ImageObject","inLanguage":"de","@id":"https:\/\/herbetwa.net\/de\/product\/ringelblume-blatt\/#primaryimage","url":"https:\/\/www.herbetwa.net\/wp-content\/uploads\/2022\/04\/11-calendula-petals-egypt-herb-etwa2.jpg","contentUrl":"https:\/\/www.herbetwa.net\/wp-content\/uploads\/2022\/04\/11-calendula-petals-egypt-herb-etwa2.jpg","width":1024,"height":1024,"caption":"Marigold Petals Selling In bulk"},{"@type":"BreadcrumbList","@id":"https:\/\/herbetwa.net\/de\/product\/ringelblume-blatt\/#breadcrumb","itemListElement":[{"@type":"ListItem","position":1,"name":"Home","item":"https:\/\/herbetwa.net\/de\/"},{"@type":"ListItem","position":2,"name":"Ringelblume Blatt"}]},{"@type":"WebSite","@id":"https:\/\/herbetwa.net\/en\/#website","url":"https:\/\/herbetwa.net\/en\/","name":"Herb Etwa","description":"Herbs and Spices From Middle East","potentialAction":[{"@type":"SearchAction","target":{"@type":"EntryPoint","urlTemplate":"https:\/\/herbetwa.net\/en\/?s={search_term_string}"},"query-input":{"@type":"PropertyValueSpecification","valueRequired":true,"valueName":"search_term_string"}}],"inLanguage":"de"}]}},"_links":{"self":[{"href":"https:\/\/www.herbetwa.net\/de\/wp-json\/wp\/v2\/product\/988","targetHints":{"allow":["GET"]}}],"collection":[{"href":"https:\/\/www.herbetwa.net\/de\/wp-json\/wp\/v2\/product"}],"about":[{"href":"https:\/\/www.herbetwa.net\/de\/wp-json\/wp\/v2\/types\/product"}],"wp:featuredmedia":[{"embeddable":true,"href":"https:\/\/www.herbetwa.net\/de\/wp-json\/wp\/v2\/media\/366"}],"wp:attachment":[{"href":"https:\/\/www.herbetwa.net\/de\/wp-json\/wp\/v2\/media?parent=988"}],"wp:term":[{"taxonomy":"product-category","embeddable":true,"href":"https:\/\/www.herbetwa.net\/de\/wp-json\/wp\/v2\/product-category?post=988"}],"curies":[{"name":"wp","href":"https:\/\/api.w.org\/{rel}","templated":true}]}}