{"id":1182,"date":"2022-04-01T15:09:52","date_gmt":"2022-04-01T12:09:52","guid":{"rendered":"https:\/\/herbetwa-com-842510.hostingersite.com\/product\/chamomile-ground\/"},"modified":"2022-05-18T10:30:52","modified_gmt":"2022-05-18T07:30:52","slug":"kamillen-pulver","status":"publish","type":"product","link":"https:\/\/www.herbetwa.net\/de\/product\/kamillen-pulver\/","title":{"rendered":"Kamillen Pulver"},"content":{"rendered":"\n<p>Kamillenbl\u00fcten haben einen Durchmesser von etwa 20-25 cm, sind wei\u00df mit konischen gelben Zentren. Die Bl\u00e4tter sind hellgr\u00fcn, sehr fein geschnitten und hocharomatisch.<\/p>\n\n\n\n<p>Kamillenpulver kann zur Herstellung von Sp\u00fclungen und Haarmasken verwendet werden, um blondes oder hellbraunes Haar aufzuhellen.<\/p>\n\n\n\n<p>Es kann bei der Entspannung helfen und ein Sud des Pulvers kann in Lotionen, Cremes und Salben verwendet werden, um die Haut zu reinigen und zu beruhigen. Eine aus dem pulverisierten Kraut hergestellte Lotion eignet sich auch als After-Sun-Beruhigungsmittel f\u00fcr die Haut.<\/p>\n\n\n\n<p><strong>Name:<\/strong>Yellow Chamomile Powder<\/p>\n\n\n\n<p><strong>Botanischer Name:<\/strong>Matricaria Chmomilla T.B.C.<\/p>\n\n\n\n<p><strong>Form:<\/strong> Daisy T.B.C Feinschnitt 11,5 mm \/ 1,5-2 mm<\/p>\n\n\n\n<p><strong>Qualit\u00e4t:<\/strong> 1. Grad<\/p>\n\n\n\n<p><strong>Paket: <\/strong>20KG P.P oder Papiert\u00fcten (Paket nach Kundenwunsch)<\/p>\n\n\n\n<p><strong>Beh\u00e4lterkapazit\u00e4t:<\/strong><\/p>\n\n\n\n<p>20 FCL-Container 12-13 Tonnen<\/p>\n\n\n\n<p>40 FCL Container 24-26 Tonnen<\/p>\n\n\n\n<p><strong>Verf\u00fcgbarkeit: <\/strong>Die Ernte beginnt im Januar und ist das ganze Jahr auf Lager.<\/p>\n\n\n\n<p><strong>Eigenschaften:<\/strong> Reinheit 99,5 % &#8211; trocken, 5 % Feuchtigkeit<\/p>\n\n\n\n<p><strong>Ursprung:<\/strong> \u00c4gypten<\/p>\n\n\n\n<figure class=\"wp-block-gallery has-nested-images columns-default is-cropped wp-block-gallery-1 is-layout-flex wp-block-gallery-is-layout-flex\">\n<figure class=\"wp-block-image size-medium is-style-default\"><img loading=\"lazy\" decoding=\"async\" width=\"300\" height=\"300\" data-id=\"941\" src=\"https:\/\/herbetwa-com-842510.hostingersite.com\/wp-content\/uploads\/2022\/04\/02-chamomile-ground-egypt-herb-etwa-300x300.jpg\" alt=\"Chamomile Ground of Egyptian origin using as Food ingredient, Exact Chamomile Oil Selling In bulk\" class=\"wp-image-941\" srcset=\"https:\/\/www.herbetwa.net\/wp-content\/uploads\/2022\/04\/02-chamomile-ground-egypt-herb-etwa-300x300.jpg 300w, https:\/\/www.herbetwa.net\/wp-content\/uploads\/2022\/04\/02-chamomile-ground-egypt-herb-etwa.jpg 1024w, https:\/\/www.herbetwa.net\/wp-content\/uploads\/2022\/04\/02-chamomile-ground-egypt-herb-etwa-150x150.jpg 150w, https:\/\/www.herbetwa.net\/wp-content\/uploads\/2022\/04\/02-chamomile-ground-egypt-herb-etwa-768x768.jpg 768w\" sizes=\"auto, (max-width: 300px) 100vw, 300px\" \/><\/figure>\n<\/figure>\n","protected":false},"featured_media":942,"template":"","product-category":[21],"class_list":["post-1182","product","type-product","status-publish","has-post-thumbnail","hentry","product-category-kraeutertee"],"yoast_head":"<!-- This site is optimized with the Yoast SEO Premium plugin v16.6 (Yoast SEO v27.4) - https:\/\/yoast.com\/product\/yoast-seo-premium-wordpress\/ -->\n<title>Kamille gemahlen Sch\u00fcttung | Herb Etwa | JETZT zitieren<\/title>\n<meta name=\"description\" content=\"Vertrauensw\u00fcrdiger Kr\u00e4uterlieferant f\u00fcr getrocknete Kamille. Verkauf Sch\u00fcttung f\u00fcr Kr\u00e4utergro\u00dfh\u00e4ndler und -verteiler FORDERN SIE IHRE KOSTENLOSE PROBE AN\" \/>\n<meta name=\"robots\" content=\"index, follow, max-snippet:-1, max-image-preview:large, max-video-preview:-1\" \/>\n<link rel=\"canonical\" href=\"https:\/\/herbetwa.net\/de\/product\/kamillen-pulver\/\" \/>\n<meta property=\"og:locale\" content=\"de_DE\" \/>\n<meta property=\"og:type\" content=\"article\" \/>\n<meta property=\"og:title\" content=\"Kamillen Pulver\" \/>\n<meta property=\"og:description\" content=\"Vertrauensw\u00fcrdiger Kr\u00e4uterlieferant f\u00fcr getrocknete Kamille. Verkauf Sch\u00fcttung f\u00fcr Kr\u00e4utergro\u00dfh\u00e4ndler und -verteiler FORDERN SIE IHRE KOSTENLOSE PROBE AN\" \/>\n<meta property=\"og:url\" content=\"https:\/\/herbetwa.net\/de\/product\/kamillen-pulver\/\" \/>\n<meta property=\"og:site_name\" content=\"Herb Etwa\" \/>\n<meta property=\"article:modified_time\" content=\"2022-05-18T07:30:52+00:00\" \/>\n<meta property=\"og:image\" content=\"https:\/\/herbetwa.net\/wp-content\/uploads\/2022\/04\/02-chamomile-ground-egypt-herb-etwa.jpg\" \/>\n\t<meta property=\"og:image:width\" content=\"1024\" \/>\n\t<meta property=\"og:image:height\" content=\"1024\" \/>\n\t<meta property=\"og:image:type\" content=\"image\/jpeg\" \/>\n<meta name=\"twitter:card\" content=\"summary_large_image\" \/>\n<meta name=\"twitter:label1\" content=\"Gesch\u00e4tzte Lesezeit\" \/>\n\t<meta name=\"twitter:data1\" content=\"1\u00a0Minute\" \/>\n<script type=\"application\/ld+json\" class=\"yoast-schema-graph\">{\"@context\":\"https:\\\/\\\/schema.org\",\"@graph\":[{\"@type\":\"WebPage\",\"@id\":\"https:\\\/\\\/herbetwa.net\\\/de\\\/product\\\/kamillen-pulver\\\/\",\"url\":\"https:\\\/\\\/herbetwa.net\\\/de\\\/product\\\/kamillen-pulver\\\/\",\"name\":\"Kamille gemahlen Sch\u00fcttung | Herb Etwa | JETZT zitieren\",\"isPartOf\":{\"@id\":\"https:\\\/\\\/herbetwa.net\\\/en\\\/#website\"},\"primaryImageOfPage\":{\"@id\":\"https:\\\/\\\/herbetwa.net\\\/de\\\/product\\\/kamillen-pulver\\\/#primaryimage\"},\"image\":{\"@id\":\"https:\\\/\\\/herbetwa.net\\\/de\\\/product\\\/kamillen-pulver\\\/#primaryimage\"},\"thumbnailUrl\":\"https:\\\/\\\/www.herbetwa.net\\\/wp-content\\\/uploads\\\/2022\\\/04\\\/02-chamomile-ground-egypt-herb-etwa.jpg\",\"datePublished\":\"2022-04-01T12:09:52+00:00\",\"dateModified\":\"2022-05-18T07:30:52+00:00\",\"description\":\"Vertrauensw\u00fcrdiger Kr\u00e4uterlieferant f\u00fcr getrocknete Kamille. Verkauf Sch\u00fcttung f\u00fcr Kr\u00e4utergro\u00dfh\u00e4ndler und -verteiler FORDERN SIE IHRE KOSTENLOSE PROBE AN\",\"breadcrumb\":{\"@id\":\"https:\\\/\\\/herbetwa.net\\\/de\\\/product\\\/kamillen-pulver\\\/#breadcrumb\"},\"inLanguage\":\"de\",\"potentialAction\":[{\"@type\":\"ReadAction\",\"target\":[\"https:\\\/\\\/herbetwa.net\\\/de\\\/product\\\/kamillen-pulver\\\/\"]}]},{\"@type\":\"ImageObject\",\"inLanguage\":\"de\",\"@id\":\"https:\\\/\\\/herbetwa.net\\\/de\\\/product\\\/kamillen-pulver\\\/#primaryimage\",\"url\":\"https:\\\/\\\/www.herbetwa.net\\\/wp-content\\\/uploads\\\/2022\\\/04\\\/02-chamomile-ground-egypt-herb-etwa.jpg\",\"contentUrl\":\"https:\\\/\\\/www.herbetwa.net\\\/wp-content\\\/uploads\\\/2022\\\/04\\\/02-chamomile-ground-egypt-herb-etwa.jpg\",\"width\":1024,\"height\":1024,\"caption\":\"Trusted Herb supplier of chamomile Ground Dried. Selling in bulk for herbal wholesalers & distributors ASK FOR YOUR FREE SAMPLE\"},{\"@type\":\"BreadcrumbList\",\"@id\":\"https:\\\/\\\/herbetwa.net\\\/de\\\/product\\\/kamillen-pulver\\\/#breadcrumb\",\"itemListElement\":[{\"@type\":\"ListItem\",\"position\":1,\"name\":\"Home\",\"item\":\"https:\\\/\\\/herbetwa.net\\\/de\\\/\"},{\"@type\":\"ListItem\",\"position\":2,\"name\":\"Kamillen Pulver\"}]},{\"@type\":\"WebSite\",\"@id\":\"https:\\\/\\\/herbetwa.net\\\/en\\\/#website\",\"url\":\"https:\\\/\\\/herbetwa.net\\\/en\\\/\",\"name\":\"Herb Etwa\",\"description\":\"Herbs and Spices From Middle East\",\"potentialAction\":[{\"@type\":\"SearchAction\",\"target\":{\"@type\":\"EntryPoint\",\"urlTemplate\":\"https:\\\/\\\/herbetwa.net\\\/en\\\/?s={search_term_string}\"},\"query-input\":{\"@type\":\"PropertyValueSpecification\",\"valueRequired\":true,\"valueName\":\"search_term_string\"}}],\"inLanguage\":\"de\"}]}<\/script>\n<!-- \/ Yoast SEO Premium plugin. -->","yoast_head_json":{"title":"Kamille gemahlen Sch\u00fcttung | Herb Etwa | JETZT zitieren","description":"Vertrauensw\u00fcrdiger Kr\u00e4uterlieferant f\u00fcr getrocknete Kamille. Verkauf Sch\u00fcttung f\u00fcr Kr\u00e4utergro\u00dfh\u00e4ndler und -verteiler FORDERN SIE IHRE KOSTENLOSE PROBE AN","robots":{"index":"index","follow":"follow","max-snippet":"max-snippet:-1","max-image-preview":"max-image-preview:large","max-video-preview":"max-video-preview:-1"},"canonical":"https:\/\/herbetwa.net\/de\/product\/kamillen-pulver\/","og_locale":"de_DE","og_type":"article","og_title":"Kamillen Pulver","og_description":"Vertrauensw\u00fcrdiger Kr\u00e4uterlieferant f\u00fcr getrocknete Kamille. Verkauf Sch\u00fcttung f\u00fcr Kr\u00e4utergro\u00dfh\u00e4ndler und -verteiler FORDERN SIE IHRE KOSTENLOSE PROBE AN","og_url":"https:\/\/herbetwa.net\/de\/product\/kamillen-pulver\/","og_site_name":"Herb Etwa","article_modified_time":"2022-05-18T07:30:52+00:00","og_image":[{"width":1024,"height":1024,"url":"https:\/\/herbetwa.net\/wp-content\/uploads\/2022\/04\/02-chamomile-ground-egypt-herb-etwa.jpg","type":"image\/jpeg"}],"twitter_card":"summary_large_image","twitter_misc":{"Gesch\u00e4tzte Lesezeit":"1\u00a0Minute"},"schema":{"@context":"https:\/\/schema.org","@graph":[{"@type":"WebPage","@id":"https:\/\/herbetwa.net\/de\/product\/kamillen-pulver\/","url":"https:\/\/herbetwa.net\/de\/product\/kamillen-pulver\/","name":"Kamille gemahlen Sch\u00fcttung | Herb Etwa | JETZT zitieren","isPartOf":{"@id":"https:\/\/herbetwa.net\/en\/#website"},"primaryImageOfPage":{"@id":"https:\/\/herbetwa.net\/de\/product\/kamillen-pulver\/#primaryimage"},"image":{"@id":"https:\/\/herbetwa.net\/de\/product\/kamillen-pulver\/#primaryimage"},"thumbnailUrl":"https:\/\/www.herbetwa.net\/wp-content\/uploads\/2022\/04\/02-chamomile-ground-egypt-herb-etwa.jpg","datePublished":"2022-04-01T12:09:52+00:00","dateModified":"2022-05-18T07:30:52+00:00","description":"Vertrauensw\u00fcrdiger Kr\u00e4uterlieferant f\u00fcr getrocknete Kamille. Verkauf Sch\u00fcttung f\u00fcr Kr\u00e4utergro\u00dfh\u00e4ndler und -verteiler FORDERN SIE IHRE KOSTENLOSE PROBE AN","breadcrumb":{"@id":"https:\/\/herbetwa.net\/de\/product\/kamillen-pulver\/#breadcrumb"},"inLanguage":"de","potentialAction":[{"@type":"ReadAction","target":["https:\/\/herbetwa.net\/de\/product\/kamillen-pulver\/"]}]},{"@type":"ImageObject","inLanguage":"de","@id":"https:\/\/herbetwa.net\/de\/product\/kamillen-pulver\/#primaryimage","url":"https:\/\/www.herbetwa.net\/wp-content\/uploads\/2022\/04\/02-chamomile-ground-egypt-herb-etwa.jpg","contentUrl":"https:\/\/www.herbetwa.net\/wp-content\/uploads\/2022\/04\/02-chamomile-ground-egypt-herb-etwa.jpg","width":1024,"height":1024,"caption":"Trusted Herb supplier of chamomile Ground Dried. Selling in bulk for herbal wholesalers & distributors ASK FOR YOUR FREE SAMPLE"},{"@type":"BreadcrumbList","@id":"https:\/\/herbetwa.net\/de\/product\/kamillen-pulver\/#breadcrumb","itemListElement":[{"@type":"ListItem","position":1,"name":"Home","item":"https:\/\/herbetwa.net\/de\/"},{"@type":"ListItem","position":2,"name":"Kamillen Pulver"}]},{"@type":"WebSite","@id":"https:\/\/herbetwa.net\/en\/#website","url":"https:\/\/herbetwa.net\/en\/","name":"Herb Etwa","description":"Herbs and Spices From Middle East","potentialAction":[{"@type":"SearchAction","target":{"@type":"EntryPoint","urlTemplate":"https:\/\/herbetwa.net\/en\/?s={search_term_string}"},"query-input":{"@type":"PropertyValueSpecification","valueRequired":true,"valueName":"search_term_string"}}],"inLanguage":"de"}]}},"_links":{"self":[{"href":"https:\/\/www.herbetwa.net\/de\/wp-json\/wp\/v2\/product\/1182","targetHints":{"allow":["GET"]}}],"collection":[{"href":"https:\/\/www.herbetwa.net\/de\/wp-json\/wp\/v2\/product"}],"about":[{"href":"https:\/\/www.herbetwa.net\/de\/wp-json\/wp\/v2\/types\/product"}],"wp:featuredmedia":[{"embeddable":true,"href":"https:\/\/www.herbetwa.net\/de\/wp-json\/wp\/v2\/media\/942"}],"wp:attachment":[{"href":"https:\/\/www.herbetwa.net\/de\/wp-json\/wp\/v2\/media?parent=1182"}],"wp:term":[{"taxonomy":"product-category","embeddable":true,"href":"https:\/\/www.herbetwa.net\/de\/wp-json\/wp\/v2\/product-category?post=1182"}],"curies":[{"name":"wp","href":"https:\/\/api.w.org\/{rel}","templated":true}]}}