{"id":1176,"date":"2022-04-01T15:23:13","date_gmt":"2022-04-01T12:23:13","guid":{"rendered":"https:\/\/herbetwa-com-842510.hostingersite.com\/product\/peppermint\/"},"modified":"2022-05-18T10:19:34","modified_gmt":"2022-05-18T07:19:34","slug":"minze","status":"publish","type":"product","link":"https:\/\/www.herbetwa.net\/de\/product\/minze\/","title":{"rendered":"Minze"},"content":{"rendered":"\n<p>Herb Etwa verkauft seit 2010 Bio-Pfefferminzbl\u00fcten. Unsere Produkte sind 100 % nat\u00fcrlich und frei von synthetischen Inhaltsstoffen. Pestizide, Insektizide, Fungizide, Herbizide, chemische D\u00fcngemittel und GMOs.<\/p>\n\n\n\n<p>Wir verkaufen in gro\u00dfen Mengen zu Gro\u00dfhandelspreisen, wir bieten Rabatte f\u00fcr gro\u00dfe Bestellungen und versenden weltweit.<\/p>\n\n\n\n<p>Wir garantieren, dass wir nur die besten Kr\u00e4uter verwenden.<\/p>\n\n\n\n<p>Pfefferminzbl\u00fcten werden unterschiedlich verwendet, zum Beispiel werden die Bl\u00e4tter dieses Krauts dampfdestilliert, um Pfefferminz\u00f6l herzustellen. Dieses \u00d6l wird seit der Antike als nat\u00fcrliches Heilmittel bei Verdauungsproblemen, Kopfschmerzen, Erk\u00e4ltungen und Zahnschmerzen verwendet. Es wird auch als Geschmackszusatz in Lebensmitteln und Getr\u00e4nken verwendet.<\/p>\n\n\n\n<p>Dieses Kraut ist auch als gr\u00fcne Minze bekannt. Seine Bl\u00e4tter werden ged\u00e4mpft und getrocknet, um ein erfrischendes Getr\u00e4nk herzustellen, das helfen kann, Magenschmerzen zu lindern.<\/p>\n\n\n\n<p>Es ist ein beliebter Inhaltsstoff in vielen Arten von Seifen. Es hilft, Ihre Haut zu reinigen und Ihren Atem zu erfrischen.<\/p>\n\n\n\n<p><strong>Name:<\/strong>Minze<\/p>\n\n\n\n<p><strong>Botanischer Name:<\/strong>Menthae piperitae<\/p>\n\n\n\n<p><strong>Form:<\/strong> ganze Bl\u00e4tter, 3-3,5 mm gerieben<\/p>\n\n\n\n<p><strong>Qualit\u00e4t: <\/strong>1. Klasse<\/p>\n\n\n\n<p><strong>Verpackung: <\/strong>15 kg Papiersack oder 20 kg Polypropylensack<\/p>\n\n\n\n<p><strong>Formen: <\/strong>Ganze Bl\u00e4tter und zerkleinert (Paket kann nach Kundenwunsch hergestellt werden)<\/p>\n\n\n\n<p><strong>Beh\u00e4lterkapazit\u00e4t:<\/strong><\/p>\n\n\n\n<p>20 FCL-Container 5-6 Tonnen<\/p>\n\n\n\n<p>40 FCL Container 11-12 Tonnen<\/p>\n\n\n\n<p><strong>Verf\u00fcgbarkeit: <\/strong>Die Ernte beginnt im M\u00e4rz und ist das ganze Jahr auf Lager.<br><strong>Ursprung<\/strong>: \u00c4gypten<\/p>\n\n\n\n<figure class=\"wp-block-gallery has-nested-images columns-default is-cropped wp-block-gallery-1 is-layout-flex wp-block-gallery-is-layout-flex\">\n<figure class=\"wp-block-image size-large\"><img loading=\"lazy\" decoding=\"async\" width=\"2560\" height=\"1920\" data-id=\"108\" src=\"https:\/\/herbetwa-com-842510.hostingersite.com\/wp-content\/uploads\/2022\/04\/8-peppermint-egypt-herb-etwa3-scaled.jpg\" alt=\"Peppermint of Egyptian origin Selling In bulk\" class=\"wp-image-108\" srcset=\"https:\/\/www.herbetwa.net\/wp-content\/uploads\/2022\/04\/8-peppermint-egypt-herb-etwa3-scaled.jpg 2560w, https:\/\/www.herbetwa.net\/wp-content\/uploads\/2022\/04\/8-peppermint-egypt-herb-etwa3-scaled-300x225.jpg 300w, https:\/\/www.herbetwa.net\/wp-content\/uploads\/2022\/04\/8-peppermint-egypt-herb-etwa3-scaled-1024x768.jpg 1024w, https:\/\/www.herbetwa.net\/wp-content\/uploads\/2022\/04\/8-peppermint-egypt-herb-etwa3-scaled-768x576.jpg 768w, https:\/\/www.herbetwa.net\/wp-content\/uploads\/2022\/04\/8-peppermint-egypt-herb-etwa3-scaled-1536x1152.jpg 1536w, https:\/\/www.herbetwa.net\/wp-content\/uploads\/2022\/04\/8-peppermint-egypt-herb-etwa3-scaled-2048x1536.jpg 2048w\" sizes=\"auto, (max-width: 2560px) 100vw, 2560px\" \/><\/figure>\n\n\n\n<figure class=\"wp-block-image size-large\"><img loading=\"lazy\" decoding=\"async\" width=\"1024\" height=\"1024\" data-id=\"109\" src=\"https:\/\/herbetwa-com-842510.hostingersite.com\/wp-content\/uploads\/2022\/04\/8-peppermint-egypt-herb-etwa-fine-cut.jpg\" alt=\"Peppermint is used as a flavouring in herbal teas, a fragrance in soaps, and cosmetics\" class=\"wp-image-109\" srcset=\"https:\/\/www.herbetwa.net\/wp-content\/uploads\/2022\/04\/8-peppermint-egypt-herb-etwa-fine-cut.jpg 1024w, https:\/\/www.herbetwa.net\/wp-content\/uploads\/2022\/04\/8-peppermint-egypt-herb-etwa-fine-cut-300x300.jpg 300w, https:\/\/www.herbetwa.net\/wp-content\/uploads\/2022\/04\/8-peppermint-egypt-herb-etwa-fine-cut-150x150.jpg 150w, https:\/\/www.herbetwa.net\/wp-content\/uploads\/2022\/04\/8-peppermint-egypt-herb-etwa-fine-cut-768x768.jpg 768w\" sizes=\"auto, (max-width: 1024px) 100vw, 1024px\" \/><\/figure>\n\n\n\n<figure class=\"wp-block-image size-large\"><img loading=\"lazy\" decoding=\"async\" width=\"800\" height=\"572\" data-id=\"110\" src=\"https:\/\/herbetwa-com-842510.hostingersite.com\/wp-content\/uploads\/2022\/04\/8-peppermint-egypt-herb-etwa-green.png\" alt=\"Peppermint of Egyptian origin Peppermint is used as a flavouring in herbal teas, a fragrance in soaps, and cosmetics Selling In bulk\" class=\"wp-image-110\" srcset=\"https:\/\/www.herbetwa.net\/wp-content\/uploads\/2022\/04\/8-peppermint-egypt-herb-etwa-green.png 800w, https:\/\/www.herbetwa.net\/wp-content\/uploads\/2022\/04\/8-peppermint-egypt-herb-etwa-green-300x215.png 300w, https:\/\/www.herbetwa.net\/wp-content\/uploads\/2022\/04\/8-peppermint-egypt-herb-etwa-green-768x549.png 768w\" sizes=\"auto, (max-width: 800px) 100vw, 800px\" \/><\/figure>\n\n\n\n<figure class=\"wp-block-image size-large\"><img loading=\"lazy\" decoding=\"async\" width=\"1200\" height=\"1200\" data-id=\"111\" src=\"https:\/\/herbetwa-com-842510.hostingersite.com\/wp-content\/uploads\/2022\/04\/8-peppermint-egypt-herb-etwa-green3.png\" alt=\"Peppermint of Egyptian origin Peppermint is used as a flavouring in herbal teas, a fragrance in soaps, and cosmetics Selling In bulk\" class=\"wp-image-111\" srcset=\"https:\/\/www.herbetwa.net\/wp-content\/uploads\/2022\/04\/8-peppermint-egypt-herb-etwa-green3.png 1200w, https:\/\/www.herbetwa.net\/wp-content\/uploads\/2022\/04\/8-peppermint-egypt-herb-etwa-green3-300x300.png 300w, https:\/\/www.herbetwa.net\/wp-content\/uploads\/2022\/04\/8-peppermint-egypt-herb-etwa-green3-1024x1024.png 1024w, https:\/\/www.herbetwa.net\/wp-content\/uploads\/2022\/04\/8-peppermint-egypt-herb-etwa-green3-150x150.png 150w, https:\/\/www.herbetwa.net\/wp-content\/uploads\/2022\/04\/8-peppermint-egypt-herb-etwa-green3-768x768.png 768w\" sizes=\"auto, (max-width: 1200px) 100vw, 1200px\" \/><\/figure>\n\n\n\n<figure class=\"wp-block-image size-large\"><img loading=\"lazy\" decoding=\"async\" width=\"1000\" height=\"1000\" data-id=\"112\" src=\"https:\/\/herbetwa-com-842510.hostingersite.com\/wp-content\/uploads\/2022\/04\/8-peppermint-egypt-herb-etwa-green4.png\" alt=\"Peppermint of Egyptian origin Peppermint is used as a flavouring in herbal teas, a fragrance in soaps, and cosmetics Selling In bulk\" class=\"wp-image-112\" srcset=\"https:\/\/www.herbetwa.net\/wp-content\/uploads\/2022\/04\/8-peppermint-egypt-herb-etwa-green4.png 1000w, https:\/\/www.herbetwa.net\/wp-content\/uploads\/2022\/04\/8-peppermint-egypt-herb-etwa-green4-300x300.png 300w, https:\/\/www.herbetwa.net\/wp-content\/uploads\/2022\/04\/8-peppermint-egypt-herb-etwa-green4-150x150.png 150w, https:\/\/www.herbetwa.net\/wp-content\/uploads\/2022\/04\/8-peppermint-egypt-herb-etwa-green4-768x768.png 768w\" sizes=\"auto, (max-width: 1000px) 100vw, 1000px\" \/><\/figure>\n<\/figure>\n","protected":false},"featured_media":344,"template":"","product-category":[21],"class_list":["post-1176","product","type-product","status-publish","has-post-thumbnail","hentry","product-category-kraeutertee"],"yoast_head":"<!-- This site is optimized with the Yoast SEO Premium plugin v16.6 (Yoast SEO v27.4) - https:\/\/yoast.com\/product\/yoast-seo-premium-wordpress\/ -->\n<title>Bio-Pfefferminze Sch\u00fcttung | Herb Etwa | JETZT zitieren<\/title>\n<meta name=\"description\" content=\"Vertrauensw\u00fcrdiger Kr\u00e4uterlieferant von Pfefferminze Verkauf Sch\u00fcttung f\u00fcr Kr\u00e4utergro\u00dfh\u00e4ndler und -verteiler FORDERN SIE IHRE KOSTENLOSE PROBE AN\" \/>\n<meta name=\"robots\" content=\"index, follow, max-snippet:-1, max-image-preview:large, max-video-preview:-1\" \/>\n<link rel=\"canonical\" href=\"https:\/\/herbetwa.net\/de\/product\/minze\/\" \/>\n<meta property=\"og:locale\" content=\"de_DE\" \/>\n<meta property=\"og:type\" content=\"article\" \/>\n<meta property=\"og:title\" content=\"Minze\" \/>\n<meta property=\"og:description\" content=\"Vertrauensw\u00fcrdiger Kr\u00e4uterlieferant von Pfefferminze Verkauf Sch\u00fcttung f\u00fcr Kr\u00e4utergro\u00dfh\u00e4ndler und -verteiler FORDERN SIE IHRE KOSTENLOSE PROBE AN\" \/>\n<meta property=\"og:url\" content=\"https:\/\/herbetwa.net\/de\/product\/minze\/\" \/>\n<meta property=\"og:site_name\" content=\"Herb Etwa\" \/>\n<meta property=\"article:modified_time\" content=\"2022-05-18T07:19:34+00:00\" \/>\n<meta property=\"og:image\" content=\"https:\/\/herbetwa.net\/wp-content\/uploads\/2022\/04\/8-peppermint-egypt-herb-etwa-fine-cut.jpg\" \/>\n\t<meta property=\"og:image:width\" content=\"1024\" \/>\n\t<meta property=\"og:image:height\" content=\"1024\" \/>\n\t<meta property=\"og:image:type\" content=\"image\/jpeg\" \/>\n<meta name=\"twitter:card\" content=\"summary_large_image\" \/>\n<meta name=\"twitter:label1\" content=\"Gesch\u00e4tzte Lesezeit\" \/>\n\t<meta name=\"twitter:data1\" content=\"2\u00a0Minuten\" \/>\n<script type=\"application\/ld+json\" class=\"yoast-schema-graph\">{\"@context\":\"https:\\\/\\\/schema.org\",\"@graph\":[{\"@type\":\"WebPage\",\"@id\":\"https:\\\/\\\/herbetwa.net\\\/de\\\/product\\\/minze\\\/\",\"url\":\"https:\\\/\\\/herbetwa.net\\\/de\\\/product\\\/minze\\\/\",\"name\":\"Bio-Pfefferminze Sch\u00fcttung | Herb Etwa | JETZT zitieren\",\"isPartOf\":{\"@id\":\"https:\\\/\\\/herbetwa.net\\\/en\\\/#website\"},\"primaryImageOfPage\":{\"@id\":\"https:\\\/\\\/herbetwa.net\\\/de\\\/product\\\/minze\\\/#primaryimage\"},\"image\":{\"@id\":\"https:\\\/\\\/herbetwa.net\\\/de\\\/product\\\/minze\\\/#primaryimage\"},\"thumbnailUrl\":\"https:\\\/\\\/www.herbetwa.net\\\/wp-content\\\/uploads\\\/2022\\\/04\\\/8-peppermint-egypt-herb-etwa-fine-cut.jpg\",\"datePublished\":\"2022-04-01T12:23:13+00:00\",\"dateModified\":\"2022-05-18T07:19:34+00:00\",\"description\":\"Vertrauensw\u00fcrdiger Kr\u00e4uterlieferant von Pfefferminze Verkauf Sch\u00fcttung f\u00fcr Kr\u00e4utergro\u00dfh\u00e4ndler und -verteiler FORDERN SIE IHRE KOSTENLOSE PROBE AN\",\"breadcrumb\":{\"@id\":\"https:\\\/\\\/herbetwa.net\\\/de\\\/product\\\/minze\\\/#breadcrumb\"},\"inLanguage\":\"de\",\"potentialAction\":[{\"@type\":\"ReadAction\",\"target\":[\"https:\\\/\\\/herbetwa.net\\\/de\\\/product\\\/minze\\\/\"]}]},{\"@type\":\"ImageObject\",\"inLanguage\":\"de\",\"@id\":\"https:\\\/\\\/herbetwa.net\\\/de\\\/product\\\/minze\\\/#primaryimage\",\"url\":\"https:\\\/\\\/www.herbetwa.net\\\/wp-content\\\/uploads\\\/2022\\\/04\\\/8-peppermint-egypt-herb-etwa-fine-cut.jpg\",\"contentUrl\":\"https:\\\/\\\/www.herbetwa.net\\\/wp-content\\\/uploads\\\/2022\\\/04\\\/8-peppermint-egypt-herb-etwa-fine-cut.jpg\",\"width\":1024,\"height\":1024,\"caption\":\"Peppermint of Egyptian origin Peppermint is used as a flavouring in herbal teas, a fragrance in soaps, and cosmetics Selling In bulk\"},{\"@type\":\"BreadcrumbList\",\"@id\":\"https:\\\/\\\/herbetwa.net\\\/de\\\/product\\\/minze\\\/#breadcrumb\",\"itemListElement\":[{\"@type\":\"ListItem\",\"position\":1,\"name\":\"Home\",\"item\":\"https:\\\/\\\/herbetwa.net\\\/de\\\/\"},{\"@type\":\"ListItem\",\"position\":2,\"name\":\"Minze\"}]},{\"@type\":\"WebSite\",\"@id\":\"https:\\\/\\\/herbetwa.net\\\/en\\\/#website\",\"url\":\"https:\\\/\\\/herbetwa.net\\\/en\\\/\",\"name\":\"Herb Etwa\",\"description\":\"Herbs and Spices From Middle East\",\"potentialAction\":[{\"@type\":\"SearchAction\",\"target\":{\"@type\":\"EntryPoint\",\"urlTemplate\":\"https:\\\/\\\/herbetwa.net\\\/en\\\/?s={search_term_string}\"},\"query-input\":{\"@type\":\"PropertyValueSpecification\",\"valueRequired\":true,\"valueName\":\"search_term_string\"}}],\"inLanguage\":\"de\"}]}<\/script>\n<!-- \/ Yoast SEO Premium plugin. -->","yoast_head_json":{"title":"Bio-Pfefferminze Sch\u00fcttung | Herb Etwa | JETZT zitieren","description":"Vertrauensw\u00fcrdiger Kr\u00e4uterlieferant von Pfefferminze Verkauf Sch\u00fcttung f\u00fcr Kr\u00e4utergro\u00dfh\u00e4ndler und -verteiler FORDERN SIE IHRE KOSTENLOSE PROBE AN","robots":{"index":"index","follow":"follow","max-snippet":"max-snippet:-1","max-image-preview":"max-image-preview:large","max-video-preview":"max-video-preview:-1"},"canonical":"https:\/\/herbetwa.net\/de\/product\/minze\/","og_locale":"de_DE","og_type":"article","og_title":"Minze","og_description":"Vertrauensw\u00fcrdiger Kr\u00e4uterlieferant von Pfefferminze Verkauf Sch\u00fcttung f\u00fcr Kr\u00e4utergro\u00dfh\u00e4ndler und -verteiler FORDERN SIE IHRE KOSTENLOSE PROBE AN","og_url":"https:\/\/herbetwa.net\/de\/product\/minze\/","og_site_name":"Herb Etwa","article_modified_time":"2022-05-18T07:19:34+00:00","og_image":[{"width":1024,"height":1024,"url":"https:\/\/herbetwa.net\/wp-content\/uploads\/2022\/04\/8-peppermint-egypt-herb-etwa-fine-cut.jpg","type":"image\/jpeg"}],"twitter_card":"summary_large_image","twitter_misc":{"Gesch\u00e4tzte Lesezeit":"2\u00a0Minuten"},"schema":{"@context":"https:\/\/schema.org","@graph":[{"@type":"WebPage","@id":"https:\/\/herbetwa.net\/de\/product\/minze\/","url":"https:\/\/herbetwa.net\/de\/product\/minze\/","name":"Bio-Pfefferminze Sch\u00fcttung | Herb Etwa | JETZT zitieren","isPartOf":{"@id":"https:\/\/herbetwa.net\/en\/#website"},"primaryImageOfPage":{"@id":"https:\/\/herbetwa.net\/de\/product\/minze\/#primaryimage"},"image":{"@id":"https:\/\/herbetwa.net\/de\/product\/minze\/#primaryimage"},"thumbnailUrl":"https:\/\/www.herbetwa.net\/wp-content\/uploads\/2022\/04\/8-peppermint-egypt-herb-etwa-fine-cut.jpg","datePublished":"2022-04-01T12:23:13+00:00","dateModified":"2022-05-18T07:19:34+00:00","description":"Vertrauensw\u00fcrdiger Kr\u00e4uterlieferant von Pfefferminze Verkauf Sch\u00fcttung f\u00fcr Kr\u00e4utergro\u00dfh\u00e4ndler und -verteiler FORDERN SIE IHRE KOSTENLOSE PROBE AN","breadcrumb":{"@id":"https:\/\/herbetwa.net\/de\/product\/minze\/#breadcrumb"},"inLanguage":"de","potentialAction":[{"@type":"ReadAction","target":["https:\/\/herbetwa.net\/de\/product\/minze\/"]}]},{"@type":"ImageObject","inLanguage":"de","@id":"https:\/\/herbetwa.net\/de\/product\/minze\/#primaryimage","url":"https:\/\/www.herbetwa.net\/wp-content\/uploads\/2022\/04\/8-peppermint-egypt-herb-etwa-fine-cut.jpg","contentUrl":"https:\/\/www.herbetwa.net\/wp-content\/uploads\/2022\/04\/8-peppermint-egypt-herb-etwa-fine-cut.jpg","width":1024,"height":1024,"caption":"Peppermint of Egyptian origin Peppermint is used as a flavouring in herbal teas, a fragrance in soaps, and cosmetics Selling In bulk"},{"@type":"BreadcrumbList","@id":"https:\/\/herbetwa.net\/de\/product\/minze\/#breadcrumb","itemListElement":[{"@type":"ListItem","position":1,"name":"Home","item":"https:\/\/herbetwa.net\/de\/"},{"@type":"ListItem","position":2,"name":"Minze"}]},{"@type":"WebSite","@id":"https:\/\/herbetwa.net\/en\/#website","url":"https:\/\/herbetwa.net\/en\/","name":"Herb Etwa","description":"Herbs and Spices From Middle East","potentialAction":[{"@type":"SearchAction","target":{"@type":"EntryPoint","urlTemplate":"https:\/\/herbetwa.net\/en\/?s={search_term_string}"},"query-input":{"@type":"PropertyValueSpecification","valueRequired":true,"valueName":"search_term_string"}}],"inLanguage":"de"}]}},"_links":{"self":[{"href":"https:\/\/www.herbetwa.net\/de\/wp-json\/wp\/v2\/product\/1176","targetHints":{"allow":["GET"]}}],"collection":[{"href":"https:\/\/www.herbetwa.net\/de\/wp-json\/wp\/v2\/product"}],"about":[{"href":"https:\/\/www.herbetwa.net\/de\/wp-json\/wp\/v2\/types\/product"}],"wp:featuredmedia":[{"embeddable":true,"href":"https:\/\/www.herbetwa.net\/de\/wp-json\/wp\/v2\/media\/344"}],"wp:attachment":[{"href":"https:\/\/www.herbetwa.net\/de\/wp-json\/wp\/v2\/media?parent=1176"}],"wp:term":[{"taxonomy":"product-category","embeddable":true,"href":"https:\/\/www.herbetwa.net\/de\/wp-json\/wp\/v2\/product-category?post=1176"}],"curies":[{"name":"wp","href":"https:\/\/api.w.org\/{rel}","templated":true}]}}