{"id":1175,"date":"2022-04-08T23:39:47","date_gmt":"2022-04-08T20:39:47","guid":{"rendered":"https:\/\/herbetwa-com-842510.hostingersite.com\/product\/dried-chamomile-flowers\/"},"modified":"2022-05-17T17:45:31","modified_gmt":"2022-05-17T14:45:31","slug":"kamillentee","status":"publish","type":"product","link":"https:\/\/www.herbetwa.net\/de\/product\/kamillentee\/","title":{"rendered":"Kamillentee"},"content":{"rendered":"\n<p>Herb Etwa verkauft seit 2010 Bio-Kamillenbl\u00fcten. Unsere Produkte sind 100 % nat\u00fcrlich und frei von synthetischen Inhaltsstoffen. Pestizide, Insektizide, Fungizide, Herbizide, chemische D\u00fcngemittel und GMOs.<\/p>\n\n\n\n<p>Wir verkaufen in gro\u00dfen Mengen zu Gro\u00dfhandelspreisen, wir bieten Rabatte f\u00fcr gro\u00dfe Bestellungen und versenden weltweit.<\/p>\n\n\n\n<p>Wir garantieren, dass wir nur die besten Kr\u00e4uter verwenden.<\/p>\n\n\n\n<p>Kamillenbl\u00fcten sind f\u00fcr ihre beruhigende Wirkung auf den K\u00f6rper bekannt. Es wurde im Laufe der Geschichte zur Behandlung von Schlaflosigkeit, Angstzust\u00e4nden, Depressionen und anderen psychischen Problemen eingesetzt. Es wird auch h\u00e4ufig verwendet, um Stress und Anspannung abzubauen.<\/p>\n\n\n\n<p>Kamillenbl\u00fcten geh\u00f6ren zur Familie der Asteraceae. Damit geh\u00f6rt sie zur Familie der Sonnenblumen. Sie ist in Europa und Asien beheimatet, kann aber mittlerweile weltweit angebaut werden.<\/p>\n\n\n\n<p>Kamillenbl\u00fcten enthalten viele n\u00fctzliche Verbindungen, darunter Flavonoide, Terpene, Vitamine, Mineralien und Antioxidantien.<\/p>\n\n\n\n<p>Kamille-Anh\u00e4nger werden oft in Teeform verwendet. Sie k\u00f6nnen Ihren eigenen Kamillentee zubereiten, indem Sie getrocknete Kamillenbl\u00fcten in hei\u00dfem Wasser ziehen lassen. Sie k\u00f6nnen auch vorgefertigten Kamillentee in lokalen Gesch\u00e4ften kaufen. Kamillenbl\u00fcten werden am besten vom sp\u00e4ten Fr\u00fchling bis zum fr\u00fchen Herbst geerntet. Eine zu fr\u00fche Ernte kann dazu f\u00fchren, dass die Bl\u00fcten welken, bevor sie sich vollst\u00e4ndig entwickelt haben.<\/p>\n\n\n\n<p>Kamille ist einfach zu z\u00fcchten. Es erfordert volles Sonnenlicht und gut durchl\u00e4ssigen Boden. Wenn Sie in einem feuchten Klima leben, sollten Sie erw\u00e4gen, Kamille drinnen zu pflanzen.<\/p>\n\n\n\n<p><strong>Name:<\/strong>Kamillentee<\/p>\n\n\n\n<p><strong>Botanischer Name:<\/strong> Matricaria Chmomilla<\/p>\n\n\n\n<p><strong>Verf\u00fcgbare Form: <\/strong>G\u00e4nsebl\u00fcmchenblume in absoluter Premium-Qualit\u00e4t<\/p>\n\n\n\n<p><strong>Paket: <\/strong>Kartons 12,5 kg Nettogewicht (Paket kann nach Kundenwunsch hergestellt werden)<\/p>\n\n\n\n<p><strong>Beh\u00e4lterkapazit\u00e4t:<\/strong><\/p>\n\n\n\n<p>20 FCL-Container 3,5 Tonnen<\/p>\n\n\n\n<p>40 FCL-Container 7 Tonnen<\/p>\n\n\n\n<p><strong>Verf\u00fcgbarkeit: <\/strong>Die Ernte beginnt im Januar und ist das ganze Jahr auf Lager.<\/p>\n\n\n\n<p><strong>Eigenschaften:<\/strong> Reinheit 99,5 % &#8211; trocken, 5 % Feuchtigkeit<\/p>\n\n\n\n<p><strong>Ursprung<\/strong>: \u00c4gypten.<\/p>\n\n\n\n<figure class=\"wp-block-image size-full\"><img loading=\"lazy\" decoding=\"async\" width=\"600\" height=\"600\" src=\"https:\/\/herbetwa-com-842510.hostingersite.com\/wp-content\/uploads\/2022\/04\/1-chamomile-flower-egypt-herb-etwa5.jpg\" alt=\"Chamomile Flowers Dried Whole Egyptian origin using as Tea, in Creams for skin Extract Chamomile Oil Selling In bulk\" class=\"wp-image-83\" srcset=\"https:\/\/www.herbetwa.net\/wp-content\/uploads\/2022\/04\/1-chamomile-flower-egypt-herb-etwa5.jpg 600w, https:\/\/www.herbetwa.net\/wp-content\/uploads\/2022\/04\/1-chamomile-flower-egypt-herb-etwa5-300x300.jpg 300w, https:\/\/www.herbetwa.net\/wp-content\/uploads\/2022\/04\/1-chamomile-flower-egypt-herb-etwa5-150x150.jpg 150w\" sizes=\"auto, (max-width: 600px) 100vw, 600px\" \/><figcaption>+<\/figcaption><\/figure>\n","protected":false},"featured_media":1286,"template":"","product-category":[21],"class_list":["post-1175","product","type-product","status-publish","has-post-thumbnail","hentry","product-category-kraeutertee"],"yoast_head":"<!-- This site is optimized with the Yoast SEO Premium plugin v16.6 (Yoast SEO v27.4) - https:\/\/yoast.com\/product\/yoast-seo-premium-wordpress\/ -->\n<title>Kamillenbl\u00fcten Sch\u00fcttung | Herb Etwa | JETZT zitieren<\/title>\n<meta name=\"description\" content=\"Vertrauensw\u00fcrdiger Kr\u00e4uterlieferant f\u00fcr getrocknete Kamillenbl\u00fcten Verkauf Sch\u00fcttung f\u00fcr Kr\u00e4uter Gro\u00dfh\u00e4ndler und verteiler FORDERN SIE IHRE KOSTENLOSE PROBE AN\" \/>\n<meta name=\"robots\" content=\"index, follow, max-snippet:-1, max-image-preview:large, max-video-preview:-1\" \/>\n<link rel=\"canonical\" href=\"https:\/\/herbetwa.net\/de\/product\/kamillentee\/\" \/>\n<meta property=\"og:locale\" content=\"de_DE\" \/>\n<meta property=\"og:type\" content=\"article\" \/>\n<meta property=\"og:title\" content=\"Kamillentee\" \/>\n<meta property=\"og:description\" content=\"Vertrauensw\u00fcrdiger Kr\u00e4uterlieferant f\u00fcr getrocknete Kamillenbl\u00fcten Verkauf Sch\u00fcttung f\u00fcr Kr\u00e4uter Gro\u00dfh\u00e4ndler und verteiler FORDERN SIE IHRE KOSTENLOSE PROBE AN\" \/>\n<meta property=\"og:url\" content=\"https:\/\/herbetwa.net\/de\/product\/kamillentee\/\" \/>\n<meta property=\"og:site_name\" content=\"Herb Etwa\" \/>\n<meta property=\"article:modified_time\" content=\"2022-05-17T14:45:31+00:00\" \/>\n<meta property=\"og:image\" content=\"https:\/\/herbetwa.net\/wp-content\/uploads\/2022\/04\/1-chamomile-flower-egypt-herb-etwa2-1.jpg\" \/>\n\t<meta property=\"og:image:width\" content=\"1024\" \/>\n\t<meta property=\"og:image:height\" content=\"1024\" \/>\n\t<meta property=\"og:image:type\" content=\"image\/jpeg\" \/>\n<meta name=\"twitter:card\" content=\"summary_large_image\" \/>\n<meta name=\"twitter:label1\" content=\"Gesch\u00e4tzte Lesezeit\" \/>\n\t<meta name=\"twitter:data1\" content=\"2\u00a0Minuten\" \/>\n<script type=\"application\/ld+json\" class=\"yoast-schema-graph\">{\"@context\":\"https:\\\/\\\/schema.org\",\"@graph\":[{\"@type\":\"WebPage\",\"@id\":\"https:\\\/\\\/herbetwa.net\\\/de\\\/product\\\/kamillentee\\\/\",\"url\":\"https:\\\/\\\/herbetwa.net\\\/de\\\/product\\\/kamillentee\\\/\",\"name\":\"Kamillenbl\u00fcten Sch\u00fcttung | Herb Etwa | JETZT zitieren\",\"isPartOf\":{\"@id\":\"https:\\\/\\\/herbetwa.net\\\/en\\\/#website\"},\"primaryImageOfPage\":{\"@id\":\"https:\\\/\\\/herbetwa.net\\\/de\\\/product\\\/kamillentee\\\/#primaryimage\"},\"image\":{\"@id\":\"https:\\\/\\\/herbetwa.net\\\/de\\\/product\\\/kamillentee\\\/#primaryimage\"},\"thumbnailUrl\":\"https:\\\/\\\/www.herbetwa.net\\\/wp-content\\\/uploads\\\/2022\\\/04\\\/1-chamomile-flower-egypt-herb-etwa2-1.jpg\",\"datePublished\":\"2022-04-08T20:39:47+00:00\",\"dateModified\":\"2022-05-17T14:45:31+00:00\",\"description\":\"Vertrauensw\u00fcrdiger Kr\u00e4uterlieferant f\u00fcr getrocknete Kamillenbl\u00fcten Verkauf Sch\u00fcttung f\u00fcr Kr\u00e4uter Gro\u00dfh\u00e4ndler und verteiler FORDERN SIE IHRE KOSTENLOSE PROBE AN\",\"breadcrumb\":{\"@id\":\"https:\\\/\\\/herbetwa.net\\\/de\\\/product\\\/kamillentee\\\/#breadcrumb\"},\"inLanguage\":\"de\",\"potentialAction\":[{\"@type\":\"ReadAction\",\"target\":[\"https:\\\/\\\/herbetwa.net\\\/de\\\/product\\\/kamillentee\\\/\"]}]},{\"@type\":\"ImageObject\",\"inLanguage\":\"de\",\"@id\":\"https:\\\/\\\/herbetwa.net\\\/de\\\/product\\\/kamillentee\\\/#primaryimage\",\"url\":\"https:\\\/\\\/www.herbetwa.net\\\/wp-content\\\/uploads\\\/2022\\\/04\\\/1-chamomile-flower-egypt-herb-etwa2-1.jpg\",\"contentUrl\":\"https:\\\/\\\/www.herbetwa.net\\\/wp-content\\\/uploads\\\/2022\\\/04\\\/1-chamomile-flower-egypt-herb-etwa2-1.jpg\",\"width\":1024,\"height\":1024},{\"@type\":\"BreadcrumbList\",\"@id\":\"https:\\\/\\\/herbetwa.net\\\/de\\\/product\\\/kamillentee\\\/#breadcrumb\",\"itemListElement\":[{\"@type\":\"ListItem\",\"position\":1,\"name\":\"Home\",\"item\":\"https:\\\/\\\/herbetwa.net\\\/de\\\/\"},{\"@type\":\"ListItem\",\"position\":2,\"name\":\"Kamillentee\"}]},{\"@type\":\"WebSite\",\"@id\":\"https:\\\/\\\/herbetwa.net\\\/en\\\/#website\",\"url\":\"https:\\\/\\\/herbetwa.net\\\/en\\\/\",\"name\":\"Herb Etwa\",\"description\":\"Herbs and Spices From Middle East\",\"potentialAction\":[{\"@type\":\"SearchAction\",\"target\":{\"@type\":\"EntryPoint\",\"urlTemplate\":\"https:\\\/\\\/herbetwa.net\\\/en\\\/?s={search_term_string}\"},\"query-input\":{\"@type\":\"PropertyValueSpecification\",\"valueRequired\":true,\"valueName\":\"search_term_string\"}}],\"inLanguage\":\"de\"}]}<\/script>\n<!-- \/ Yoast SEO Premium plugin. -->","yoast_head_json":{"title":"Kamillenbl\u00fcten Sch\u00fcttung | Herb Etwa | JETZT zitieren","description":"Vertrauensw\u00fcrdiger Kr\u00e4uterlieferant f\u00fcr getrocknete Kamillenbl\u00fcten Verkauf Sch\u00fcttung f\u00fcr Kr\u00e4uter Gro\u00dfh\u00e4ndler und verteiler FORDERN SIE IHRE KOSTENLOSE PROBE AN","robots":{"index":"index","follow":"follow","max-snippet":"max-snippet:-1","max-image-preview":"max-image-preview:large","max-video-preview":"max-video-preview:-1"},"canonical":"https:\/\/herbetwa.net\/de\/product\/kamillentee\/","og_locale":"de_DE","og_type":"article","og_title":"Kamillentee","og_description":"Vertrauensw\u00fcrdiger Kr\u00e4uterlieferant f\u00fcr getrocknete Kamillenbl\u00fcten Verkauf Sch\u00fcttung f\u00fcr Kr\u00e4uter Gro\u00dfh\u00e4ndler und verteiler FORDERN SIE IHRE KOSTENLOSE PROBE AN","og_url":"https:\/\/herbetwa.net\/de\/product\/kamillentee\/","og_site_name":"Herb Etwa","article_modified_time":"2022-05-17T14:45:31+00:00","og_image":[{"width":1024,"height":1024,"url":"https:\/\/herbetwa.net\/wp-content\/uploads\/2022\/04\/1-chamomile-flower-egypt-herb-etwa2-1.jpg","type":"image\/jpeg"}],"twitter_card":"summary_large_image","twitter_misc":{"Gesch\u00e4tzte Lesezeit":"2\u00a0Minuten"},"schema":{"@context":"https:\/\/schema.org","@graph":[{"@type":"WebPage","@id":"https:\/\/herbetwa.net\/de\/product\/kamillentee\/","url":"https:\/\/herbetwa.net\/de\/product\/kamillentee\/","name":"Kamillenbl\u00fcten Sch\u00fcttung | Herb Etwa | JETZT zitieren","isPartOf":{"@id":"https:\/\/herbetwa.net\/en\/#website"},"primaryImageOfPage":{"@id":"https:\/\/herbetwa.net\/de\/product\/kamillentee\/#primaryimage"},"image":{"@id":"https:\/\/herbetwa.net\/de\/product\/kamillentee\/#primaryimage"},"thumbnailUrl":"https:\/\/www.herbetwa.net\/wp-content\/uploads\/2022\/04\/1-chamomile-flower-egypt-herb-etwa2-1.jpg","datePublished":"2022-04-08T20:39:47+00:00","dateModified":"2022-05-17T14:45:31+00:00","description":"Vertrauensw\u00fcrdiger Kr\u00e4uterlieferant f\u00fcr getrocknete Kamillenbl\u00fcten Verkauf Sch\u00fcttung f\u00fcr Kr\u00e4uter Gro\u00dfh\u00e4ndler und verteiler FORDERN SIE IHRE KOSTENLOSE PROBE AN","breadcrumb":{"@id":"https:\/\/herbetwa.net\/de\/product\/kamillentee\/#breadcrumb"},"inLanguage":"de","potentialAction":[{"@type":"ReadAction","target":["https:\/\/herbetwa.net\/de\/product\/kamillentee\/"]}]},{"@type":"ImageObject","inLanguage":"de","@id":"https:\/\/herbetwa.net\/de\/product\/kamillentee\/#primaryimage","url":"https:\/\/www.herbetwa.net\/wp-content\/uploads\/2022\/04\/1-chamomile-flower-egypt-herb-etwa2-1.jpg","contentUrl":"https:\/\/www.herbetwa.net\/wp-content\/uploads\/2022\/04\/1-chamomile-flower-egypt-herb-etwa2-1.jpg","width":1024,"height":1024},{"@type":"BreadcrumbList","@id":"https:\/\/herbetwa.net\/de\/product\/kamillentee\/#breadcrumb","itemListElement":[{"@type":"ListItem","position":1,"name":"Home","item":"https:\/\/herbetwa.net\/de\/"},{"@type":"ListItem","position":2,"name":"Kamillentee"}]},{"@type":"WebSite","@id":"https:\/\/herbetwa.net\/en\/#website","url":"https:\/\/herbetwa.net\/en\/","name":"Herb Etwa","description":"Herbs and Spices From Middle East","potentialAction":[{"@type":"SearchAction","target":{"@type":"EntryPoint","urlTemplate":"https:\/\/herbetwa.net\/en\/?s={search_term_string}"},"query-input":{"@type":"PropertyValueSpecification","valueRequired":true,"valueName":"search_term_string"}}],"inLanguage":"de"}]}},"_links":{"self":[{"href":"https:\/\/www.herbetwa.net\/de\/wp-json\/wp\/v2\/product\/1175","targetHints":{"allow":["GET"]}}],"collection":[{"href":"https:\/\/www.herbetwa.net\/de\/wp-json\/wp\/v2\/product"}],"about":[{"href":"https:\/\/www.herbetwa.net\/de\/wp-json\/wp\/v2\/types\/product"}],"wp:featuredmedia":[{"embeddable":true,"href":"https:\/\/www.herbetwa.net\/de\/wp-json\/wp\/v2\/media\/1286"}],"wp:attachment":[{"href":"https:\/\/www.herbetwa.net\/de\/wp-json\/wp\/v2\/media?parent=1175"}],"wp:term":[{"taxonomy":"product-category","embeddable":true,"href":"https:\/\/www.herbetwa.net\/de\/wp-json\/wp\/v2\/product-category?post=1175"}],"curies":[{"name":"wp","href":"https:\/\/api.w.org\/{rel}","templated":true}]}}