{"id":1082,"date":"2022-04-03T20:50:40","date_gmt":"2022-04-03T17:50:40","guid":{"rendered":"https:\/\/herbetwa-com-842510.hostingersite.com\/product\/basil-seeds\/"},"modified":"2022-05-18T11:28:16","modified_gmt":"2022-05-18T08:28:16","slug":"basilienkraut","status":"publish","type":"product","link":"https:\/\/www.herbetwa.net\/de\/product\/basilienkraut\/","title":{"rendered":"Basilienkraut"},"content":{"rendered":"\n<p>Der Basilikumsamen ist ein Kraut, das seit Jahrhunderten als kulinarisches Gew\u00fcrz und Medizin verwendet wird. Dieses Kraut ist im Mittelmeerraum und in Asien beheimatet, hat sich aber in ganz Europa und Nordamerika eingeb\u00fcrgert. Es gibt viele Sorten dieses Krauts, darunter s\u00fc\u00dfes Basilikum, Zitronenbasilikum, lila Basilikum, Thai-Basilikum und heiliges Basilikum.<\/p>\n\n\n\n<p>In \u00c4gypten verwenden die \u00c4gypter seit Tausenden von Jahren die Bl\u00e4tter des Basilikums, um ihre Gerichte zu w\u00fcrzen. Sie verwenden die Bl\u00e4tter frisch oder getrocknet und k\u00f6nnen zu Suppen, Eint\u00f6pfen, Salaten und sogar Desserts hinzugef\u00fcgt werden. Die \u00c4gypter bereiten aus den Bl\u00e4ttern auch Tee zu, von dem angenommen wird, dass er hilft, Fieber zu senken.<\/p>\n\n\n\n<p><strong>Name:<\/strong>Basilikum ganz<\/p>\n\n\n\n<p><strong>Botanischer Name:<\/strong>Ocimum basilicum<\/p>\n\n\n\n<p><strong>Form:<\/strong> Kreuzk\u00fcmmelsamen 99% Reinheit, Kreuzk\u00fcmmelpulver<\/p>\n\n\n\n<p><strong>Qualit\u00e4t:<\/strong><\/p>\n\n\n\n<p>Premium-Basilikumsamen<\/p>\n\n\n\n<p>Gebrochene Basilikumsamen<\/p>\n\n\n\n<p>Pulverisierte Basilikumsamen<\/p>\n\n\n\n<p><strong>Verpackung: <\/strong>25 PP-Beutel<\/p>\n\n\n\n<p><strong>Verf\u00fcgbarkeit: <\/strong>ganzj\u00e4hrig verf\u00fcgbar.<\/p>\n\n\n\n<p><strong>Beh\u00e4lterkapazit\u00e4t:<\/strong><\/p>\n\n\n\n<p>20 FCL-Container 13 Tonnen<\/p>\n\n\n\n<p>40 FCL-Container 26 Tonnen<\/p>\n\n\n\n<p><strong>Ursprung: <\/strong>\u00c4gypten<\/p>\n\n\n\n<figure class=\"wp-block-image size-full\"><img loading=\"lazy\" decoding=\"async\" width=\"385\" height=\"225\" src=\"https:\/\/herbetwa-com-842510.hostingersite.com\/wp-content\/uploads\/2022\/04\/32-basil-seeds-egypt-herb-etwa.png\" alt=\"Basil seeds of Egyptian Selling In bulk\" class=\"wp-image-191\" srcset=\"https:\/\/www.herbetwa.net\/wp-content\/uploads\/2022\/04\/32-basil-seeds-egypt-herb-etwa.png 385w, https:\/\/www.herbetwa.net\/wp-content\/uploads\/2022\/04\/32-basil-seeds-egypt-herb-etwa-300x175.png 300w\" sizes=\"auto, (max-width: 385px) 100vw, 385px\" \/><\/figure>\n","protected":false},"featured_media":460,"template":"","product-category":[26],"class_list":["post-1082","product","type-product","status-publish","has-post-thumbnail","hentry","product-category-samen"],"yoast_head":"<!-- This site is optimized with the Yoast SEO Premium plugin v16.6 (Yoast SEO v27.4) - https:\/\/yoast.com\/product\/yoast-seo-premium-wordpress\/ -->\n<title>Basilikum samen Sch\u00fcttung verkauft |Herb Etwa| JETZT zitieren<\/title>\n<meta name=\"description\" content=\"Vertrauensw\u00fcrdiger Kr\u00e4uterlieferant f\u00fcr Basilikumsamen. Verkauf Sch\u00fcttung f\u00fcr Kr\u00e4utergro\u00dfh\u00e4ndler und -verteiler FORDERN SIE IHRE KOSTENLOSE PROBE AN\" \/>\n<meta name=\"robots\" content=\"index, follow, max-snippet:-1, max-image-preview:large, max-video-preview:-1\" \/>\n<link rel=\"canonical\" href=\"https:\/\/herbetwa.net\/de\/product\/basilienkraut\/\" \/>\n<meta property=\"og:locale\" content=\"de_DE\" \/>\n<meta property=\"og:type\" content=\"article\" \/>\n<meta property=\"og:title\" content=\"Basilienkraut\" \/>\n<meta property=\"og:description\" content=\"Vertrauensw\u00fcrdiger Kr\u00e4uterlieferant f\u00fcr Basilikumsamen. Verkauf Sch\u00fcttung f\u00fcr Kr\u00e4utergro\u00dfh\u00e4ndler und -verteiler FORDERN SIE IHRE KOSTENLOSE PROBE AN\" \/>\n<meta property=\"og:url\" content=\"https:\/\/herbetwa.net\/de\/product\/basilienkraut\/\" \/>\n<meta property=\"og:site_name\" content=\"Herb Etwa\" \/>\n<meta property=\"article:modified_time\" content=\"2022-05-18T08:28:16+00:00\" \/>\n<meta property=\"og:image\" content=\"https:\/\/herbetwa.net\/wp-content\/uploads\/2022\/04\/32-basil-seeds-egypt-herb-etwa.png\" \/>\n\t<meta property=\"og:image:width\" content=\"385\" \/>\n\t<meta property=\"og:image:height\" content=\"225\" \/>\n\t<meta property=\"og:image:type\" content=\"image\/png\" \/>\n<meta name=\"twitter:card\" content=\"summary_large_image\" \/>\n<meta name=\"twitter:label1\" content=\"Gesch\u00e4tzte Lesezeit\" \/>\n\t<meta name=\"twitter:data1\" content=\"1\u00a0Minute\" \/>\n<script type=\"application\/ld+json\" class=\"yoast-schema-graph\">{\"@context\":\"https:\\\/\\\/schema.org\",\"@graph\":[{\"@type\":\"WebPage\",\"@id\":\"https:\\\/\\\/herbetwa.net\\\/de\\\/product\\\/basilienkraut\\\/\",\"url\":\"https:\\\/\\\/herbetwa.net\\\/de\\\/product\\\/basilienkraut\\\/\",\"name\":\"Basilikum samen Sch\u00fcttung verkauft |Herb Etwa| JETZT zitieren\",\"isPartOf\":{\"@id\":\"https:\\\/\\\/herbetwa.net\\\/en\\\/#website\"},\"primaryImageOfPage\":{\"@id\":\"https:\\\/\\\/herbetwa.net\\\/de\\\/product\\\/basilienkraut\\\/#primaryimage\"},\"image\":{\"@id\":\"https:\\\/\\\/herbetwa.net\\\/de\\\/product\\\/basilienkraut\\\/#primaryimage\"},\"thumbnailUrl\":\"https:\\\/\\\/www.herbetwa.net\\\/wp-content\\\/uploads\\\/2022\\\/04\\\/32-basil-seeds-egypt-herb-etwa.png\",\"datePublished\":\"2022-04-03T17:50:40+00:00\",\"dateModified\":\"2022-05-18T08:28:16+00:00\",\"description\":\"Vertrauensw\u00fcrdiger Kr\u00e4uterlieferant f\u00fcr Basilikumsamen. Verkauf Sch\u00fcttung f\u00fcr Kr\u00e4utergro\u00dfh\u00e4ndler und -verteiler FORDERN SIE IHRE KOSTENLOSE PROBE AN\",\"breadcrumb\":{\"@id\":\"https:\\\/\\\/herbetwa.net\\\/de\\\/product\\\/basilienkraut\\\/#breadcrumb\"},\"inLanguage\":\"de\",\"potentialAction\":[{\"@type\":\"ReadAction\",\"target\":[\"https:\\\/\\\/herbetwa.net\\\/de\\\/product\\\/basilienkraut\\\/\"]}]},{\"@type\":\"ImageObject\",\"inLanguage\":\"de\",\"@id\":\"https:\\\/\\\/herbetwa.net\\\/de\\\/product\\\/basilienkraut\\\/#primaryimage\",\"url\":\"https:\\\/\\\/www.herbetwa.net\\\/wp-content\\\/uploads\\\/2022\\\/04\\\/32-basil-seeds-egypt-herb-etwa.png\",\"contentUrl\":\"https:\\\/\\\/www.herbetwa.net\\\/wp-content\\\/uploads\\\/2022\\\/04\\\/32-basil-seeds-egypt-herb-etwa.png\",\"width\":385,\"height\":225,\"caption\":\"Basil seeds of Egyptian Selling In bulk\"},{\"@type\":\"BreadcrumbList\",\"@id\":\"https:\\\/\\\/herbetwa.net\\\/de\\\/product\\\/basilienkraut\\\/#breadcrumb\",\"itemListElement\":[{\"@type\":\"ListItem\",\"position\":1,\"name\":\"Home\",\"item\":\"https:\\\/\\\/herbetwa.net\\\/de\\\/\"},{\"@type\":\"ListItem\",\"position\":2,\"name\":\"Basilienkraut\"}]},{\"@type\":\"WebSite\",\"@id\":\"https:\\\/\\\/herbetwa.net\\\/en\\\/#website\",\"url\":\"https:\\\/\\\/herbetwa.net\\\/en\\\/\",\"name\":\"Herb Etwa\",\"description\":\"Herbs and Spices From Middle East\",\"potentialAction\":[{\"@type\":\"SearchAction\",\"target\":{\"@type\":\"EntryPoint\",\"urlTemplate\":\"https:\\\/\\\/herbetwa.net\\\/en\\\/?s={search_term_string}\"},\"query-input\":{\"@type\":\"PropertyValueSpecification\",\"valueRequired\":true,\"valueName\":\"search_term_string\"}}],\"inLanguage\":\"de\"}]}<\/script>\n<!-- \/ Yoast SEO Premium plugin. -->","yoast_head_json":{"title":"Basilikum samen Sch\u00fcttung verkauft |Herb Etwa| JETZT zitieren","description":"Vertrauensw\u00fcrdiger Kr\u00e4uterlieferant f\u00fcr Basilikumsamen. Verkauf Sch\u00fcttung f\u00fcr Kr\u00e4utergro\u00dfh\u00e4ndler und -verteiler FORDERN SIE IHRE KOSTENLOSE PROBE AN","robots":{"index":"index","follow":"follow","max-snippet":"max-snippet:-1","max-image-preview":"max-image-preview:large","max-video-preview":"max-video-preview:-1"},"canonical":"https:\/\/herbetwa.net\/de\/product\/basilienkraut\/","og_locale":"de_DE","og_type":"article","og_title":"Basilienkraut","og_description":"Vertrauensw\u00fcrdiger Kr\u00e4uterlieferant f\u00fcr Basilikumsamen. Verkauf Sch\u00fcttung f\u00fcr Kr\u00e4utergro\u00dfh\u00e4ndler und -verteiler FORDERN SIE IHRE KOSTENLOSE PROBE AN","og_url":"https:\/\/herbetwa.net\/de\/product\/basilienkraut\/","og_site_name":"Herb Etwa","article_modified_time":"2022-05-18T08:28:16+00:00","og_image":[{"width":385,"height":225,"url":"https:\/\/herbetwa.net\/wp-content\/uploads\/2022\/04\/32-basil-seeds-egypt-herb-etwa.png","type":"image\/png"}],"twitter_card":"summary_large_image","twitter_misc":{"Gesch\u00e4tzte Lesezeit":"1\u00a0Minute"},"schema":{"@context":"https:\/\/schema.org","@graph":[{"@type":"WebPage","@id":"https:\/\/herbetwa.net\/de\/product\/basilienkraut\/","url":"https:\/\/herbetwa.net\/de\/product\/basilienkraut\/","name":"Basilikum samen Sch\u00fcttung verkauft |Herb Etwa| JETZT zitieren","isPartOf":{"@id":"https:\/\/herbetwa.net\/en\/#website"},"primaryImageOfPage":{"@id":"https:\/\/herbetwa.net\/de\/product\/basilienkraut\/#primaryimage"},"image":{"@id":"https:\/\/herbetwa.net\/de\/product\/basilienkraut\/#primaryimage"},"thumbnailUrl":"https:\/\/www.herbetwa.net\/wp-content\/uploads\/2022\/04\/32-basil-seeds-egypt-herb-etwa.png","datePublished":"2022-04-03T17:50:40+00:00","dateModified":"2022-05-18T08:28:16+00:00","description":"Vertrauensw\u00fcrdiger Kr\u00e4uterlieferant f\u00fcr Basilikumsamen. Verkauf Sch\u00fcttung f\u00fcr Kr\u00e4utergro\u00dfh\u00e4ndler und -verteiler FORDERN SIE IHRE KOSTENLOSE PROBE AN","breadcrumb":{"@id":"https:\/\/herbetwa.net\/de\/product\/basilienkraut\/#breadcrumb"},"inLanguage":"de","potentialAction":[{"@type":"ReadAction","target":["https:\/\/herbetwa.net\/de\/product\/basilienkraut\/"]}]},{"@type":"ImageObject","inLanguage":"de","@id":"https:\/\/herbetwa.net\/de\/product\/basilienkraut\/#primaryimage","url":"https:\/\/www.herbetwa.net\/wp-content\/uploads\/2022\/04\/32-basil-seeds-egypt-herb-etwa.png","contentUrl":"https:\/\/www.herbetwa.net\/wp-content\/uploads\/2022\/04\/32-basil-seeds-egypt-herb-etwa.png","width":385,"height":225,"caption":"Basil seeds of Egyptian Selling In bulk"},{"@type":"BreadcrumbList","@id":"https:\/\/herbetwa.net\/de\/product\/basilienkraut\/#breadcrumb","itemListElement":[{"@type":"ListItem","position":1,"name":"Home","item":"https:\/\/herbetwa.net\/de\/"},{"@type":"ListItem","position":2,"name":"Basilienkraut"}]},{"@type":"WebSite","@id":"https:\/\/herbetwa.net\/en\/#website","url":"https:\/\/herbetwa.net\/en\/","name":"Herb Etwa","description":"Herbs and Spices From Middle East","potentialAction":[{"@type":"SearchAction","target":{"@type":"EntryPoint","urlTemplate":"https:\/\/herbetwa.net\/en\/?s={search_term_string}"},"query-input":{"@type":"PropertyValueSpecification","valueRequired":true,"valueName":"search_term_string"}}],"inLanguage":"de"}]}},"_links":{"self":[{"href":"https:\/\/www.herbetwa.net\/de\/wp-json\/wp\/v2\/product\/1082","targetHints":{"allow":["GET"]}}],"collection":[{"href":"https:\/\/www.herbetwa.net\/de\/wp-json\/wp\/v2\/product"}],"about":[{"href":"https:\/\/www.herbetwa.net\/de\/wp-json\/wp\/v2\/types\/product"}],"wp:featuredmedia":[{"embeddable":true,"href":"https:\/\/www.herbetwa.net\/de\/wp-json\/wp\/v2\/media\/460"}],"wp:attachment":[{"href":"https:\/\/www.herbetwa.net\/de\/wp-json\/wp\/v2\/media?parent=1082"}],"wp:term":[{"taxonomy":"product-category","embeddable":true,"href":"https:\/\/www.herbetwa.net\/de\/wp-json\/wp\/v2\/product-category?post=1082"}],"curies":[{"name":"wp","href":"https:\/\/api.w.org\/{rel}","templated":true}]}}