{"id":1074,"date":"2022-04-03T20:48:19","date_gmt":"2022-04-03T17:48:19","guid":{"rendered":"https:\/\/herbetwa-com-842510.hostingersite.com\/product\/sesame\/"},"modified":"2022-05-18T11:29:21","modified_gmt":"2022-05-18T08:29:21","slug":"sesam","status":"publish","type":"product","link":"https:\/\/www.herbetwa.net\/de\/product\/sesam\/","title":{"rendered":"Sesam"},"content":{"rendered":"\n<p>Sesamsamen sind vollgepackt mit Eiwei\u00df, Ballaststoffen, Vitaminen, Mineralstoffen und gesunden Fetten. Sie sind au\u00dferdem glutenfrei, was sie zu einer gro\u00dfartigen Erg\u00e4nzung f\u00fcr diejenigen macht, die an Z\u00f6liakie leiden.&nbsp;<\/p>\n\n\n\n<p>Was in Deutschland lange nur als &#8222;K\u00f6rnchen auf dem Hamburgerbrot&#8220; bekannt war ist in der asiatischen und afrikanischen K\u00fcche schon lange fester Bestandteil. Die krautartige Pflanze, die als eine der \u00e4ltesten \u00d6lpflanzen \u00fcberhaupt gilt ist reich an unges\u00e4ttigten Fetts\u00e4uren sowie Mineralien wie Kalzium und Magnesium. F\u00fcr Vegetarier und Veganer ist sie eine hervorragende Quelle von Eisen. Das Korn mit dem leicht nussigen Geschmack bereichert die K\u00fcche beim Brotbacken sowie in knackigen Salaten.<\/p>\n\n\n\n<p>Quelle von Protein, reich an unges\u00e4ttigten Fetts\u00e4uren, Quelle von Calcium, Quelle von Magnesium, Quelle von Phosphor, Quelle von Eisen<\/p>\n\n\n\n<p><strong>Name:<\/strong>Sesam<\/p>\n\n\n\n<p><strong>Botanischer Name: <\/strong>Sesamun indicum<\/p>\n\n\n\n<p><strong>Form:<\/strong> wei\u00dfer Sesam, roter Sesam, goldener Sesam<\/p>\n\n\n\n<p><strong>Verpackung: <\/strong>25-50 PP-Beutel<\/p>\n\n\n\n<p><strong>Verf\u00fcgbarkeit: <\/strong>ganzj\u00e4hrig verf\u00fcgbar.<\/p>\n\n\n\n<p><strong>Beh\u00e4lterkapazit\u00e4t:<\/strong><\/p>\n\n\n\n<p>20 FCL-Container 17-18 Tonnen<\/p>\n\n\n\n<p>40 FCL-Container 27 Tonnen<\/p>\n\n\n\n<p><strong>Ursprung:<\/strong> \u00c4gypten<\/p>\n\n\n\n<figure class=\"wp-block-gallery has-nested-images columns-4 is-cropped wp-block-gallery-1 is-layout-flex wp-block-gallery-is-layout-flex\">\n<figure class=\"wp-block-image size-thumbnail\"><img loading=\"lazy\" decoding=\"async\" width=\"572\" height=\"313\" data-id=\"184\" src=\"https:\/\/herbetwa-com-842510.hostingersite.com\/wp-content\/uploads\/2022\/04\/30-sesame-seeds-golden-colour-egypt-herb-etwa.png\" alt=\"Sesame of  Selling In bulk\" class=\"wp-image-184\" srcset=\"https:\/\/www.herbetwa.net\/wp-content\/uploads\/2022\/04\/30-sesame-seeds-golden-colour-egypt-herb-etwa.png 572w, https:\/\/www.herbetwa.net\/wp-content\/uploads\/2022\/04\/30-sesame-seeds-golden-colour-egypt-herb-etwa-300x164.png 300w\" sizes=\"auto, (max-width: 572px) 100vw, 572px\" \/><\/figure>\n\n\n\n<figure class=\"wp-block-image size-thumbnail\"><img loading=\"lazy\" decoding=\"async\" width=\"1024\" height=\"1024\" data-id=\"186\" src=\"https:\/\/herbetwa-com-842510.hostingersite.com\/wp-content\/uploads\/2022\/04\/30-sesame-seeds-white-colour-egypt-herb-etwa.jpg\" alt=\"White Sesame of  Selling In bulk\" class=\"wp-image-186\" srcset=\"https:\/\/www.herbetwa.net\/wp-content\/uploads\/2022\/04\/30-sesame-seeds-white-colour-egypt-herb-etwa.jpg 1024w, https:\/\/www.herbetwa.net\/wp-content\/uploads\/2022\/04\/30-sesame-seeds-white-colour-egypt-herb-etwa-300x300.jpg 300w, https:\/\/www.herbetwa.net\/wp-content\/uploads\/2022\/04\/30-sesame-seeds-white-colour-egypt-herb-etwa-150x150.jpg 150w, https:\/\/www.herbetwa.net\/wp-content\/uploads\/2022\/04\/30-sesame-seeds-white-colour-egypt-herb-etwa-768x768.jpg 768w\" sizes=\"auto, (max-width: 1024px) 100vw, 1024px\" \/><\/figure>\n\n\n\n<figure class=\"wp-block-image size-thumbnail\"><img loading=\"lazy\" decoding=\"async\" width=\"800\" height=\"800\" data-id=\"185\" src=\"https:\/\/herbetwa-com-842510.hostingersite.com\/wp-content\/uploads\/2022\/04\/30-sesame-seeds-golden-colour-egypt-herb-etwa3.png\" alt=\"Gold Egyptian Sesame of  Selling In bulk\" class=\"wp-image-185\" srcset=\"https:\/\/www.herbetwa.net\/wp-content\/uploads\/2022\/04\/30-sesame-seeds-golden-colour-egypt-herb-etwa3.png 800w, https:\/\/www.herbetwa.net\/wp-content\/uploads\/2022\/04\/30-sesame-seeds-golden-colour-egypt-herb-etwa3-300x300.png 300w, https:\/\/www.herbetwa.net\/wp-content\/uploads\/2022\/04\/30-sesame-seeds-golden-colour-egypt-herb-etwa3-150x150.png 150w, https:\/\/www.herbetwa.net\/wp-content\/uploads\/2022\/04\/30-sesame-seeds-golden-colour-egypt-herb-etwa3-768x768.png 768w\" sizes=\"auto, (max-width: 800px) 100vw, 800px\" \/><\/figure>\n\n\n\n<figure class=\"wp-block-image size-thumbnail\"><img loading=\"lazy\" decoding=\"async\" width=\"1280\" height=\"847\" data-id=\"183\" src=\"https:\/\/herbetwa-com-842510.hostingersite.com\/wp-content\/uploads\/2022\/04\/30-sesame-seeds-egypt-herb-etwa.png\" alt=\"Sesame of  Selling In bulk\" class=\"wp-image-183\" srcset=\"https:\/\/www.herbetwa.net\/wp-content\/uploads\/2022\/04\/30-sesame-seeds-egypt-herb-etwa.png 1280w, https:\/\/www.herbetwa.net\/wp-content\/uploads\/2022\/04\/30-sesame-seeds-egypt-herb-etwa-300x199.png 300w, https:\/\/www.herbetwa.net\/wp-content\/uploads\/2022\/04\/30-sesame-seeds-egypt-herb-etwa-1024x678.png 1024w, https:\/\/www.herbetwa.net\/wp-content\/uploads\/2022\/04\/30-sesame-seeds-egypt-herb-etwa-768x508.png 768w\" sizes=\"auto, (max-width: 1280px) 100vw, 1280px\" \/><\/figure>\n<\/figure>\n","protected":false},"featured_media":452,"template":"","product-category":[26],"class_list":["post-1074","product","type-product","status-publish","has-post-thumbnail","hentry","product-category-samen"],"yoast_head":"<!-- This site is optimized with the Yoast SEO Premium plugin v16.6 (Yoast SEO v27.4) - https:\/\/yoast.com\/product\/yoast-seo-premium-wordpress\/ -->\n<title>Bockshornklee samen gro\u00dfhandel verk |Herb Etwa| JETZT zitieren<\/title>\n<meta name=\"description\" content=\"Vertrauensw\u00fcrdiger Kr\u00e4uterlieferant von Sesam. Verkauf Sch\u00fcttung f\u00fcr Kr\u00e4utergro\u00dfh\u00e4ndler und -verteiler FORDERN SIE IHRE KOSTENLOSE PROBE AN\" \/>\n<meta name=\"robots\" content=\"index, follow, max-snippet:-1, max-image-preview:large, max-video-preview:-1\" \/>\n<link rel=\"canonical\" href=\"https:\/\/herbetwa.net\/de\/product\/sesam\/\" \/>\n<meta property=\"og:locale\" content=\"de_DE\" \/>\n<meta property=\"og:type\" content=\"article\" \/>\n<meta property=\"og:title\" content=\"Sesam\" \/>\n<meta property=\"og:description\" content=\"Vertrauensw\u00fcrdiger Kr\u00e4uterlieferant von Sesam. Verkauf Sch\u00fcttung f\u00fcr Kr\u00e4utergro\u00dfh\u00e4ndler und -verteiler FORDERN SIE IHRE KOSTENLOSE PROBE AN\" \/>\n<meta property=\"og:url\" content=\"https:\/\/herbetwa.net\/de\/product\/sesam\/\" \/>\n<meta property=\"og:site_name\" content=\"Herb Etwa\" \/>\n<meta property=\"article:modified_time\" content=\"2022-05-18T08:29:21+00:00\" \/>\n<meta property=\"og:image\" content=\"https:\/\/herbetwa.net\/wp-content\/uploads\/2022\/04\/30-sesame-seeds-golden-colour-egypt-herb-etwa3.png\" \/>\n\t<meta property=\"og:image:width\" content=\"800\" \/>\n\t<meta property=\"og:image:height\" content=\"800\" \/>\n\t<meta property=\"og:image:type\" content=\"image\/png\" \/>\n<meta name=\"twitter:card\" content=\"summary_large_image\" \/>\n<meta name=\"twitter:label1\" content=\"Gesch\u00e4tzte Lesezeit\" \/>\n\t<meta name=\"twitter:data1\" content=\"2\u00a0Minuten\" \/>\n<script type=\"application\/ld+json\" class=\"yoast-schema-graph\">{\"@context\":\"https:\\\/\\\/schema.org\",\"@graph\":[{\"@type\":\"WebPage\",\"@id\":\"https:\\\/\\\/herbetwa.net\\\/de\\\/product\\\/sesam\\\/\",\"url\":\"https:\\\/\\\/herbetwa.net\\\/de\\\/product\\\/sesam\\\/\",\"name\":\"Bockshornklee samen gro\u00dfhandel verk |Herb Etwa| JETZT zitieren\",\"isPartOf\":{\"@id\":\"https:\\\/\\\/herbetwa.net\\\/en\\\/#website\"},\"primaryImageOfPage\":{\"@id\":\"https:\\\/\\\/herbetwa.net\\\/de\\\/product\\\/sesam\\\/#primaryimage\"},\"image\":{\"@id\":\"https:\\\/\\\/herbetwa.net\\\/de\\\/product\\\/sesam\\\/#primaryimage\"},\"thumbnailUrl\":\"https:\\\/\\\/www.herbetwa.net\\\/wp-content\\\/uploads\\\/2022\\\/04\\\/30-sesame-seeds-golden-colour-egypt-herb-etwa3.png\",\"datePublished\":\"2022-04-03T17:48:19+00:00\",\"dateModified\":\"2022-05-18T08:29:21+00:00\",\"description\":\"Vertrauensw\u00fcrdiger Kr\u00e4uterlieferant von Sesam. Verkauf Sch\u00fcttung f\u00fcr Kr\u00e4utergro\u00dfh\u00e4ndler und -verteiler FORDERN SIE IHRE KOSTENLOSE PROBE AN\",\"breadcrumb\":{\"@id\":\"https:\\\/\\\/herbetwa.net\\\/de\\\/product\\\/sesam\\\/#breadcrumb\"},\"inLanguage\":\"de\",\"potentialAction\":[{\"@type\":\"ReadAction\",\"target\":[\"https:\\\/\\\/herbetwa.net\\\/de\\\/product\\\/sesam\\\/\"]}]},{\"@type\":\"ImageObject\",\"inLanguage\":\"de\",\"@id\":\"https:\\\/\\\/herbetwa.net\\\/de\\\/product\\\/sesam\\\/#primaryimage\",\"url\":\"https:\\\/\\\/www.herbetwa.net\\\/wp-content\\\/uploads\\\/2022\\\/04\\\/30-sesame-seeds-golden-colour-egypt-herb-etwa3.png\",\"contentUrl\":\"https:\\\/\\\/www.herbetwa.net\\\/wp-content\\\/uploads\\\/2022\\\/04\\\/30-sesame-seeds-golden-colour-egypt-herb-etwa3.png\",\"width\":800,\"height\":800,\"caption\":\"Gold Egyptian Sesame of Selling In bulk\"},{\"@type\":\"BreadcrumbList\",\"@id\":\"https:\\\/\\\/herbetwa.net\\\/de\\\/product\\\/sesam\\\/#breadcrumb\",\"itemListElement\":[{\"@type\":\"ListItem\",\"position\":1,\"name\":\"Home\",\"item\":\"https:\\\/\\\/herbetwa.net\\\/de\\\/\"},{\"@type\":\"ListItem\",\"position\":2,\"name\":\"Sesam\"}]},{\"@type\":\"WebSite\",\"@id\":\"https:\\\/\\\/herbetwa.net\\\/en\\\/#website\",\"url\":\"https:\\\/\\\/herbetwa.net\\\/en\\\/\",\"name\":\"Herb Etwa\",\"description\":\"Herbs and Spices From Middle East\",\"potentialAction\":[{\"@type\":\"SearchAction\",\"target\":{\"@type\":\"EntryPoint\",\"urlTemplate\":\"https:\\\/\\\/herbetwa.net\\\/en\\\/?s={search_term_string}\"},\"query-input\":{\"@type\":\"PropertyValueSpecification\",\"valueRequired\":true,\"valueName\":\"search_term_string\"}}],\"inLanguage\":\"de\"}]}<\/script>\n<!-- \/ Yoast SEO Premium plugin. -->","yoast_head_json":{"title":"Bockshornklee samen gro\u00dfhandel verk |Herb Etwa| JETZT zitieren","description":"Vertrauensw\u00fcrdiger Kr\u00e4uterlieferant von Sesam. Verkauf Sch\u00fcttung f\u00fcr Kr\u00e4utergro\u00dfh\u00e4ndler und -verteiler FORDERN SIE IHRE KOSTENLOSE PROBE AN","robots":{"index":"index","follow":"follow","max-snippet":"max-snippet:-1","max-image-preview":"max-image-preview:large","max-video-preview":"max-video-preview:-1"},"canonical":"https:\/\/herbetwa.net\/de\/product\/sesam\/","og_locale":"de_DE","og_type":"article","og_title":"Sesam","og_description":"Vertrauensw\u00fcrdiger Kr\u00e4uterlieferant von Sesam. Verkauf Sch\u00fcttung f\u00fcr Kr\u00e4utergro\u00dfh\u00e4ndler und -verteiler FORDERN SIE IHRE KOSTENLOSE PROBE AN","og_url":"https:\/\/herbetwa.net\/de\/product\/sesam\/","og_site_name":"Herb Etwa","article_modified_time":"2022-05-18T08:29:21+00:00","og_image":[{"width":800,"height":800,"url":"https:\/\/herbetwa.net\/wp-content\/uploads\/2022\/04\/30-sesame-seeds-golden-colour-egypt-herb-etwa3.png","type":"image\/png"}],"twitter_card":"summary_large_image","twitter_misc":{"Gesch\u00e4tzte Lesezeit":"2\u00a0Minuten"},"schema":{"@context":"https:\/\/schema.org","@graph":[{"@type":"WebPage","@id":"https:\/\/herbetwa.net\/de\/product\/sesam\/","url":"https:\/\/herbetwa.net\/de\/product\/sesam\/","name":"Bockshornklee samen gro\u00dfhandel verk |Herb Etwa| JETZT zitieren","isPartOf":{"@id":"https:\/\/herbetwa.net\/en\/#website"},"primaryImageOfPage":{"@id":"https:\/\/herbetwa.net\/de\/product\/sesam\/#primaryimage"},"image":{"@id":"https:\/\/herbetwa.net\/de\/product\/sesam\/#primaryimage"},"thumbnailUrl":"https:\/\/www.herbetwa.net\/wp-content\/uploads\/2022\/04\/30-sesame-seeds-golden-colour-egypt-herb-etwa3.png","datePublished":"2022-04-03T17:48:19+00:00","dateModified":"2022-05-18T08:29:21+00:00","description":"Vertrauensw\u00fcrdiger Kr\u00e4uterlieferant von Sesam. Verkauf Sch\u00fcttung f\u00fcr Kr\u00e4utergro\u00dfh\u00e4ndler und -verteiler FORDERN SIE IHRE KOSTENLOSE PROBE AN","breadcrumb":{"@id":"https:\/\/herbetwa.net\/de\/product\/sesam\/#breadcrumb"},"inLanguage":"de","potentialAction":[{"@type":"ReadAction","target":["https:\/\/herbetwa.net\/de\/product\/sesam\/"]}]},{"@type":"ImageObject","inLanguage":"de","@id":"https:\/\/herbetwa.net\/de\/product\/sesam\/#primaryimage","url":"https:\/\/www.herbetwa.net\/wp-content\/uploads\/2022\/04\/30-sesame-seeds-golden-colour-egypt-herb-etwa3.png","contentUrl":"https:\/\/www.herbetwa.net\/wp-content\/uploads\/2022\/04\/30-sesame-seeds-golden-colour-egypt-herb-etwa3.png","width":800,"height":800,"caption":"Gold Egyptian Sesame of Selling In bulk"},{"@type":"BreadcrumbList","@id":"https:\/\/herbetwa.net\/de\/product\/sesam\/#breadcrumb","itemListElement":[{"@type":"ListItem","position":1,"name":"Home","item":"https:\/\/herbetwa.net\/de\/"},{"@type":"ListItem","position":2,"name":"Sesam"}]},{"@type":"WebSite","@id":"https:\/\/herbetwa.net\/en\/#website","url":"https:\/\/herbetwa.net\/en\/","name":"Herb Etwa","description":"Herbs and Spices From Middle East","potentialAction":[{"@type":"SearchAction","target":{"@type":"EntryPoint","urlTemplate":"https:\/\/herbetwa.net\/en\/?s={search_term_string}"},"query-input":{"@type":"PropertyValueSpecification","valueRequired":true,"valueName":"search_term_string"}}],"inLanguage":"de"}]}},"_links":{"self":[{"href":"https:\/\/www.herbetwa.net\/de\/wp-json\/wp\/v2\/product\/1074","targetHints":{"allow":["GET"]}}],"collection":[{"href":"https:\/\/www.herbetwa.net\/de\/wp-json\/wp\/v2\/product"}],"about":[{"href":"https:\/\/www.herbetwa.net\/de\/wp-json\/wp\/v2\/types\/product"}],"wp:featuredmedia":[{"embeddable":true,"href":"https:\/\/www.herbetwa.net\/de\/wp-json\/wp\/v2\/media\/452"}],"wp:attachment":[{"href":"https:\/\/www.herbetwa.net\/de\/wp-json\/wp\/v2\/media?parent=1074"}],"wp:term":[{"taxonomy":"product-category","embeddable":true,"href":"https:\/\/www.herbetwa.net\/de\/wp-json\/wp\/v2\/product-category?post=1074"}],"curies":[{"name":"wp","href":"https:\/\/api.w.org\/{rel}","templated":true}]}}