{"id":1066,"date":"2022-04-03T20:46:27","date_gmt":"2022-04-03T17:46:27","guid":{"rendered":"https:\/\/herbetwa-com-842510.hostingersite.com\/product\/fennel-seeds\/"},"modified":"2022-05-18T11:30:28","modified_gmt":"2022-05-18T08:30:28","slug":"fenchel-ganz","status":"publish","type":"product","link":"https:\/\/www.herbetwa.net\/de\/product\/fenchel-ganz\/","title":{"rendered":"Fenchel Ganz"},"content":{"rendered":"\n<p>Fenchelsamen werden in vielen Gerichten verwendet, besonders in denen, die einen s\u00fc\u00dfen Geschmack haben. Sie k\u00f6nnen zu Salaten, Suppen, Eint\u00f6pfen, Saucen und sogar Desserts hinzugef\u00fcgt werden. Es enth\u00e4lt hohe Mengen an Vitamin C, Kalzium, Eisen, Magnesium, Mangan, Phosphor, Protein, Riboflavin, Thiamin, Zink und Ballaststoffen.<\/p>\n\n\n\n<p>Es ist reich an Antioxidantien, einschlie\u00dflich Flavonoiden, Phenolverbindungen und Carotinoiden.<\/p>\n\n\n\n<p>Es wurde gezeigt, dass Fenchelsamen helfen, den Cholesterinspiegel und den Blutdruck zu senken.<\/p>\n\n\n\n<p>Es kann roh gegessen, ger\u00f6stet, zu Mehl gemahlen oder getrocknet und dann zu Pulver gemahlen werden.<\/p>\n\n\n\n<p><strong>Name:<\/strong>Fenchel ganz<\/p>\n\n\n\n<p><strong>Botanischer Name:<\/strong>Foeniculum vulgare<\/p>\n\n\n\n<p><strong>Form:<\/strong> Ganze Samen<\/p>\n\n\n\n<p><strong>Qualit\u00e4t: <\/strong>Wir haben unseren Lagerbestand ger\u00e4umt und 90\/95\/99,5 % gereinigt<\/p>\n\n\n\n<p><strong>Paket: <\/strong>25-50 kg S.p\/Papier<\/p>\n\n\n\n<p><strong>Paket: <\/strong>25 kg Nettogewicht, 50 kg Nettogewicht PP- oder Papiert\u00fcten<\/p>\n\n\n\n<p><strong>Qualit\u00e4t:<\/strong><\/p>\n\n\n\n<p>Klasse A: Fenchelsamen in Premium-Qualit\u00e4t<\/p>\n\n\n\n<p>Klasse B: Qualit\u00e4ts fenchel samen<\/p>\n\n\n\n<p><strong>Verf\u00fcgbarkeit: <\/strong>Die Ernte beginnt im Mai und ist das ganze Jahr auf Lager.<\/p>\n\n\n\n<p><strong>Beh\u00e4lterkapazit\u00e4t:<\/strong><\/p>\n\n\n\n<p>20 FCL-Container 12-13 Tonnen<\/p>\n\n\n\n<p>40 FCL Container 24-26 Tonnen<\/p>\n\n\n\n<p><strong>Dieses Produkt ist auch in verschiedenen Formaten erh\u00e4ltlich:<\/strong><\/p>\n\n\n\n<p>. Gebrochene Fenchelsamen<\/p>\n\n\n\n<p>\u00b7 Staub<\/p>\n\n\n\n<p>Ursprung: \u00c4gypten<\/p>\n\n\n\n<figure class=\"wp-block-gallery has-nested-images columns-default is-cropped wp-block-gallery-1 is-layout-flex wp-block-gallery-is-layout-flex\">\n<figure class=\"wp-block-image size-medium\"><a href=\"https:\/\/herbetwa-com-842510.hostingersite.com\/wp-content\/uploads\/2022\/04\/28-fennel-seeds-egypt-herb-etwa2.png\"><img loading=\"lazy\" decoding=\"async\" width=\"2000\" height=\"2000\" data-id=\"175\" src=\"https:\/\/herbetwa-com-842510.hostingersite.com\/wp-content\/uploads\/2022\/04\/28-fennel-seeds-egypt-herb-etwa2.png\" alt=\"Egyptian Fennel seeds Selling In bulk\" class=\"wp-image-175\" srcset=\"https:\/\/www.herbetwa.net\/wp-content\/uploads\/2022\/04\/28-fennel-seeds-egypt-herb-etwa2.png 2000w, https:\/\/www.herbetwa.net\/wp-content\/uploads\/2022\/04\/28-fennel-seeds-egypt-herb-etwa2-300x300.png 300w, https:\/\/www.herbetwa.net\/wp-content\/uploads\/2022\/04\/28-fennel-seeds-egypt-herb-etwa2-1024x1024.png 1024w, https:\/\/www.herbetwa.net\/wp-content\/uploads\/2022\/04\/28-fennel-seeds-egypt-herb-etwa2-150x150.png 150w, https:\/\/www.herbetwa.net\/wp-content\/uploads\/2022\/04\/28-fennel-seeds-egypt-herb-etwa2-768x768.png 768w, https:\/\/www.herbetwa.net\/wp-content\/uploads\/2022\/04\/28-fennel-seeds-egypt-herb-etwa2-1536x1536.png 1536w\" sizes=\"auto, (max-width: 2000px) 100vw, 2000px\" \/><\/a><\/figure>\n\n\n\n<figure class=\"wp-block-image size-medium\"><a href=\"https:\/\/herbetwa-com-842510.hostingersite.com\/wp-content\/uploads\/2022\/04\/28-fennel-seeds-ground-egypt-herb-etwa.jpg\"><img loading=\"lazy\" decoding=\"async\" width=\"900\" height=\"1057\" data-id=\"178\" src=\"https:\/\/herbetwa-com-842510.hostingersite.com\/wp-content\/uploads\/2022\/04\/28-fennel-seeds-ground-egypt-herb-etwa.jpg\" alt=\"Ground Egyptian Fennel seeds Selling In bulk\" class=\"wp-image-178\" srcset=\"https:\/\/www.herbetwa.net\/wp-content\/uploads\/2022\/04\/28-fennel-seeds-ground-egypt-herb-etwa.jpg 900w, https:\/\/www.herbetwa.net\/wp-content\/uploads\/2022\/04\/28-fennel-seeds-ground-egypt-herb-etwa-255x300.jpg 255w, https:\/\/www.herbetwa.net\/wp-content\/uploads\/2022\/04\/28-fennel-seeds-ground-egypt-herb-etwa-872x1024.jpg 872w, https:\/\/www.herbetwa.net\/wp-content\/uploads\/2022\/04\/28-fennel-seeds-ground-egypt-herb-etwa-768x902.jpg 768w\" sizes=\"auto, (max-width: 900px) 100vw, 900px\" \/><\/a><\/figure>\n\n\n\n<figure class=\"wp-block-image size-medium\"><a href=\"https:\/\/herbetwa-com-842510.hostingersite.com\/wp-content\/uploads\/2022\/04\/28-fennel-green-egypt-herb-etwa.png\"><img loading=\"lazy\" decoding=\"async\" width=\"2500\" height=\"2500\" data-id=\"173\" src=\"https:\/\/herbetwa-com-842510.hostingersite.com\/wp-content\/uploads\/2022\/04\/28-fennel-green-egypt-herb-etwa.png\" alt=\"\" class=\"wp-image-173\" srcset=\"https:\/\/www.herbetwa.net\/wp-content\/uploads\/2022\/04\/28-fennel-green-egypt-herb-etwa.png 2500w, https:\/\/www.herbetwa.net\/wp-content\/uploads\/2022\/04\/28-fennel-green-egypt-herb-etwa-300x300.png 300w, https:\/\/www.herbetwa.net\/wp-content\/uploads\/2022\/04\/28-fennel-green-egypt-herb-etwa-1024x1024.png 1024w, https:\/\/www.herbetwa.net\/wp-content\/uploads\/2022\/04\/28-fennel-green-egypt-herb-etwa-150x150.png 150w, https:\/\/www.herbetwa.net\/wp-content\/uploads\/2022\/04\/28-fennel-green-egypt-herb-etwa-768x768.png 768w, https:\/\/www.herbetwa.net\/wp-content\/uploads\/2022\/04\/28-fennel-green-egypt-herb-etwa-1536x1536.png 1536w, https:\/\/www.herbetwa.net\/wp-content\/uploads\/2022\/04\/28-fennel-green-egypt-herb-etwa-2048x2048.png 2048w\" sizes=\"auto, (max-width: 2500px) 100vw, 2500px\" \/><\/a><\/figure>\n<\/figure>\n","protected":false},"featured_media":434,"template":"","product-category":[26],"class_list":["post-1066","product","type-product","status-publish","has-post-thumbnail","hentry","product-category-samen"],"yoast_head":"<!-- This site is optimized with the Yoast SEO Premium plugin v16.6 (Yoast SEO v27.4) - https:\/\/yoast.com\/product\/yoast-seo-premium-wordpress\/ -->\n<title>Fenchelsamen Sch\u00fcttung verkaufen |Herb Etwa| JETZT zitieren<\/title>\n<meta name=\"description\" content=\"Vertrauensw\u00fcrdiger Kr\u00e4uterlieferant von Fenchelsamen. Verkauf Sch\u00fcttung f\u00fcr Kr\u00e4utergro\u00dfh\u00e4ndler und -verteiler FORDERN SIE IHRE KOSTENLOSE PROBE AN\" \/>\n<meta name=\"robots\" content=\"index, follow, max-snippet:-1, max-image-preview:large, max-video-preview:-1\" \/>\n<link rel=\"canonical\" href=\"https:\/\/herbetwa.net\/de\/product\/fenchel-ganz\/\" \/>\n<meta property=\"og:locale\" content=\"de_DE\" \/>\n<meta property=\"og:type\" content=\"article\" \/>\n<meta property=\"og:title\" content=\"Fenchel Ganz\" \/>\n<meta property=\"og:description\" content=\"Vertrauensw\u00fcrdiger Kr\u00e4uterlieferant von Fenchelsamen. Verkauf Sch\u00fcttung f\u00fcr Kr\u00e4utergro\u00dfh\u00e4ndler und -verteiler FORDERN SIE IHRE KOSTENLOSE PROBE AN\" \/>\n<meta property=\"og:url\" content=\"https:\/\/herbetwa.net\/de\/product\/fenchel-ganz\/\" \/>\n<meta property=\"og:site_name\" content=\"Herb Etwa\" \/>\n<meta property=\"article:modified_time\" content=\"2022-05-18T08:30:28+00:00\" \/>\n<meta property=\"og:image\" content=\"https:\/\/herbetwa.net\/wp-content\/uploads\/2022\/04\/28-fennel-seeds-egypt-herb-etwa.png\" \/>\n\t<meta property=\"og:image:width\" content=\"724\" \/>\n\t<meta property=\"og:image:height\" content=\"549\" \/>\n\t<meta property=\"og:image:type\" content=\"image\/png\" \/>\n<meta name=\"twitter:card\" content=\"summary_large_image\" \/>\n<meta name=\"twitter:label1\" content=\"Gesch\u00e4tzte Lesezeit\" \/>\n\t<meta name=\"twitter:data1\" content=\"2\u00a0Minuten\" \/>\n<script type=\"application\/ld+json\" class=\"yoast-schema-graph\">{\"@context\":\"https:\\\/\\\/schema.org\",\"@graph\":[{\"@type\":\"WebPage\",\"@id\":\"https:\\\/\\\/herbetwa.net\\\/de\\\/product\\\/fenchel-ganz\\\/\",\"url\":\"https:\\\/\\\/herbetwa.net\\\/de\\\/product\\\/fenchel-ganz\\\/\",\"name\":\"Fenchelsamen Sch\u00fcttung verkaufen |Herb Etwa| JETZT zitieren\",\"isPartOf\":{\"@id\":\"https:\\\/\\\/herbetwa.net\\\/en\\\/#website\"},\"primaryImageOfPage\":{\"@id\":\"https:\\\/\\\/herbetwa.net\\\/de\\\/product\\\/fenchel-ganz\\\/#primaryimage\"},\"image\":{\"@id\":\"https:\\\/\\\/herbetwa.net\\\/de\\\/product\\\/fenchel-ganz\\\/#primaryimage\"},\"thumbnailUrl\":\"https:\\\/\\\/www.herbetwa.net\\\/wp-content\\\/uploads\\\/2022\\\/04\\\/28-fennel-seeds-egypt-herb-etwa.png\",\"datePublished\":\"2022-04-03T17:46:27+00:00\",\"dateModified\":\"2022-05-18T08:30:28+00:00\",\"description\":\"Vertrauensw\u00fcrdiger Kr\u00e4uterlieferant von Fenchelsamen. Verkauf Sch\u00fcttung f\u00fcr Kr\u00e4utergro\u00dfh\u00e4ndler und -verteiler FORDERN SIE IHRE KOSTENLOSE PROBE AN\",\"breadcrumb\":{\"@id\":\"https:\\\/\\\/herbetwa.net\\\/de\\\/product\\\/fenchel-ganz\\\/#breadcrumb\"},\"inLanguage\":\"de\",\"potentialAction\":[{\"@type\":\"ReadAction\",\"target\":[\"https:\\\/\\\/herbetwa.net\\\/de\\\/product\\\/fenchel-ganz\\\/\"]}]},{\"@type\":\"ImageObject\",\"inLanguage\":\"de\",\"@id\":\"https:\\\/\\\/herbetwa.net\\\/de\\\/product\\\/fenchel-ganz\\\/#primaryimage\",\"url\":\"https:\\\/\\\/www.herbetwa.net\\\/wp-content\\\/uploads\\\/2022\\\/04\\\/28-fennel-seeds-egypt-herb-etwa.png\",\"contentUrl\":\"https:\\\/\\\/www.herbetwa.net\\\/wp-content\\\/uploads\\\/2022\\\/04\\\/28-fennel-seeds-egypt-herb-etwa.png\",\"width\":724,\"height\":549,\"caption\":\"Egyptian Fennel seeds\"},{\"@type\":\"BreadcrumbList\",\"@id\":\"https:\\\/\\\/herbetwa.net\\\/de\\\/product\\\/fenchel-ganz\\\/#breadcrumb\",\"itemListElement\":[{\"@type\":\"ListItem\",\"position\":1,\"name\":\"Home\",\"item\":\"https:\\\/\\\/herbetwa.net\\\/de\\\/\"},{\"@type\":\"ListItem\",\"position\":2,\"name\":\"Fenchel Ganz\"}]},{\"@type\":\"WebSite\",\"@id\":\"https:\\\/\\\/herbetwa.net\\\/en\\\/#website\",\"url\":\"https:\\\/\\\/herbetwa.net\\\/en\\\/\",\"name\":\"Herb Etwa\",\"description\":\"Herbs and Spices From Middle East\",\"potentialAction\":[{\"@type\":\"SearchAction\",\"target\":{\"@type\":\"EntryPoint\",\"urlTemplate\":\"https:\\\/\\\/herbetwa.net\\\/en\\\/?s={search_term_string}\"},\"query-input\":{\"@type\":\"PropertyValueSpecification\",\"valueRequired\":true,\"valueName\":\"search_term_string\"}}],\"inLanguage\":\"de\"}]}<\/script>\n<!-- \/ Yoast SEO Premium plugin. -->","yoast_head_json":{"title":"Fenchelsamen Sch\u00fcttung verkaufen |Herb Etwa| JETZT zitieren","description":"Vertrauensw\u00fcrdiger Kr\u00e4uterlieferant von Fenchelsamen. Verkauf Sch\u00fcttung f\u00fcr Kr\u00e4utergro\u00dfh\u00e4ndler und -verteiler FORDERN SIE IHRE KOSTENLOSE PROBE AN","robots":{"index":"index","follow":"follow","max-snippet":"max-snippet:-1","max-image-preview":"max-image-preview:large","max-video-preview":"max-video-preview:-1"},"canonical":"https:\/\/herbetwa.net\/de\/product\/fenchel-ganz\/","og_locale":"de_DE","og_type":"article","og_title":"Fenchel Ganz","og_description":"Vertrauensw\u00fcrdiger Kr\u00e4uterlieferant von Fenchelsamen. Verkauf Sch\u00fcttung f\u00fcr Kr\u00e4utergro\u00dfh\u00e4ndler und -verteiler FORDERN SIE IHRE KOSTENLOSE PROBE AN","og_url":"https:\/\/herbetwa.net\/de\/product\/fenchel-ganz\/","og_site_name":"Herb Etwa","article_modified_time":"2022-05-18T08:30:28+00:00","og_image":[{"width":724,"height":549,"url":"https:\/\/herbetwa.net\/wp-content\/uploads\/2022\/04\/28-fennel-seeds-egypt-herb-etwa.png","type":"image\/png"}],"twitter_card":"summary_large_image","twitter_misc":{"Gesch\u00e4tzte Lesezeit":"2\u00a0Minuten"},"schema":{"@context":"https:\/\/schema.org","@graph":[{"@type":"WebPage","@id":"https:\/\/herbetwa.net\/de\/product\/fenchel-ganz\/","url":"https:\/\/herbetwa.net\/de\/product\/fenchel-ganz\/","name":"Fenchelsamen Sch\u00fcttung verkaufen |Herb Etwa| JETZT zitieren","isPartOf":{"@id":"https:\/\/herbetwa.net\/en\/#website"},"primaryImageOfPage":{"@id":"https:\/\/herbetwa.net\/de\/product\/fenchel-ganz\/#primaryimage"},"image":{"@id":"https:\/\/herbetwa.net\/de\/product\/fenchel-ganz\/#primaryimage"},"thumbnailUrl":"https:\/\/www.herbetwa.net\/wp-content\/uploads\/2022\/04\/28-fennel-seeds-egypt-herb-etwa.png","datePublished":"2022-04-03T17:46:27+00:00","dateModified":"2022-05-18T08:30:28+00:00","description":"Vertrauensw\u00fcrdiger Kr\u00e4uterlieferant von Fenchelsamen. Verkauf Sch\u00fcttung f\u00fcr Kr\u00e4utergro\u00dfh\u00e4ndler und -verteiler FORDERN SIE IHRE KOSTENLOSE PROBE AN","breadcrumb":{"@id":"https:\/\/herbetwa.net\/de\/product\/fenchel-ganz\/#breadcrumb"},"inLanguage":"de","potentialAction":[{"@type":"ReadAction","target":["https:\/\/herbetwa.net\/de\/product\/fenchel-ganz\/"]}]},{"@type":"ImageObject","inLanguage":"de","@id":"https:\/\/herbetwa.net\/de\/product\/fenchel-ganz\/#primaryimage","url":"https:\/\/www.herbetwa.net\/wp-content\/uploads\/2022\/04\/28-fennel-seeds-egypt-herb-etwa.png","contentUrl":"https:\/\/www.herbetwa.net\/wp-content\/uploads\/2022\/04\/28-fennel-seeds-egypt-herb-etwa.png","width":724,"height":549,"caption":"Egyptian Fennel seeds"},{"@type":"BreadcrumbList","@id":"https:\/\/herbetwa.net\/de\/product\/fenchel-ganz\/#breadcrumb","itemListElement":[{"@type":"ListItem","position":1,"name":"Home","item":"https:\/\/herbetwa.net\/de\/"},{"@type":"ListItem","position":2,"name":"Fenchel Ganz"}]},{"@type":"WebSite","@id":"https:\/\/herbetwa.net\/en\/#website","url":"https:\/\/herbetwa.net\/en\/","name":"Herb Etwa","description":"Herbs and Spices From Middle East","potentialAction":[{"@type":"SearchAction","target":{"@type":"EntryPoint","urlTemplate":"https:\/\/herbetwa.net\/en\/?s={search_term_string}"},"query-input":{"@type":"PropertyValueSpecification","valueRequired":true,"valueName":"search_term_string"}}],"inLanguage":"de"}]}},"_links":{"self":[{"href":"https:\/\/www.herbetwa.net\/de\/wp-json\/wp\/v2\/product\/1066","targetHints":{"allow":["GET"]}}],"collection":[{"href":"https:\/\/www.herbetwa.net\/de\/wp-json\/wp\/v2\/product"}],"about":[{"href":"https:\/\/www.herbetwa.net\/de\/wp-json\/wp\/v2\/types\/product"}],"wp:featuredmedia":[{"embeddable":true,"href":"https:\/\/www.herbetwa.net\/de\/wp-json\/wp\/v2\/media\/434"}],"wp:attachment":[{"href":"https:\/\/www.herbetwa.net\/de\/wp-json\/wp\/v2\/media?parent=1066"}],"wp:term":[{"taxonomy":"product-category","embeddable":true,"href":"https:\/\/www.herbetwa.net\/de\/wp-json\/wp\/v2\/product-category?post=1066"}],"curies":[{"name":"wp","href":"https:\/\/api.w.org\/{rel}","templated":true}]}}