{"id":1061,"date":"2022-04-03T20:44:35","date_gmt":"2022-04-03T17:44:35","guid":{"rendered":"https:\/\/herbetwa-com-842510.hostingersite.com\/product\/coriander-seeds\/"},"modified":"2022-05-18T11:30:55","modified_gmt":"2022-05-18T08:30:55","slug":"koriander","status":"publish","type":"product","link":"https:\/\/www.herbetwa.net\/de\/product\/koriander\/","title":{"rendered":"Koriander"},"content":{"rendered":"\n<p>Koriandersamen werden in vielen Gerichten als Gew\u00fcrz verwendet. Sie sind daf\u00fcr bekannt, Krebs vorzubeugen, den Cholesterinspiegel zu senken und das Immunsystem zu st\u00e4rken.<\/p>\n\n\n\n<p>Koriandersamen enthalten gro\u00dfe Mengen an Antioxidantien, die vor Herzkrankheiten, Diabetes und anderen Krankheiten sch\u00fctzen k\u00f6nnen. Es hat eine lange Geschichte der Verwendung als Medizin. Die amerikanischen Ureinwohner verwendeten sie zur Behandlung von Husten, Erk\u00e4ltungen und Grippe.<\/p>\n\n\n\n<p>Koriandersamen wurden einst in \u00c4gypten als Zahlungsmittel verwendet.<\/p>\n\n\n\n<p><strong>Name:<\/strong>Coriander ganz<\/p>\n\n\n\n<p><strong>Botanischer Name:<\/strong>Coriandrum Sativum<\/p>\n\n\n\n<p><strong>Form:<\/strong> ganze Samen<\/p>\n\n\n\n<p><strong>Qualit\u00e4t: <\/strong>90\/95\/99,5 % gereinigt gereinigt<\/p>\n\n\n\n<p><strong>Paket: <\/strong>25 kg Nettogewicht, 50 kg Nettogewicht PP- oder Papiert\u00fcten<\/p>\n\n\n\n<p><strong>Qualit\u00e4t:<\/strong><\/p>\n\n\n\n<p>Klasse A: 99 %<\/p>\n\n\n\n<p>Klasse B: 95 %<\/p>\n\n\n\n<p><strong>Verf\u00fcgbarkeit: <\/strong>Die Ernte beginnt im Mai und ist das ganze Jahr auf Lager.<\/p>\n\n\n\n<p><strong>Beh\u00e4lterkapazit\u00e4t:<\/strong><\/p>\n\n\n\n<p>20 FCL-Container 10 Tonnen<\/p>\n\n\n\n<p>40 FCL-Container 20 Tonnen<\/p>\n\n\n\n<p><strong>Dieses Produkt<\/strong> <strong>ist auch in verschiedenen Formaten erh\u00e4ltlich:<\/strong><\/p>\n\n\n\n<p>. 2-4 mm zerkleinerte Korianderbl\u00e4tter<\/p>\n\n\n\n<p>\u00b7 Staub<\/p>\n\n\n\n<p>\u00b7 Eine Nadel einschneiden<\/p>\n\n\n\n<p><strong>Ursprung:<\/strong> \u00c4gypten<\/p>\n\n\n\n<figure class=\"wp-block-gallery has-nested-images columns-4 is-cropped wp-block-gallery-1 is-layout-flex wp-block-gallery-is-layout-flex\">\n<figure class=\"wp-block-image size-large\"><img loading=\"lazy\" decoding=\"async\" width=\"1024\" height=\"1024\" data-id=\"171\" src=\"https:\/\/herbetwa-com-842510.hostingersite.com\/wp-content\/uploads\/2022\/04\/27-coriander-seed-egypt-herb-etwa.jpg\" alt=\"Egyptian whole Coriander Seeds Selling In bulk\" class=\"wp-image-171\" srcset=\"https:\/\/www.herbetwa.net\/wp-content\/uploads\/2022\/04\/27-coriander-seed-egypt-herb-etwa.jpg 1024w, https:\/\/www.herbetwa.net\/wp-content\/uploads\/2022\/04\/27-coriander-seed-egypt-herb-etwa-300x300.jpg 300w, https:\/\/www.herbetwa.net\/wp-content\/uploads\/2022\/04\/27-coriander-seed-egypt-herb-etwa-150x150.jpg 150w, https:\/\/www.herbetwa.net\/wp-content\/uploads\/2022\/04\/27-coriander-seed-egypt-herb-etwa-768x768.jpg 768w\" sizes=\"auto, (max-width: 1024px) 100vw, 1024px\" \/><\/figure>\n\n\n\n<figure class=\"wp-block-image size-large\"><img loading=\"lazy\" decoding=\"async\" width=\"900\" height=\"1057\" data-id=\"170\" src=\"https:\/\/herbetwa-com-842510.hostingersite.com\/wp-content\/uploads\/2022\/04\/27-coriander-ground-egypt-herb-etwa.jpg\" alt=\"Egyptian Ground Coriander Seeds Selling In bulk\" class=\"wp-image-170\" srcset=\"https:\/\/www.herbetwa.net\/wp-content\/uploads\/2022\/04\/27-coriander-ground-egypt-herb-etwa.jpg 900w, https:\/\/www.herbetwa.net\/wp-content\/uploads\/2022\/04\/27-coriander-ground-egypt-herb-etwa-255x300.jpg 255w, https:\/\/www.herbetwa.net\/wp-content\/uploads\/2022\/04\/27-coriander-ground-egypt-herb-etwa-872x1024.jpg 872w, https:\/\/www.herbetwa.net\/wp-content\/uploads\/2022\/04\/27-coriander-ground-egypt-herb-etwa-768x902.jpg 768w\" sizes=\"auto, (max-width: 900px) 100vw, 900px\" \/><\/figure>\n\n\n\n<figure class=\"wp-block-image size-full is-style-default\"><img loading=\"lazy\" decoding=\"async\" width=\"1024\" height=\"902\" data-id=\"168\" src=\"https:\/\/herbetwa-com-842510.hostingersite.com\/wp-content\/uploads\/2022\/04\/27-coriander-egypt-herb-etwa.png\" alt=\"Egyptian Green Coriander\" class=\"wp-image-168\" srcset=\"https:\/\/www.herbetwa.net\/wp-content\/uploads\/2022\/04\/27-coriander-egypt-herb-etwa.png 1024w, https:\/\/www.herbetwa.net\/wp-content\/uploads\/2022\/04\/27-coriander-egypt-herb-etwa-300x264.png 300w, https:\/\/www.herbetwa.net\/wp-content\/uploads\/2022\/04\/27-coriander-egypt-herb-etwa-768x677.png 768w\" sizes=\"auto, (max-width: 1024px) 100vw, 1024px\" \/><\/figure>\n<\/figure>\n","protected":false},"featured_media":430,"template":"","product-category":[26],"class_list":["post-1061","product","type-product","status-publish","has-post-thumbnail","hentry","product-category-samen"],"yoast_head":"<!-- This site is optimized with the Yoast SEO Premium plugin v16.6 (Yoast SEO v27.4) - https:\/\/yoast.com\/product\/yoast-seo-premium-wordpress\/ -->\n<title>Koriander samen gro\u00dfen verkauft | Herb Etwa | JETZT zitieren<\/title>\n<meta name=\"description\" content=\"Vertrauensw\u00fcrdiger Kr\u00e4uterlieferant von Koriandersamen. Verkauf Sch\u00fcttung f\u00fcr Kr\u00e4utergro\u00dfh\u00e4ndler und -verteiler FORDERN SIE IHRE KOSTENLOSE PROBE AN\" \/>\n<meta name=\"robots\" content=\"index, follow, max-snippet:-1, max-image-preview:large, max-video-preview:-1\" \/>\n<link rel=\"canonical\" href=\"https:\/\/www.herbetwa.net\/de\/product\/koriander\/\" \/>\n<meta property=\"og:locale\" content=\"de_DE\" \/>\n<meta property=\"og:type\" content=\"article\" \/>\n<meta property=\"og:title\" content=\"Koriander\" \/>\n<meta property=\"og:description\" content=\"Vertrauensw\u00fcrdiger Kr\u00e4uterlieferant von Koriandersamen. Verkauf Sch\u00fcttung f\u00fcr Kr\u00e4utergro\u00dfh\u00e4ndler und -verteiler FORDERN SIE IHRE KOSTENLOSE PROBE AN\" \/>\n<meta property=\"og:url\" content=\"https:\/\/www.herbetwa.net\/de\/product\/koriander\/\" \/>\n<meta property=\"og:site_name\" content=\"Herb Etwa\" \/>\n<meta property=\"article:modified_time\" content=\"2022-05-18T08:30:55+00:00\" \/>\n<meta property=\"og:image\" content=\"https:\/\/www.herbetwa.net\/wp-content\/uploads\/2022\/04\/27-coriander-seed-egypt-herb-etwa.jpg\" \/>\n\t<meta property=\"og:image:width\" content=\"1024\" \/>\n\t<meta property=\"og:image:height\" content=\"1024\" \/>\n\t<meta property=\"og:image:type\" content=\"image\/jpeg\" \/>\n<meta name=\"twitter:card\" content=\"summary_large_image\" \/>\n<meta name=\"twitter:label1\" content=\"Gesch\u00e4tzte Lesezeit\" \/>\n\t<meta name=\"twitter:data1\" content=\"2\u00a0Minuten\" \/>\n<script type=\"application\/ld+json\" class=\"yoast-schema-graph\">{\"@context\":\"https:\\\/\\\/schema.org\",\"@graph\":[{\"@type\":\"WebPage\",\"@id\":\"https:\\\/\\\/www.herbetwa.net\\\/de\\\/product\\\/koriander\\\/\",\"url\":\"https:\\\/\\\/www.herbetwa.net\\\/de\\\/product\\\/koriander\\\/\",\"name\":\"Koriander samen gro\u00dfen verkauft | Herb Etwa | JETZT zitieren\",\"isPartOf\":{\"@id\":\"https:\\\/\\\/herbetwa.net\\\/en\\\/#website\"},\"primaryImageOfPage\":{\"@id\":\"https:\\\/\\\/www.herbetwa.net\\\/de\\\/product\\\/koriander\\\/#primaryimage\"},\"image\":{\"@id\":\"https:\\\/\\\/www.herbetwa.net\\\/de\\\/product\\\/koriander\\\/#primaryimage\"},\"thumbnailUrl\":\"https:\\\/\\\/www.herbetwa.net\\\/wp-content\\\/uploads\\\/2022\\\/04\\\/27-coriander-seed-egypt-herb-etwa.jpg\",\"datePublished\":\"2022-04-03T17:44:35+00:00\",\"dateModified\":\"2022-05-18T08:30:55+00:00\",\"description\":\"Vertrauensw\u00fcrdiger Kr\u00e4uterlieferant von Koriandersamen. Verkauf Sch\u00fcttung f\u00fcr Kr\u00e4utergro\u00dfh\u00e4ndler und -verteiler FORDERN SIE IHRE KOSTENLOSE PROBE AN\",\"breadcrumb\":{\"@id\":\"https:\\\/\\\/www.herbetwa.net\\\/de\\\/product\\\/koriander\\\/#breadcrumb\"},\"inLanguage\":\"de\",\"potentialAction\":[{\"@type\":\"ReadAction\",\"target\":[\"https:\\\/\\\/www.herbetwa.net\\\/de\\\/product\\\/koriander\\\/\"]}]},{\"@type\":\"ImageObject\",\"inLanguage\":\"de\",\"@id\":\"https:\\\/\\\/www.herbetwa.net\\\/de\\\/product\\\/koriander\\\/#primaryimage\",\"url\":\"https:\\\/\\\/www.herbetwa.net\\\/wp-content\\\/uploads\\\/2022\\\/04\\\/27-coriander-seed-egypt-herb-etwa.jpg\",\"contentUrl\":\"https:\\\/\\\/www.herbetwa.net\\\/wp-content\\\/uploads\\\/2022\\\/04\\\/27-coriander-seed-egypt-herb-etwa.jpg\",\"width\":1024,\"height\":1024,\"caption\":\"Egyptian whole Coriander Seeds Selling In bulk\"},{\"@type\":\"BreadcrumbList\",\"@id\":\"https:\\\/\\\/www.herbetwa.net\\\/de\\\/product\\\/koriander\\\/#breadcrumb\",\"itemListElement\":[{\"@type\":\"ListItem\",\"position\":1,\"name\":\"Home\",\"item\":\"https:\\\/\\\/herbetwa.net\\\/de\\\/\"},{\"@type\":\"ListItem\",\"position\":2,\"name\":\"Koriander\"}]},{\"@type\":\"WebSite\",\"@id\":\"https:\\\/\\\/herbetwa.net\\\/en\\\/#website\",\"url\":\"https:\\\/\\\/herbetwa.net\\\/en\\\/\",\"name\":\"Herb Etwa\",\"description\":\"Herbs and Spices From Middle East\",\"potentialAction\":[{\"@type\":\"SearchAction\",\"target\":{\"@type\":\"EntryPoint\",\"urlTemplate\":\"https:\\\/\\\/herbetwa.net\\\/en\\\/?s={search_term_string}\"},\"query-input\":{\"@type\":\"PropertyValueSpecification\",\"valueRequired\":true,\"valueName\":\"search_term_string\"}}],\"inLanguage\":\"de\"}]}<\/script>\n<!-- \/ Yoast SEO Premium plugin. -->","yoast_head_json":{"title":"Koriander samen gro\u00dfen verkauft | Herb Etwa | JETZT zitieren","description":"Vertrauensw\u00fcrdiger Kr\u00e4uterlieferant von Koriandersamen. Verkauf Sch\u00fcttung f\u00fcr Kr\u00e4utergro\u00dfh\u00e4ndler und -verteiler FORDERN SIE IHRE KOSTENLOSE PROBE AN","robots":{"index":"index","follow":"follow","max-snippet":"max-snippet:-1","max-image-preview":"max-image-preview:large","max-video-preview":"max-video-preview:-1"},"canonical":"https:\/\/www.herbetwa.net\/de\/product\/koriander\/","og_locale":"de_DE","og_type":"article","og_title":"Koriander","og_description":"Vertrauensw\u00fcrdiger Kr\u00e4uterlieferant von Koriandersamen. Verkauf Sch\u00fcttung f\u00fcr Kr\u00e4utergro\u00dfh\u00e4ndler und -verteiler FORDERN SIE IHRE KOSTENLOSE PROBE AN","og_url":"https:\/\/www.herbetwa.net\/de\/product\/koriander\/","og_site_name":"Herb Etwa","article_modified_time":"2022-05-18T08:30:55+00:00","og_image":[{"width":1024,"height":1024,"url":"https:\/\/www.herbetwa.net\/wp-content\/uploads\/2022\/04\/27-coriander-seed-egypt-herb-etwa.jpg","type":"image\/jpeg"}],"twitter_card":"summary_large_image","twitter_misc":{"Gesch\u00e4tzte Lesezeit":"2\u00a0Minuten"},"schema":{"@context":"https:\/\/schema.org","@graph":[{"@type":"WebPage","@id":"https:\/\/www.herbetwa.net\/de\/product\/koriander\/","url":"https:\/\/www.herbetwa.net\/de\/product\/koriander\/","name":"Koriander samen gro\u00dfen verkauft | Herb Etwa | JETZT zitieren","isPartOf":{"@id":"https:\/\/herbetwa.net\/en\/#website"},"primaryImageOfPage":{"@id":"https:\/\/www.herbetwa.net\/de\/product\/koriander\/#primaryimage"},"image":{"@id":"https:\/\/www.herbetwa.net\/de\/product\/koriander\/#primaryimage"},"thumbnailUrl":"https:\/\/www.herbetwa.net\/wp-content\/uploads\/2022\/04\/27-coriander-seed-egypt-herb-etwa.jpg","datePublished":"2022-04-03T17:44:35+00:00","dateModified":"2022-05-18T08:30:55+00:00","description":"Vertrauensw\u00fcrdiger Kr\u00e4uterlieferant von Koriandersamen. Verkauf Sch\u00fcttung f\u00fcr Kr\u00e4utergro\u00dfh\u00e4ndler und -verteiler FORDERN SIE IHRE KOSTENLOSE PROBE AN","breadcrumb":{"@id":"https:\/\/www.herbetwa.net\/de\/product\/koriander\/#breadcrumb"},"inLanguage":"de","potentialAction":[{"@type":"ReadAction","target":["https:\/\/www.herbetwa.net\/de\/product\/koriander\/"]}]},{"@type":"ImageObject","inLanguage":"de","@id":"https:\/\/www.herbetwa.net\/de\/product\/koriander\/#primaryimage","url":"https:\/\/www.herbetwa.net\/wp-content\/uploads\/2022\/04\/27-coriander-seed-egypt-herb-etwa.jpg","contentUrl":"https:\/\/www.herbetwa.net\/wp-content\/uploads\/2022\/04\/27-coriander-seed-egypt-herb-etwa.jpg","width":1024,"height":1024,"caption":"Egyptian whole Coriander Seeds Selling In bulk"},{"@type":"BreadcrumbList","@id":"https:\/\/www.herbetwa.net\/de\/product\/koriander\/#breadcrumb","itemListElement":[{"@type":"ListItem","position":1,"name":"Home","item":"https:\/\/herbetwa.net\/de\/"},{"@type":"ListItem","position":2,"name":"Koriander"}]},{"@type":"WebSite","@id":"https:\/\/herbetwa.net\/en\/#website","url":"https:\/\/herbetwa.net\/en\/","name":"Herb Etwa","description":"Herbs and Spices From Middle East","potentialAction":[{"@type":"SearchAction","target":{"@type":"EntryPoint","urlTemplate":"https:\/\/herbetwa.net\/en\/?s={search_term_string}"},"query-input":{"@type":"PropertyValueSpecification","valueRequired":true,"valueName":"search_term_string"}}],"inLanguage":"de"}]}},"_links":{"self":[{"href":"https:\/\/www.herbetwa.net\/de\/wp-json\/wp\/v2\/product\/1061","targetHints":{"allow":["GET"]}}],"collection":[{"href":"https:\/\/www.herbetwa.net\/de\/wp-json\/wp\/v2\/product"}],"about":[{"href":"https:\/\/www.herbetwa.net\/de\/wp-json\/wp\/v2\/types\/product"}],"wp:featuredmedia":[{"embeddable":true,"href":"https:\/\/www.herbetwa.net\/de\/wp-json\/wp\/v2\/media\/430"}],"wp:attachment":[{"href":"https:\/\/www.herbetwa.net\/de\/wp-json\/wp\/v2\/media?parent=1061"}],"wp:term":[{"taxonomy":"product-category","embeddable":true,"href":"https:\/\/www.herbetwa.net\/de\/wp-json\/wp\/v2\/product-category?post=1061"}],"curies":[{"name":"wp","href":"https:\/\/api.w.org\/{rel}","templated":true}]}}