{"id":1004,"date":"2022-04-03T20:28:17","date_gmt":"2022-04-03T17:28:17","guid":{"rendered":"https:\/\/herbetwa-com-842510.hostingersite.com\/product\/dried-basil\/"},"modified":"2022-05-18T11:27:16","modified_gmt":"2022-05-18T08:27:16","slug":"basilikum","status":"publish","type":"product","link":"https:\/\/www.herbetwa.net\/de\/product\/basilikum\/","title":{"rendered":"Basilikum"},"content":{"rendered":"\n<p>Basilikum ist ein Kraut, das seit Jahrhunderten verwendet wird, um Speisen Geschmack zu verleihen. Es ist ein beliebtes Kraut in vielen K\u00fcchen auf der ganzen Welt und kann frisch in Lebensmittelgesch\u00e4ften und auf M\u00e4rkten gefunden werden. Es wird oft zu Salaten, Suppen, Nudelgerichten, Sandwiches, Pizza, Dips, Saucen, Eint\u00f6pfen, Aufl\u00e4ufen, Reisgerichten, Gem\u00fcse und sogar Desserts hinzugef\u00fcgt!<\/p>\n\n\n\n<p>Es ist bekannt, dass Basilikum mehrere gesundheitliche Vorteile hat, darunter entz\u00fcndungshemmende Eigenschaften, immunst\u00e4rkende Wirkungen, antioxidative Aktivit\u00e4t und antimikrobielle Eigenschaften. Es enth\u00e4lt viel Vitamin K, Kalzium, Eisen, Magnesium, Mangan und Zink.<\/p>\n\n\n\n<p>Das Bio-Basilikum, das wir verkaufen, stammt aus der T\u00fcrkei und \u00c4gypten. Wir verwenden nur die besten Kr\u00e4uter und Gew\u00fcrze, um sicherzustellen, dass unsere Kunden Produkte von h\u00f6chster Qualit\u00e4t erhalten. Unser Bio-Basilikum wird ohne Pestizide, Herbizide oder chemische D\u00fcngemittel angebaut.<\/p>\n\n\n\n<p>Wir verkaufen dieses Bio-Basilikum in gro\u00dfen Mengen zu Gro\u00dfhandelspreisen. Wenn Sie daran interessiert sind, gro\u00dfe Mengen Bio-Basilikum zu kaufen, kontaktieren Sie uns bitte noch heute.<\/p>\n\n\n\n<p><strong>Name:<\/strong>Basilikum, getrocknete Basilikumbl\u00e4tter, Basilikum und Basilikum<\/p>\n\n\n\n<p><strong>Botanischer Name:<\/strong>Ocimum Basilicum.<\/p>\n\n\n\n<p><strong>Form:<\/strong> gro\u00dfe geschnittene Bl\u00e4tter 2-4 mm gerieben<\/p>\n\n\n\n<p><strong>Qualit\u00e4t: <\/strong>1. Klasse<\/p>\n\n\n\n<p><strong>Paket: <\/strong>20 kg Papiersack oder 25 kg PP-Beutel (Paket kann nach Kundenwunsch hergestellt werden)<\/p>\n\n\n\n<p><strong>Beh\u00e4lterkapazit\u00e4t:<\/strong><\/p>\n\n\n\n<p>20 FCL-Container 6 Tonnen<\/p>\n\n\n\n<p>40 FCL-Container 13 Tonnen<\/p>\n\n\n\n<p><strong>Verf\u00fcgbarkeit: <\/strong>Die Ernte beginnt im Juni und ist das ganze Jahr auf Lager.<\/p>\n\n\n\n<p><strong>Dieses Produkt ist auch in verschiedenen Formaten erh\u00e4ltlich:<\/strong><\/p>\n\n\n\n<p>\u00b7 Gemahlener Basilikum<\/p>\n\n\n\n<p>. Reines feines Basilikumpulver<\/p>\n\n\n\n<p><strong>Ursprung:<\/strong> \u00c4gypten<\/p>\n\n\n\n<figure class=\"wp-block-gallery has-nested-images columns-default is-cropped wp-block-gallery-1 is-layout-flex wp-block-gallery-is-layout-flex\">\n<figure class=\"wp-block-image size-large\"><img loading=\"lazy\" decoding=\"async\" width=\"1024\" height=\"1024\" data-id=\"134\" src=\"https:\/\/herbetwa-com-842510.hostingersite.com\/wp-content\/uploads\/2022\/04\/14-basil-fine-cut-egypt-herb-etwa.jpg\" alt=\"Organic Fine Cut Basil of Egyptian origin Using as food ingredient Selling In bulk\" class=\"wp-image-134\" srcset=\"https:\/\/www.herbetwa.net\/wp-content\/uploads\/2022\/04\/14-basil-fine-cut-egypt-herb-etwa.jpg 1024w, https:\/\/www.herbetwa.net\/wp-content\/uploads\/2022\/04\/14-basil-fine-cut-egypt-herb-etwa-300x300.jpg 300w, https:\/\/www.herbetwa.net\/wp-content\/uploads\/2022\/04\/14-basil-fine-cut-egypt-herb-etwa-150x150.jpg 150w, https:\/\/www.herbetwa.net\/wp-content\/uploads\/2022\/04\/14-basil-fine-cut-egypt-herb-etwa-768x768.jpg 768w\" sizes=\"auto, (max-width: 1024px) 100vw, 1024px\" \/><\/figure>\n\n\n\n<figure class=\"wp-block-image size-large\"><img loading=\"lazy\" decoding=\"async\" width=\"1024\" height=\"1024\" data-id=\"135\" src=\"https:\/\/herbetwa-com-842510.hostingersite.com\/wp-content\/uploads\/2022\/04\/14-basil-ground-egypt-herb-etwa.jpg\" alt=\"Organic Ground Basil of Turkish origin Selling In bulk\" class=\"wp-image-135\" srcset=\"https:\/\/www.herbetwa.net\/wp-content\/uploads\/2022\/04\/14-basil-ground-egypt-herb-etwa.jpg 1024w, https:\/\/www.herbetwa.net\/wp-content\/uploads\/2022\/04\/14-basil-ground-egypt-herb-etwa-300x300.jpg 300w, https:\/\/www.herbetwa.net\/wp-content\/uploads\/2022\/04\/14-basil-ground-egypt-herb-etwa-150x150.jpg 150w, https:\/\/www.herbetwa.net\/wp-content\/uploads\/2022\/04\/14-basil-ground-egypt-herb-etwa-768x768.jpg 768w\" sizes=\"auto, (max-width: 1024px) 100vw, 1024px\" \/><\/figure>\n<\/figure>\n","protected":false},"featured_media":382,"template":"","product-category":[24],"class_list":["post-1004","product","type-product","status-publish","has-post-thumbnail","hentry","product-category-gewurze"],"yoast_head":"<!-- This site is optimized with the Yoast SEO Premium plugin v16.6 (Yoast SEO v27.4) - https:\/\/yoast.com\/product\/yoast-seo-premium-wordpress\/ -->\n<title>Verkauf Basilikum in gro\u00dfen Mengen |Herb Etwa| JETZT zitieren<\/title>\n<meta name=\"description\" content=\"Vertrauensw\u00fcrdiger Kr\u00e4uterlieferant von Bio-Basilikum. Verkauf Sch\u00fcttung f\u00fcr Kr\u00e4utergro\u00dfh\u00e4ndler und -verteiler FORDERN SIE IHRE KOSTENLOSE PROBE AN\" \/>\n<meta name=\"robots\" content=\"index, follow, max-snippet:-1, max-image-preview:large, max-video-preview:-1\" \/>\n<link rel=\"canonical\" href=\"https:\/\/herbetwa.net\/de\/product\/basilikum\/\" \/>\n<meta property=\"og:locale\" content=\"de_DE\" \/>\n<meta property=\"og:type\" content=\"article\" \/>\n<meta property=\"og:title\" content=\"Basilikum\" \/>\n<meta property=\"og:description\" content=\"Vertrauensw\u00fcrdiger Kr\u00e4uterlieferant von Bio-Basilikum. Verkauf Sch\u00fcttung f\u00fcr Kr\u00e4utergro\u00dfh\u00e4ndler und -verteiler FORDERN SIE IHRE KOSTENLOSE PROBE AN\" \/>\n<meta property=\"og:url\" content=\"https:\/\/herbetwa.net\/de\/product\/basilikum\/\" \/>\n<meta property=\"og:site_name\" content=\"Herb Etwa\" \/>\n<meta property=\"article:modified_time\" content=\"2022-05-18T08:27:16+00:00\" \/>\n<meta property=\"og:image\" content=\"https:\/\/herbetwa.net\/wp-content\/uploads\/2022\/04\/14-basil-fine-cut-egypt-herb-etwa.jpg\" \/>\n\t<meta property=\"og:image:width\" content=\"1024\" \/>\n\t<meta property=\"og:image:height\" content=\"1024\" \/>\n\t<meta property=\"og:image:type\" content=\"image\/jpeg\" \/>\n<meta name=\"twitter:card\" content=\"summary_large_image\" \/>\n<meta name=\"twitter:label1\" content=\"Gesch\u00e4tzte Lesezeit\" \/>\n\t<meta name=\"twitter:data1\" content=\"2\u00a0Minuten\" \/>\n<script type=\"application\/ld+json\" class=\"yoast-schema-graph\">{\"@context\":\"https:\\\/\\\/schema.org\",\"@graph\":[{\"@type\":\"WebPage\",\"@id\":\"https:\\\/\\\/herbetwa.net\\\/de\\\/product\\\/basilikum\\\/\",\"url\":\"https:\\\/\\\/herbetwa.net\\\/de\\\/product\\\/basilikum\\\/\",\"name\":\"Verkauf Basilikum in gro\u00dfen Mengen |Herb Etwa| JETZT zitieren\",\"isPartOf\":{\"@id\":\"https:\\\/\\\/herbetwa.net\\\/en\\\/#website\"},\"primaryImageOfPage\":{\"@id\":\"https:\\\/\\\/herbetwa.net\\\/de\\\/product\\\/basilikum\\\/#primaryimage\"},\"image\":{\"@id\":\"https:\\\/\\\/herbetwa.net\\\/de\\\/product\\\/basilikum\\\/#primaryimage\"},\"thumbnailUrl\":\"https:\\\/\\\/www.herbetwa.net\\\/wp-content\\\/uploads\\\/2022\\\/04\\\/14-basil-fine-cut-egypt-herb-etwa.jpg\",\"datePublished\":\"2022-04-03T17:28:17+00:00\",\"dateModified\":\"2022-05-18T08:27:16+00:00\",\"description\":\"Vertrauensw\u00fcrdiger Kr\u00e4uterlieferant von Bio-Basilikum. Verkauf Sch\u00fcttung f\u00fcr Kr\u00e4utergro\u00dfh\u00e4ndler und -verteiler FORDERN SIE IHRE KOSTENLOSE PROBE AN\",\"breadcrumb\":{\"@id\":\"https:\\\/\\\/herbetwa.net\\\/de\\\/product\\\/basilikum\\\/#breadcrumb\"},\"inLanguage\":\"de\",\"potentialAction\":[{\"@type\":\"ReadAction\",\"target\":[\"https:\\\/\\\/herbetwa.net\\\/de\\\/product\\\/basilikum\\\/\"]}]},{\"@type\":\"ImageObject\",\"inLanguage\":\"de\",\"@id\":\"https:\\\/\\\/herbetwa.net\\\/de\\\/product\\\/basilikum\\\/#primaryimage\",\"url\":\"https:\\\/\\\/www.herbetwa.net\\\/wp-content\\\/uploads\\\/2022\\\/04\\\/14-basil-fine-cut-egypt-herb-etwa.jpg\",\"contentUrl\":\"https:\\\/\\\/www.herbetwa.net\\\/wp-content\\\/uploads\\\/2022\\\/04\\\/14-basil-fine-cut-egypt-herb-etwa.jpg\",\"width\":1024,\"height\":1024,\"caption\":\"Organic Fine Cut Basil of Egyptian origin Using as food ingredient Selling In bulk\"},{\"@type\":\"BreadcrumbList\",\"@id\":\"https:\\\/\\\/herbetwa.net\\\/de\\\/product\\\/basilikum\\\/#breadcrumb\",\"itemListElement\":[{\"@type\":\"ListItem\",\"position\":1,\"name\":\"Home\",\"item\":\"https:\\\/\\\/herbetwa.net\\\/de\\\/\"},{\"@type\":\"ListItem\",\"position\":2,\"name\":\"Basilikum\"}]},{\"@type\":\"WebSite\",\"@id\":\"https:\\\/\\\/herbetwa.net\\\/en\\\/#website\",\"url\":\"https:\\\/\\\/herbetwa.net\\\/en\\\/\",\"name\":\"Herb Etwa\",\"description\":\"Herbs and Spices From Middle East\",\"potentialAction\":[{\"@type\":\"SearchAction\",\"target\":{\"@type\":\"EntryPoint\",\"urlTemplate\":\"https:\\\/\\\/herbetwa.net\\\/en\\\/?s={search_term_string}\"},\"query-input\":{\"@type\":\"PropertyValueSpecification\",\"valueRequired\":true,\"valueName\":\"search_term_string\"}}],\"inLanguage\":\"de\"}]}<\/script>\n<!-- \/ Yoast SEO Premium plugin. -->","yoast_head_json":{"title":"Verkauf Basilikum in gro\u00dfen Mengen |Herb Etwa| JETZT zitieren","description":"Vertrauensw\u00fcrdiger Kr\u00e4uterlieferant von Bio-Basilikum. Verkauf Sch\u00fcttung f\u00fcr Kr\u00e4utergro\u00dfh\u00e4ndler und -verteiler FORDERN SIE IHRE KOSTENLOSE PROBE AN","robots":{"index":"index","follow":"follow","max-snippet":"max-snippet:-1","max-image-preview":"max-image-preview:large","max-video-preview":"max-video-preview:-1"},"canonical":"https:\/\/herbetwa.net\/de\/product\/basilikum\/","og_locale":"de_DE","og_type":"article","og_title":"Basilikum","og_description":"Vertrauensw\u00fcrdiger Kr\u00e4uterlieferant von Bio-Basilikum. Verkauf Sch\u00fcttung f\u00fcr Kr\u00e4utergro\u00dfh\u00e4ndler und -verteiler FORDERN SIE IHRE KOSTENLOSE PROBE AN","og_url":"https:\/\/herbetwa.net\/de\/product\/basilikum\/","og_site_name":"Herb Etwa","article_modified_time":"2022-05-18T08:27:16+00:00","og_image":[{"width":1024,"height":1024,"url":"https:\/\/herbetwa.net\/wp-content\/uploads\/2022\/04\/14-basil-fine-cut-egypt-herb-etwa.jpg","type":"image\/jpeg"}],"twitter_card":"summary_large_image","twitter_misc":{"Gesch\u00e4tzte Lesezeit":"2\u00a0Minuten"},"schema":{"@context":"https:\/\/schema.org","@graph":[{"@type":"WebPage","@id":"https:\/\/herbetwa.net\/de\/product\/basilikum\/","url":"https:\/\/herbetwa.net\/de\/product\/basilikum\/","name":"Verkauf Basilikum in gro\u00dfen Mengen |Herb Etwa| JETZT zitieren","isPartOf":{"@id":"https:\/\/herbetwa.net\/en\/#website"},"primaryImageOfPage":{"@id":"https:\/\/herbetwa.net\/de\/product\/basilikum\/#primaryimage"},"image":{"@id":"https:\/\/herbetwa.net\/de\/product\/basilikum\/#primaryimage"},"thumbnailUrl":"https:\/\/www.herbetwa.net\/wp-content\/uploads\/2022\/04\/14-basil-fine-cut-egypt-herb-etwa.jpg","datePublished":"2022-04-03T17:28:17+00:00","dateModified":"2022-05-18T08:27:16+00:00","description":"Vertrauensw\u00fcrdiger Kr\u00e4uterlieferant von Bio-Basilikum. Verkauf Sch\u00fcttung f\u00fcr Kr\u00e4utergro\u00dfh\u00e4ndler und -verteiler FORDERN SIE IHRE KOSTENLOSE PROBE AN","breadcrumb":{"@id":"https:\/\/herbetwa.net\/de\/product\/basilikum\/#breadcrumb"},"inLanguage":"de","potentialAction":[{"@type":"ReadAction","target":["https:\/\/herbetwa.net\/de\/product\/basilikum\/"]}]},{"@type":"ImageObject","inLanguage":"de","@id":"https:\/\/herbetwa.net\/de\/product\/basilikum\/#primaryimage","url":"https:\/\/www.herbetwa.net\/wp-content\/uploads\/2022\/04\/14-basil-fine-cut-egypt-herb-etwa.jpg","contentUrl":"https:\/\/www.herbetwa.net\/wp-content\/uploads\/2022\/04\/14-basil-fine-cut-egypt-herb-etwa.jpg","width":1024,"height":1024,"caption":"Organic Fine Cut Basil of Egyptian origin Using as food ingredient Selling In bulk"},{"@type":"BreadcrumbList","@id":"https:\/\/herbetwa.net\/de\/product\/basilikum\/#breadcrumb","itemListElement":[{"@type":"ListItem","position":1,"name":"Home","item":"https:\/\/herbetwa.net\/de\/"},{"@type":"ListItem","position":2,"name":"Basilikum"}]},{"@type":"WebSite","@id":"https:\/\/herbetwa.net\/en\/#website","url":"https:\/\/herbetwa.net\/en\/","name":"Herb Etwa","description":"Herbs and Spices From Middle East","potentialAction":[{"@type":"SearchAction","target":{"@type":"EntryPoint","urlTemplate":"https:\/\/herbetwa.net\/en\/?s={search_term_string}"},"query-input":{"@type":"PropertyValueSpecification","valueRequired":true,"valueName":"search_term_string"}}],"inLanguage":"de"}]}},"_links":{"self":[{"href":"https:\/\/www.herbetwa.net\/de\/wp-json\/wp\/v2\/product\/1004","targetHints":{"allow":["GET"]}}],"collection":[{"href":"https:\/\/www.herbetwa.net\/de\/wp-json\/wp\/v2\/product"}],"about":[{"href":"https:\/\/www.herbetwa.net\/de\/wp-json\/wp\/v2\/types\/product"}],"wp:featuredmedia":[{"embeddable":true,"href":"https:\/\/www.herbetwa.net\/de\/wp-json\/wp\/v2\/media\/382"}],"wp:attachment":[{"href":"https:\/\/www.herbetwa.net\/de\/wp-json\/wp\/v2\/media?parent=1004"}],"wp:term":[{"taxonomy":"product-category","embeddable":true,"href":"https:\/\/www.herbetwa.net\/de\/wp-json\/wp\/v2\/product-category?post=1004"}],"curies":[{"name":"wp","href":"https:\/\/api.w.org\/{rel}","templated":true}]}}